{"id":1965,"date":"2025-12-01T11:54:02","date_gmt":"2025-12-01T11:54:02","guid":{"rendered":"https:\/\/audiobook-24.com\/?post_type=product&#038;p=1965"},"modified":"2025-12-01T11:54:03","modified_gmt":"2025-12-01T11:54:03","slug":"%f0%9f%93%b1-erotik-e-reader-finally-legal-magazine-2014-01-original","status":"publish","type":"product","link":"https:\/\/audiobook-24.com\/en\/product\/%f0%9f%93%b1-erotik-e-reader-finally-legal-magazine-2014-01-original\/","title":{"rendered":"\ud83d\udcf1 Erotik E-Reader \u2013 Finally Legal Magazine \u2013 2014 \/ 01 Original"},"content":{"rendered":"<h1 data-start=\"197\" data-end=\"269\">\ud83d\udcf1 <strong data-start=\"202\" data-end=\"267\">Erotik E-Reader \u2013 Finally Legal Magazine \u2013 2014 \/ 01 Original<\/strong><\/h1>\n<h3 data-start=\"270\" data-end=\"362\">Frische Eleganz, nat\u00fcrliche Sinnlichkeit \u2013 eine moderne Ausgabe mit vollj\u00e4hrigen Models.<\/h3>\n<p data-start=\"364\" data-end=\"763\">Die <strong data-start=\"368\" data-end=\"423\">Finally Legal Magazine \u2013 Original Ausgabe 01 \/ 2014<\/strong> pr\u00e4sentiert professionell fotografierte Serien mit <strong data-start=\"475\" data-end=\"532\">jung wirkenden, jedoch garantiert vollj\u00e4hrigen Models<\/strong>, die in klaren, modernen und nat\u00fcrlichen Bildwelten inszeniert wurden. Die Ausgabe verbindet helle Farben, sanfte Lichtf\u00fchrung und eine zeitgem\u00e4\u00dfe, lebendige \u00c4sthetik, die dezente Erotik und stilvolle Eleganz harmonisch vereint.<\/p>\n<p data-start=\"765\" data-end=\"1039\">Die Fotostrecken zeigen authentische Posen, selbstbewusste Ausstrahlung und eine hochwertige fotografische Umsetzung. Jede Szene wirkt frisch, \u00e4sthetisch und visuell ausgewogen \u2013 perfekt f\u00fcr alle, die erwachsene Models in moderner, geschmackvoller Erotikfotografie sch\u00e4tzen.<\/p>\n<p data-start=\"1041\" data-end=\"1146\"><strong data-start=\"1041\" data-end=\"1146\">Ein digitales Magazin f\u00fcr Liebhaber nat\u00fcrlicher \u00c4sthetik, moderner Erotik und hochwertiger Fotokunst.<\/strong><\/p>\n<hr data-start=\"1148\" data-end=\"1151\" \/>\n<h3 data-start=\"1153\" data-end=\"1188\">\ud83d\udcd8 <strong data-start=\"1160\" data-end=\"1186\">Format: E-Reader (PDF)<\/strong><\/h3>\n<p data-start=\"1190\" data-end=\"1342\">\u2b07\ufe0f Sofortiger Download f\u00fcr Handy<br data-start=\"1222\" data-end=\"1225\" \/>\u2b07\ufe0f Sofortiger Download f\u00fcr PC<br data-start=\"1254\" data-end=\"1257\" \/>\u2b07\ufe0f Sofortiger Download f\u00fcrs Tablet<br data-start=\"1291\" data-end=\"1294\" \/>\u2b07\ufe0f PDF-Download kompatibel mit allen E-Readern<\/p>\n<p data-start=\"1344\" data-end=\"1381\"><strong data-start=\"1344\" data-end=\"1381\">Einmal gekauft \u2013 f\u00fcr immer deins!<\/strong><\/p>","protected":false},"excerpt":{"rendered":"<p>\ud83d\udcf1 Erotik E-Reader \u2013 Finally Legal Magazine \u2013 2014 \/ 01 Original Frische Eleganz, nat\u00fcrliche Sinnlichkeit \u2013 eine moderne Ausgabe mit vollj\u00e4hrigen Models. Die Finally Legal Magazine \u2013 Original Ausgabe 01 \/ 2014 pr\u00e4sentiert professionell fotografierte Serien mit jung wirkenden, jedoch garantiert vollj\u00e4hrigen Models, die in klaren, modernen und nat\u00fcrlichen Bildwelten inszeniert wurden. Die Ausgabe [&hellip;]<\/p>\n","protected":false},"featured_media":1966,"comment_status":"open","ping_status":"closed","template":"","meta":[],"product_brand":[],"product_cat":[45],"product_tag":[],"class_list":{"0":"post-1965","1":"product","2":"type-product","3":"status-publish","4":"has-post-thumbnail","6":"product_cat-finally-legal-erotikmagazin","8":"first","9":"instock","10":"sale","11":"virtual","12":"purchasable","13":"product-type-simple"},"jetpack_sharing_enabled":true,"_links":{"self":[{"href":"https:\/\/audiobook-24.com\/en\/wp-json\/wp\/v2\/product\/1965","targetHints":{"allow":["GET"]}}],"collection":[{"href":"https:\/\/audiobook-24.com\/en\/wp-json\/wp\/v2\/product"}],"about":[{"href":"https:\/\/audiobook-24.com\/en\/wp-json\/wp\/v2\/types\/product"}],"replies":[{"embeddable":true,"href":"https:\/\/audiobook-24.com\/en\/wp-json\/wp\/v2\/comments?post=1965"}],"wp:featuredmedia":[{"embeddable":true,"href":"https:\/\/audiobook-24.com\/en\/wp-json\/wp\/v2\/media\/1966"}],"wp:attachment":[{"href":"https:\/\/audiobook-24.com\/en\/wp-json\/wp\/v2\/media?parent=1965"}],"wp:term":[{"taxonomy":"product_brand","embeddable":true,"href":"https:\/\/audiobook-24.com\/en\/wp-json\/wp\/v2\/product_brand?post=1965"},{"taxonomy":"product_cat","embeddable":true,"href":"https:\/\/audiobook-24.com\/en\/wp-json\/wp\/v2\/product_cat?post=1965"},{"taxonomy":"product_tag","embeddable":true,"href":"https:\/\/audiobook-24.com\/en\/wp-json\/wp\/v2\/product_tag?post=1965"}],"curies":[{"name":"wp","href":"https:\/\/api.w.org\/{rel}","templated":true}]}}