{"id":1963,"date":"2025-12-01T11:50:51","date_gmt":"2025-12-01T11:50:51","guid":{"rendered":"https:\/\/audiobook-24.com\/?post_type=product&#038;p=1963"},"modified":"2025-12-01T11:50:52","modified_gmt":"2025-12-01T11:50:52","slug":"%f0%9f%93%b1-erotik-e-reader-finally-legal-magazine-2013-11-original","status":"publish","type":"product","link":"https:\/\/audiobook-24.com\/en\/product\/%f0%9f%93%b1-erotik-e-reader-finally-legal-magazine-2013-11-original\/","title":{"rendered":"\ud83d\udcf1 Erotik E-Reader \u2013 Finally Legal Magazine \u2013 2013 \/ 11 Original"},"content":{"rendered":"<hr data-start=\"206\" data-end=\"209\" \/>\n<h1 data-start=\"211\" data-end=\"283\">\ud83d\udcf1 <strong data-start=\"216\" data-end=\"281\">Erotik E-Reader \u2013 Finally Legal Magazine \u2013 2013 \/ 11 Original<\/strong><\/h1>\n<h3 data-start=\"284\" data-end=\"371\">Klare Linien, moderne Sinnlichkeit \u2013 eine elegante Ausgabe mit vollj\u00e4hrigen Models.<\/h3>\n<p data-start=\"373\" data-end=\"765\">Die <strong data-start=\"377\" data-end=\"432\">Finally Legal Magazine \u2013 Original Ausgabe 11 \/ 2013<\/strong> pr\u00e4sentiert hochwertig produzierte Fotostrecken mit <strong data-start=\"485\" data-end=\"542\">jung wirkenden, jedoch garantiert vollj\u00e4hrigen Models<\/strong>, die in einer modernen, nat\u00fcrlichen \u00c4sthetik inszeniert wurden. Diese Edition kombiniert helle Farben, pr\u00e4zise Bildgestaltung und eine frische, zeitgem\u00e4\u00dfe Bildsprache, die dezente Erotik und Eleganz harmonisch verbindet.<\/p>\n<p data-start=\"767\" data-end=\"1014\">Die Serien zeichnen sich durch authentische Ausstrahlung, selbstbewusste Posen und professionelles Fotodesign aus. Jede Szene vermittelt Leichtigkeit, Stil und eine geschmackvolle Form der erotischen Pr\u00e4sentation, die ohne \u00dcbertreibungen auskommt.<\/p>\n<p data-start=\"1016\" data-end=\"1140\"><strong data-start=\"1016\" data-end=\"1140\">Ein digitales Magazin f\u00fcr Liebhaber moderner Erotikfotografie, erwachsener Models und zeitgem\u00e4\u00dfer, nat\u00fcrlicher \u00c4sthetik.<\/strong><\/p>\n<hr data-start=\"1142\" data-end=\"1145\" \/>\n<h3 data-start=\"1147\" data-end=\"1182\">\ud83d\udcd8 <strong data-start=\"1154\" data-end=\"1180\">Format: E-Reader (PDF)<\/strong><\/h3>\n<p data-start=\"1184\" data-end=\"1336\">\u2b07\ufe0f Sofortiger Download f\u00fcr Handy<br data-start=\"1216\" data-end=\"1219\" \/>\u2b07\ufe0f Sofortiger Download f\u00fcr PC<br data-start=\"1248\" data-end=\"1251\" \/>\u2b07\ufe0f Sofortiger Download f\u00fcrs Tablet<br data-start=\"1285\" data-end=\"1288\" \/>\u2b07\ufe0f PDF-Download kompatibel mit allen E-Readern<\/p>\n<p data-start=\"1338\" data-end=\"1375\"><strong data-start=\"1338\" data-end=\"1375\">Einmal gekauft \u2013 f\u00fcr immer deins!<\/strong><\/p>","protected":false},"excerpt":{"rendered":"<p>\ud83d\udcf1 Erotik E-Reader \u2013 Finally Legal Magazine \u2013 2013 \/ 11 Original Klare Linien, moderne Sinnlichkeit \u2013 eine elegante Ausgabe mit vollj\u00e4hrigen Models. Die Finally Legal Magazine \u2013 Original Ausgabe 11 \/ 2013 pr\u00e4sentiert hochwertig produzierte Fotostrecken mit jung wirkenden, jedoch garantiert vollj\u00e4hrigen Models, die in einer modernen, nat\u00fcrlichen \u00c4sthetik inszeniert wurden. Diese Edition kombiniert [&hellip;]<\/p>\n","protected":false},"featured_media":1964,"comment_status":"open","ping_status":"closed","template":"","meta":[],"product_brand":[],"product_cat":[45],"product_tag":[],"class_list":{"0":"post-1963","1":"product","2":"type-product","3":"status-publish","4":"has-post-thumbnail","6":"product_cat-finally-legal-erotikmagazin","8":"first","9":"instock","10":"sale","11":"virtual","12":"purchasable","13":"product-type-simple"},"jetpack_sharing_enabled":true,"_links":{"self":[{"href":"https:\/\/audiobook-24.com\/en\/wp-json\/wp\/v2\/product\/1963","targetHints":{"allow":["GET"]}}],"collection":[{"href":"https:\/\/audiobook-24.com\/en\/wp-json\/wp\/v2\/product"}],"about":[{"href":"https:\/\/audiobook-24.com\/en\/wp-json\/wp\/v2\/types\/product"}],"replies":[{"embeddable":true,"href":"https:\/\/audiobook-24.com\/en\/wp-json\/wp\/v2\/comments?post=1963"}],"wp:featuredmedia":[{"embeddable":true,"href":"https:\/\/audiobook-24.com\/en\/wp-json\/wp\/v2\/media\/1964"}],"wp:attachment":[{"href":"https:\/\/audiobook-24.com\/en\/wp-json\/wp\/v2\/media?parent=1963"}],"wp:term":[{"taxonomy":"product_brand","embeddable":true,"href":"https:\/\/audiobook-24.com\/en\/wp-json\/wp\/v2\/product_brand?post=1963"},{"taxonomy":"product_cat","embeddable":true,"href":"https:\/\/audiobook-24.com\/en\/wp-json\/wp\/v2\/product_cat?post=1963"},{"taxonomy":"product_tag","embeddable":true,"href":"https:\/\/audiobook-24.com\/en\/wp-json\/wp\/v2\/product_tag?post=1963"}],"curies":[{"name":"wp","href":"https:\/\/api.w.org\/{rel}","templated":true}]}}