{"id":1961,"date":"2025-12-01T11:48:54","date_gmt":"2025-12-01T11:48:54","guid":{"rendered":"https:\/\/audiobook-24.com\/?post_type=product&#038;p=1961"},"modified":"2025-12-01T11:48:54","modified_gmt":"2025-12-01T11:48:54","slug":"%f0%9f%93%b1-erotik-e-reader-finally-legal-magazine-2013-09-original","status":"publish","type":"product","link":"https:\/\/audiobook-24.com\/en\/product\/%f0%9f%93%b1-erotik-e-reader-finally-legal-magazine-2013-09-original\/","title":{"rendered":"\ud83d\udcf1 Erotik E-Reader \u2013 Finally Legal Magazine \u2013 2013 \/ 09 Original"},"content":{"rendered":"<h1 data-start=\"200\" data-end=\"272\">\ud83d\udcf1 <strong data-start=\"205\" data-end=\"270\">Erotik E-Reader \u2013 Finally Legal Magazine \u2013 2013 \/ 09 Original<\/strong><\/h1>\n<h3 data-start=\"273\" data-end=\"369\">Moderne Leichtigkeit, klare Sinnlichkeit \u2013 eine hochwertige Ausgabe mit vollj\u00e4hrigen Models.<\/h3>\n<p data-start=\"371\" data-end=\"757\">Die <strong data-start=\"375\" data-end=\"430\">Finally Legal Magazine \u2013 Original Ausgabe 09 \/ 2013<\/strong> pr\u00e4sentiert professionelle Fotostrecken mit <strong data-start=\"475\" data-end=\"538\">jung wirkenden, aber selbstverst\u00e4ndlich vollj\u00e4hrigen Models<\/strong>, die in einer frischen, modernen \u00c4sthetik inszeniert wurden. Die Edition setzt auf klare Farben, sanfte Lichtf\u00fchrung und eine angenehme, nat\u00fcrliche Bildsprache, die Eleganz und dezente Erotik geschmackvoll verbindet.<\/p>\n<p data-start=\"759\" data-end=\"1029\">Die Serien zeigen selbstbewusste Ausstrahlung, authentische Posen und eine visuelle Leichtigkeit, die den besonderen Stil der Reihe pr\u00e4gt. Jede Aufnahme wurde hochwertig produziert und legt Wert auf \u00c4sthetik, Ausdruck und eine zeitgem\u00e4\u00dfe Pr\u00e4sentation erwachsener Models.<\/p>\n<p data-start=\"1031\" data-end=\"1167\"><strong data-start=\"1031\" data-end=\"1167\">Ein digitales Magazin f\u00fcr alle, die hochwertige Erotikfotografie, jugendlich-frische Eleganz und moderne Bildkompositionen sch\u00e4tzen.<\/strong><\/p>\n<hr data-start=\"1169\" data-end=\"1172\" \/>\n<h3 data-start=\"1174\" data-end=\"1209\">\ud83d\udcd8 <strong data-start=\"1181\" data-end=\"1207\">Format: E-Reader (PDF)<\/strong><\/h3>\n<p data-start=\"1211\" data-end=\"1363\">\u2b07\ufe0f Sofortiger Download f\u00fcr Handy<br data-start=\"1243\" data-end=\"1246\" \/>\u2b07\ufe0f Sofortiger Download f\u00fcr PC<br data-start=\"1275\" data-end=\"1278\" \/>\u2b07\ufe0f Sofortiger Download f\u00fcrs Tablet<br data-start=\"1312\" data-end=\"1315\" \/>\u2b07\ufe0f PDF-Download kompatibel mit allen E-Readern<\/p>\n<p data-start=\"1365\" data-end=\"1402\"><strong data-start=\"1365\" data-end=\"1402\">Einmal gekauft \u2013 f\u00fcr immer deins!<\/strong><\/p>","protected":false},"excerpt":{"rendered":"<p>\ud83d\udcf1 Erotik E-Reader \u2013 Finally Legal Magazine \u2013 2013 \/ 09 Original Moderne Leichtigkeit, klare Sinnlichkeit \u2013 eine hochwertige Ausgabe mit vollj\u00e4hrigen Models. Die Finally Legal Magazine \u2013 Original Ausgabe 09 \/ 2013 pr\u00e4sentiert professionelle Fotostrecken mit jung wirkenden, aber selbstverst\u00e4ndlich vollj\u00e4hrigen Models, die in einer frischen, modernen \u00c4sthetik inszeniert wurden. Die Edition setzt auf [&hellip;]<\/p>\n","protected":false},"featured_media":1962,"comment_status":"open","ping_status":"closed","template":"","meta":[],"product_brand":[],"product_cat":[45],"product_tag":[],"class_list":{"0":"post-1961","1":"product","2":"type-product","3":"status-publish","4":"has-post-thumbnail","6":"product_cat-finally-legal-erotikmagazin","8":"first","9":"instock","10":"sale","11":"virtual","12":"purchasable","13":"product-type-simple"},"jetpack_sharing_enabled":true,"_links":{"self":[{"href":"https:\/\/audiobook-24.com\/en\/wp-json\/wp\/v2\/product\/1961","targetHints":{"allow":["GET"]}}],"collection":[{"href":"https:\/\/audiobook-24.com\/en\/wp-json\/wp\/v2\/product"}],"about":[{"href":"https:\/\/audiobook-24.com\/en\/wp-json\/wp\/v2\/types\/product"}],"replies":[{"embeddable":true,"href":"https:\/\/audiobook-24.com\/en\/wp-json\/wp\/v2\/comments?post=1961"}],"wp:featuredmedia":[{"embeddable":true,"href":"https:\/\/audiobook-24.com\/en\/wp-json\/wp\/v2\/media\/1962"}],"wp:attachment":[{"href":"https:\/\/audiobook-24.com\/en\/wp-json\/wp\/v2\/media?parent=1961"}],"wp:term":[{"taxonomy":"product_brand","embeddable":true,"href":"https:\/\/audiobook-24.com\/en\/wp-json\/wp\/v2\/product_brand?post=1961"},{"taxonomy":"product_cat","embeddable":true,"href":"https:\/\/audiobook-24.com\/en\/wp-json\/wp\/v2\/product_cat?post=1961"},{"taxonomy":"product_tag","embeddable":true,"href":"https:\/\/audiobook-24.com\/en\/wp-json\/wp\/v2\/product_tag?post=1961"}],"curies":[{"name":"wp","href":"https:\/\/api.w.org\/{rel}","templated":true}]}}