{"id":1959,"date":"2025-12-01T11:47:00","date_gmt":"2025-12-01T11:47:00","guid":{"rendered":"https:\/\/audiobook-24.com\/?post_type=product&#038;p=1959"},"modified":"2025-12-01T11:47:01","modified_gmt":"2025-12-01T11:47:01","slug":"%f0%9f%93%b1-erotik-e-reader-finally-legal-magazine-2012-09-original","status":"publish","type":"product","link":"https:\/\/audiobook-24.com\/en\/product\/%f0%9f%93%b1-erotik-e-reader-finally-legal-magazine-2012-09-original\/","title":{"rendered":"\ud83d\udcf1 Erotik E-Reader \u2013 Finally Legal Magazine \u2013 2012 \/ 09 Original"},"content":{"rendered":"<h1 data-start=\"211\" data-end=\"283\">\ud83d\udcf1 <strong data-start=\"216\" data-end=\"281\">Erotik E-Reader \u2013 Finally Legal Magazine \u2013 2012 \/ 09 Original<\/strong><\/h1>\n<h3 data-start=\"284\" data-end=\"376\">Frische Eleganz, nat\u00fcrliche Sinnlichkeit \u2013 eine moderne Ausgabe mit vollj\u00e4hrigen Models.<\/h3>\n<p data-start=\"378\" data-end=\"719\">Die <strong data-start=\"382\" data-end=\"437\">Finally Legal Magazine \u2013 Original Ausgabe 09 \/ 2012<\/strong> pr\u00e4sentiert hochwertige, professionell fotografierte Bildserien mit <strong data-start=\"506\" data-end=\"563\">jung wirkenden, jedoch garantiert vollj\u00e4hrigen Models<\/strong>. Die Edition kombiniert klare Linien, helle Farben und eine nat\u00fcrliche, moderne \u00c4sthetik, die dezente Erotik und elegante Fotokunst harmonisch verbindet.<\/p>\n<p data-start=\"721\" data-end=\"992\">Die Fotoserien zeichnen sich durch authentische Ausstrahlung, selbstbewusste Posen und eine angenehm leichte Bildsprache aus. Jede Szene wurde stilvoll inszeniert und legt den Fokus auf Nat\u00fcrlichkeit, Ausdruck und eine visuelle Harmonie, die ohne \u00dcbertreibungen auskommt.<\/p>\n<p data-start=\"994\" data-end=\"1135\"><strong data-start=\"994\" data-end=\"1135\">Ein digitales Magazin f\u00fcr Liebhaber moderner Erotikfotografie, jugendlich-frischer Eleganz und stilvoller Darstellung erwachsener Models.<\/strong><\/p>\n<hr data-start=\"1137\" data-end=\"1140\" \/>\n<h3 data-start=\"1142\" data-end=\"1177\">\ud83d\udcd8 <strong data-start=\"1149\" data-end=\"1175\">Format: E-Reader (PDF)<\/strong><\/h3>\n<p data-start=\"1179\" data-end=\"1331\">\u2b07\ufe0f Sofortiger Download f\u00fcr Handy<br data-start=\"1211\" data-end=\"1214\" \/>\u2b07\ufe0f Sofortiger Download f\u00fcr PC<br data-start=\"1243\" data-end=\"1246\" \/>\u2b07\ufe0f Sofortiger Download f\u00fcrs Tablet<br data-start=\"1280\" data-end=\"1283\" \/>\u2b07\ufe0f PDF-Download kompatibel mit allen E-Readern<\/p>\n<p data-start=\"1333\" data-end=\"1370\"><strong data-start=\"1333\" data-end=\"1370\">Einmal gekauft \u2013 f\u00fcr immer deins!<\/strong><\/p>","protected":false},"excerpt":{"rendered":"<p>\ud83d\udcf1 Erotik E-Reader \u2013 Finally Legal Magazine \u2013 2012 \/ 09 Original Frische Eleganz, nat\u00fcrliche Sinnlichkeit \u2013 eine moderne Ausgabe mit vollj\u00e4hrigen Models. Die Finally Legal Magazine \u2013 Original Ausgabe 09 \/ 2012 pr\u00e4sentiert hochwertige, professionell fotografierte Bildserien mit jung wirkenden, jedoch garantiert vollj\u00e4hrigen Models. Die Edition kombiniert klare Linien, helle Farben und eine nat\u00fcrliche, [&hellip;]<\/p>\n","protected":false},"featured_media":1960,"comment_status":"open","ping_status":"closed","template":"","meta":[],"product_brand":[],"product_cat":[45],"product_tag":[],"class_list":{"0":"post-1959","1":"product","2":"type-product","3":"status-publish","4":"has-post-thumbnail","6":"product_cat-finally-legal-erotikmagazin","8":"first","9":"instock","10":"sale","11":"virtual","12":"purchasable","13":"product-type-simple"},"jetpack_sharing_enabled":true,"_links":{"self":[{"href":"https:\/\/audiobook-24.com\/en\/wp-json\/wp\/v2\/product\/1959","targetHints":{"allow":["GET"]}}],"collection":[{"href":"https:\/\/audiobook-24.com\/en\/wp-json\/wp\/v2\/product"}],"about":[{"href":"https:\/\/audiobook-24.com\/en\/wp-json\/wp\/v2\/types\/product"}],"replies":[{"embeddable":true,"href":"https:\/\/audiobook-24.com\/en\/wp-json\/wp\/v2\/comments?post=1959"}],"wp:featuredmedia":[{"embeddable":true,"href":"https:\/\/audiobook-24.com\/en\/wp-json\/wp\/v2\/media\/1960"}],"wp:attachment":[{"href":"https:\/\/audiobook-24.com\/en\/wp-json\/wp\/v2\/media?parent=1959"}],"wp:term":[{"taxonomy":"product_brand","embeddable":true,"href":"https:\/\/audiobook-24.com\/en\/wp-json\/wp\/v2\/product_brand?post=1959"},{"taxonomy":"product_cat","embeddable":true,"href":"https:\/\/audiobook-24.com\/en\/wp-json\/wp\/v2\/product_cat?post=1959"},{"taxonomy":"product_tag","embeddable":true,"href":"https:\/\/audiobook-24.com\/en\/wp-json\/wp\/v2\/product_tag?post=1959"}],"curies":[{"name":"wp","href":"https:\/\/api.w.org\/{rel}","templated":true}]}}