{"id":1957,"date":"2025-12-01T11:45:03","date_gmt":"2025-12-01T11:45:03","guid":{"rendered":"https:\/\/audiobook-24.com\/?post_type=product&#038;p=1957"},"modified":"2025-12-01T11:45:04","modified_gmt":"2025-12-01T11:45:04","slug":"%f0%9f%93%b1-erotik-e-reader-finally-legal-magazine-2012-08-original","status":"publish","type":"product","link":"https:\/\/audiobook-24.com\/en\/product\/%f0%9f%93%b1-erotik-e-reader-finally-legal-magazine-2012-08-original\/","title":{"rendered":"\ud83d\udcf1 Erotik E-Reader \u2013 Finally Legal Magazine \u2013 2012 \/ 08 Original"},"content":{"rendered":"<h1 data-start=\"211\" data-end=\"283\">\ud83d\udcf1 <strong data-start=\"216\" data-end=\"281\">Erotik E-Reader \u2013 Finally Legal Magazine \u2013 2012 \/ 08 Original<\/strong><\/h1>\n<h3 data-start=\"284\" data-end=\"385\">Moderne Sinnlichkeit, nat\u00fcrliche Ausstrahlung \u2013 eine hochwertige Ausgabe mit vollj\u00e4hrigen Models.<\/h3>\n<p data-start=\"387\" data-end=\"732\">Die <strong data-start=\"391\" data-end=\"446\">Finally Legal Magazine \u2013 Original Ausgabe 08 \/ 2012<\/strong> pr\u00e4sentiert elegant fotografierte Serien mit <strong data-start=\"492\" data-end=\"555\">jung wirkenden, aber selbstverst\u00e4ndlich vollj\u00e4hrigen Models<\/strong>, die in einer frischen, nat\u00fcrlichen Bildsprache inszeniert wurden. Sanfte Farben, harmonische Hintergr\u00fcnde und klare Kompositionen pr\u00e4gen das visuelle Konzept dieser Ausgabe.<\/p>\n<p data-start=\"734\" data-end=\"984\">Die Fotostrecken setzen auf Authentizit\u00e4t, Selbstbewusstsein und eine dezente, geschmackvolle Erotik, die nie \u00fcberzeichnet wirkt. Jede Serie ist professionell umgesetzt und verbindet jugendliche Leichtigkeit mit einer hochwertigen, modernen \u00c4sthetik.<\/p>\n<p data-start=\"986\" data-end=\"1133\"><strong data-start=\"986\" data-end=\"1133\">Ein digitales Magazin f\u00fcr alle, die elegante Erotikfotografie, nat\u00fcrliche Sch\u00f6nheit und stilvolle Pr\u00e4sentationen erwachsener Models bevorzugen.<\/strong><\/p>\n<hr data-start=\"1135\" data-end=\"1138\" \/>\n<h3 data-start=\"1140\" data-end=\"1175\">\ud83d\udcd8 <strong data-start=\"1147\" data-end=\"1173\">Format: E-Reader (PDF)<\/strong><\/h3>\n<p data-start=\"1177\" data-end=\"1329\">\u2b07\ufe0f Sofortiger Download f\u00fcr Handy<br data-start=\"1209\" data-end=\"1212\" \/>\u2b07\ufe0f Sofortiger Download f\u00fcr PC<br data-start=\"1241\" data-end=\"1244\" \/>\u2b07\ufe0f Sofortiger Download f\u00fcrs Tablet<br data-start=\"1278\" data-end=\"1281\" \/>\u2b07\ufe0f PDF-Download kompatibel mit allen E-Readern<\/p>\n<p data-start=\"1331\" data-end=\"1368\"><strong data-start=\"1331\" data-end=\"1368\">Einmal gekauft \u2013 f\u00fcr immer deins!<\/strong><\/p>","protected":false},"excerpt":{"rendered":"<p>\ud83d\udcf1 Erotik E-Reader \u2013 Finally Legal Magazine \u2013 2012 \/ 08 Original Moderne Sinnlichkeit, nat\u00fcrliche Ausstrahlung \u2013 eine hochwertige Ausgabe mit vollj\u00e4hrigen Models. Die Finally Legal Magazine \u2013 Original Ausgabe 08 \/ 2012 pr\u00e4sentiert elegant fotografierte Serien mit jung wirkenden, aber selbstverst\u00e4ndlich vollj\u00e4hrigen Models, die in einer frischen, nat\u00fcrlichen Bildsprache inszeniert wurden. Sanfte Farben, harmonische [&hellip;]<\/p>\n","protected":false},"featured_media":1958,"comment_status":"open","ping_status":"closed","template":"","meta":[],"product_brand":[],"product_cat":[45],"product_tag":[],"class_list":{"0":"post-1957","1":"product","2":"type-product","3":"status-publish","4":"has-post-thumbnail","6":"product_cat-finally-legal-erotikmagazin","8":"first","9":"instock","10":"sale","11":"virtual","12":"purchasable","13":"product-type-simple"},"jetpack_sharing_enabled":true,"_links":{"self":[{"href":"https:\/\/audiobook-24.com\/en\/wp-json\/wp\/v2\/product\/1957","targetHints":{"allow":["GET"]}}],"collection":[{"href":"https:\/\/audiobook-24.com\/en\/wp-json\/wp\/v2\/product"}],"about":[{"href":"https:\/\/audiobook-24.com\/en\/wp-json\/wp\/v2\/types\/product"}],"replies":[{"embeddable":true,"href":"https:\/\/audiobook-24.com\/en\/wp-json\/wp\/v2\/comments?post=1957"}],"wp:featuredmedia":[{"embeddable":true,"href":"https:\/\/audiobook-24.com\/en\/wp-json\/wp\/v2\/media\/1958"}],"wp:attachment":[{"href":"https:\/\/audiobook-24.com\/en\/wp-json\/wp\/v2\/media?parent=1957"}],"wp:term":[{"taxonomy":"product_brand","embeddable":true,"href":"https:\/\/audiobook-24.com\/en\/wp-json\/wp\/v2\/product_brand?post=1957"},{"taxonomy":"product_cat","embeddable":true,"href":"https:\/\/audiobook-24.com\/en\/wp-json\/wp\/v2\/product_cat?post=1957"},{"taxonomy":"product_tag","embeddable":true,"href":"https:\/\/audiobook-24.com\/en\/wp-json\/wp\/v2\/product_tag?post=1957"}],"curies":[{"name":"wp","href":"https:\/\/api.w.org\/{rel}","templated":true}]}}