{"id":1955,"date":"2025-12-01T11:42:59","date_gmt":"2025-12-01T11:42:59","guid":{"rendered":"https:\/\/audiobook-24.com\/?post_type=product&#038;p=1955"},"modified":"2025-12-01T11:42:59","modified_gmt":"2025-12-01T11:42:59","slug":"%f0%9f%93%b1-erotik-e-reader-finally-legal-magazine-2012-06-original","status":"publish","type":"product","link":"https:\/\/audiobook-24.com\/en\/product\/%f0%9f%93%b1-erotik-e-reader-finally-legal-magazine-2012-06-original\/","title":{"rendered":"\ud83d\udcf1 Erotik E-Reader \u2013 Finally Legal Magazine \u2013 2012 \/ 06 Original"},"content":{"rendered":"<h1 data-start=\"208\" data-end=\"280\">\ud83d\udcf1 <strong data-start=\"213\" data-end=\"278\">Erotik E-Reader \u2013 Finally Legal Magazine \u2013 2012 \/ 06 Original<\/strong><\/h1>\n<h3 data-start=\"281\" data-end=\"388\">Frischer Look, moderne Linien \u2013 eine stilvolle Ausgabe mit vollj\u00e4hrigen Models in nat\u00fcrlicher \u00c4sthetik.<\/h3>\n<p data-start=\"390\" data-end=\"707\">Die <strong data-start=\"394\" data-end=\"449\">Finally Legal Magazine \u2013 Original Ausgabe 06 \/ 2012<\/strong> pr\u00e4sentiert hochwertige, professionell fotografierte Serien mit <strong data-start=\"514\" data-end=\"577\">jung wirkenden, aber selbstverst\u00e4ndlich vollj\u00e4hrigen Models<\/strong>. Diese Edition kombiniert sanfte Farbwelten, klare Lichtf\u00fchrung und nat\u00fcrliche Szenen zu einer modernen, eleganten Bildsprache.<\/p>\n<p data-start=\"709\" data-end=\"953\">Die Fotostrecken zeigen selbstbewusste Ausstrahlung, jugendliche Eleganz und eine dezente erotische Note, die stets geschmackvoll bleibt. Jede Aufnahme wirkt authentisch, leicht und hochwertig, gepr\u00e4gt von einem zeitgem\u00e4\u00dfen fotografischen Stil.<\/p>\n<p data-start=\"955\" data-end=\"1084\"><strong data-start=\"955\" data-end=\"1084\">Ein digitales Magazin f\u00fcr alle, die vollj\u00e4hrige Models in \u00e4sthetischer, moderner und hochwertiger Erotic-Fotografie sch\u00e4tzen.<\/strong><\/p>\n<hr data-start=\"1086\" data-end=\"1089\" \/>\n<h3 data-start=\"1091\" data-end=\"1126\">\ud83d\udcd8 <strong data-start=\"1098\" data-end=\"1124\">Format: E-Reader (PDF)<\/strong><\/h3>\n<p data-start=\"1128\" data-end=\"1280\">\u2b07\ufe0f Sofortiger Download f\u00fcr Handy<br data-start=\"1160\" data-end=\"1163\" \/>\u2b07\ufe0f Sofortiger Download f\u00fcr PC<br data-start=\"1192\" data-end=\"1195\" \/>\u2b07\ufe0f Sofortiger Download f\u00fcrs Tablet<br data-start=\"1229\" data-end=\"1232\" \/>\u2b07\ufe0f PDF-Download kompatibel mit allen E-Readern<\/p>\n<p data-start=\"1282\" data-end=\"1319\"><strong data-start=\"1282\" data-end=\"1319\">Einmal gekauft \u2013 f\u00fcr immer deins!<\/strong><\/p>","protected":false},"excerpt":{"rendered":"<p>\ud83d\udcf1 Erotik E-Reader \u2013 Finally Legal Magazine \u2013 2012 \/ 06 Original Frischer Look, moderne Linien \u2013 eine stilvolle Ausgabe mit vollj\u00e4hrigen Models in nat\u00fcrlicher \u00c4sthetik. Die Finally Legal Magazine \u2013 Original Ausgabe 06 \/ 2012 pr\u00e4sentiert hochwertige, professionell fotografierte Serien mit jung wirkenden, aber selbstverst\u00e4ndlich vollj\u00e4hrigen Models. Diese Edition kombiniert sanfte Farbwelten, klare Lichtf\u00fchrung [&hellip;]<\/p>\n","protected":false},"featured_media":1956,"comment_status":"open","ping_status":"closed","template":"","meta":[],"product_brand":[],"product_cat":[45],"product_tag":[],"class_list":{"0":"post-1955","1":"product","2":"type-product","3":"status-publish","4":"has-post-thumbnail","6":"product_cat-finally-legal-erotikmagazin","8":"first","9":"instock","10":"sale","11":"virtual","12":"purchasable","13":"product-type-simple"},"jetpack_sharing_enabled":true,"_links":{"self":[{"href":"https:\/\/audiobook-24.com\/en\/wp-json\/wp\/v2\/product\/1955","targetHints":{"allow":["GET"]}}],"collection":[{"href":"https:\/\/audiobook-24.com\/en\/wp-json\/wp\/v2\/product"}],"about":[{"href":"https:\/\/audiobook-24.com\/en\/wp-json\/wp\/v2\/types\/product"}],"replies":[{"embeddable":true,"href":"https:\/\/audiobook-24.com\/en\/wp-json\/wp\/v2\/comments?post=1955"}],"wp:featuredmedia":[{"embeddable":true,"href":"https:\/\/audiobook-24.com\/en\/wp-json\/wp\/v2\/media\/1956"}],"wp:attachment":[{"href":"https:\/\/audiobook-24.com\/en\/wp-json\/wp\/v2\/media?parent=1955"}],"wp:term":[{"taxonomy":"product_brand","embeddable":true,"href":"https:\/\/audiobook-24.com\/en\/wp-json\/wp\/v2\/product_brand?post=1955"},{"taxonomy":"product_cat","embeddable":true,"href":"https:\/\/audiobook-24.com\/en\/wp-json\/wp\/v2\/product_cat?post=1955"},{"taxonomy":"product_tag","embeddable":true,"href":"https:\/\/audiobook-24.com\/en\/wp-json\/wp\/v2\/product_tag?post=1955"}],"curies":[{"name":"wp","href":"https:\/\/api.w.org\/{rel}","templated":true}]}}