{"id":1953,"date":"2025-12-01T11:40:31","date_gmt":"2025-12-01T11:40:31","guid":{"rendered":"https:\/\/audiobook-24.com\/?post_type=product&#038;p=1953"},"modified":"2025-12-01T11:40:31","modified_gmt":"2025-12-01T11:40:31","slug":"%f0%9f%93%b1-erotik-e-reader-finally-legal-magazine-2012-04-original","status":"publish","type":"product","link":"https:\/\/audiobook-24.com\/en\/product\/%f0%9f%93%b1-erotik-e-reader-finally-legal-magazine-2012-04-original\/","title":{"rendered":"\ud83d\udcf1 Erotik E-Reader \u2013 Finally Legal Magazine \u2013 2012 \/ 04 Original"},"content":{"rendered":"<h1 data-start=\"208\" data-end=\"280\">\ud83d\udcf1 <strong data-start=\"213\" data-end=\"278\">Erotik E-Reader \u2013 Finally Legal Magazine \u2013 2012 \/ 04 Original<\/strong><\/h1>\n<h3 data-start=\"281\" data-end=\"376\">Stilvolle Sinnlichkeit, moderne Frische \u2013 eine \u00e4sthetische Ausgabe mit vollj\u00e4hrigen Models.<\/h3>\n<p data-start=\"378\" data-end=\"754\">Die <strong data-start=\"382\" data-end=\"437\">Finally Legal Magazine \u2013 Original Ausgabe 04 \/ 2012<\/strong> pr\u00e4sentiert hochwertige Fotoserien mit <strong data-start=\"477\" data-end=\"540\">jung wirkenden, aber selbstverst\u00e4ndlich vollj\u00e4hrigen Models<\/strong>, die in einem nat\u00fcrlichen, modernen Stil inszeniert wurden. Die Ausgabe setzt auf klare Kompositionen, helle Farben und einen frischen, authentischen Look, der Eleganz und dezente Erotik geschmackvoll verbindet.<\/p>\n<p data-start=\"756\" data-end=\"1049\">Die Bildstrecken zeigen selbstbewusste Ausstrahlung, nat\u00fcrliche Sch\u00f6nheit und eine angenehm zur\u00fcckhaltende Sinnlichkeit. Jede Serie ist professionell fotografiert und legt den Fokus auf \u00c4sthetik, Ausdruck und eine visuell harmonische Gestaltung, ohne \u00fcbertriebene oder explizite Darstellungen.<\/p>\n<p data-start=\"1051\" data-end=\"1195\"><strong data-start=\"1051\" data-end=\"1195\">Ein digitales Magazin f\u00fcr alle, die moderne Erotikfotografie, hochwertige Bild\u00e4sthetik und stilvolle Pr\u00e4sentation erwachsener Models lieben.<\/strong><\/p>\n<hr data-start=\"1197\" data-end=\"1200\" \/>\n<h3 data-start=\"1202\" data-end=\"1237\">\ud83d\udcd8 <strong data-start=\"1209\" data-end=\"1235\">Format: E-Reader (PDF)<\/strong><\/h3>\n<p data-start=\"1239\" data-end=\"1391\">\u2b07\ufe0f Sofortiger Download f\u00fcr Handy<br data-start=\"1271\" data-end=\"1274\" \/>\u2b07\ufe0f Sofortiger Download f\u00fcr PC<br data-start=\"1303\" data-end=\"1306\" \/>\u2b07\ufe0f Sofortiger Download f\u00fcrs Tablet<br data-start=\"1340\" data-end=\"1343\" \/>\u2b07\ufe0f PDF-Download kompatibel mit allen E-Readern<\/p>\n<p data-start=\"1393\" data-end=\"1430\"><strong data-start=\"1393\" data-end=\"1430\">Einmal gekauft \u2013 f\u00fcr immer deins!<\/strong><\/p>","protected":false},"excerpt":{"rendered":"<p>\ud83d\udcf1 Erotik E-Reader \u2013 Finally Legal Magazine \u2013 2012 \/ 04 Original Stilvolle Sinnlichkeit, moderne Frische \u2013 eine \u00e4sthetische Ausgabe mit vollj\u00e4hrigen Models. Die Finally Legal Magazine \u2013 Original Ausgabe 04 \/ 2012 pr\u00e4sentiert hochwertige Fotoserien mit jung wirkenden, aber selbstverst\u00e4ndlich vollj\u00e4hrigen Models, die in einem nat\u00fcrlichen, modernen Stil inszeniert wurden. Die Ausgabe setzt auf [&hellip;]<\/p>\n","protected":false},"featured_media":1954,"comment_status":"open","ping_status":"closed","template":"","meta":[],"product_brand":[],"product_cat":[45],"product_tag":[],"class_list":{"0":"post-1953","1":"product","2":"type-product","3":"status-publish","4":"has-post-thumbnail","6":"product_cat-finally-legal-erotikmagazin","8":"first","9":"instock","10":"sale","11":"virtual","12":"purchasable","13":"product-type-simple"},"jetpack_sharing_enabled":true,"_links":{"self":[{"href":"https:\/\/audiobook-24.com\/en\/wp-json\/wp\/v2\/product\/1953","targetHints":{"allow":["GET"]}}],"collection":[{"href":"https:\/\/audiobook-24.com\/en\/wp-json\/wp\/v2\/product"}],"about":[{"href":"https:\/\/audiobook-24.com\/en\/wp-json\/wp\/v2\/types\/product"}],"replies":[{"embeddable":true,"href":"https:\/\/audiobook-24.com\/en\/wp-json\/wp\/v2\/comments?post=1953"}],"wp:featuredmedia":[{"embeddable":true,"href":"https:\/\/audiobook-24.com\/en\/wp-json\/wp\/v2\/media\/1954"}],"wp:attachment":[{"href":"https:\/\/audiobook-24.com\/en\/wp-json\/wp\/v2\/media?parent=1953"}],"wp:term":[{"taxonomy":"product_brand","embeddable":true,"href":"https:\/\/audiobook-24.com\/en\/wp-json\/wp\/v2\/product_brand?post=1953"},{"taxonomy":"product_cat","embeddable":true,"href":"https:\/\/audiobook-24.com\/en\/wp-json\/wp\/v2\/product_cat?post=1953"},{"taxonomy":"product_tag","embeddable":true,"href":"https:\/\/audiobook-24.com\/en\/wp-json\/wp\/v2\/product_tag?post=1953"}],"curies":[{"name":"wp","href":"https:\/\/api.w.org\/{rel}","templated":true}]}}