{"id":1951,"date":"2025-12-01T11:38:23","date_gmt":"2025-12-01T11:38:23","guid":{"rendered":"https:\/\/audiobook-24.com\/?post_type=product&#038;p=1951"},"modified":"2025-12-01T11:38:23","modified_gmt":"2025-12-01T11:38:23","slug":"%f0%9f%93%b1-erotik-e-reader-finally-legal-magazine-2012-02-original","status":"publish","type":"product","link":"https:\/\/audiobook-24.com\/en\/product\/%f0%9f%93%b1-erotik-e-reader-finally-legal-magazine-2012-02-original\/","title":{"rendered":"\ud83d\udcf1 Erotik E-Reader \u2013 Finally Legal Magazine \u2013 2012 \/ 02 Original"},"content":{"rendered":"<h1 data-start=\"216\" data-end=\"288\">\ud83d\udcf1 <strong data-start=\"221\" data-end=\"286\">Erotik E-Reader \u2013 Finally Legal Magazine \u2013 2012 \/ 02 Original<\/strong><\/h1>\n<h3 data-start=\"289\" data-end=\"378\">Moderne Frische, klare Sinnlichkeit \u2013 eine stilvolle Ausgabe mit vollj\u00e4hrigen Models.<\/h3>\n<p data-start=\"380\" data-end=\"758\">Die <strong data-start=\"384\" data-end=\"439\">Finally Legal Magazine \u2013 Original Ausgabe 02 \/ 2012<\/strong> pr\u00e4sentiert professionell fotografierte Bildserien mit <strong data-start=\"495\" data-end=\"552\">jung wirkenden, jedoch garantiert vollj\u00e4hrigen Models<\/strong>, die in einer modernen, nat\u00fcrlich gehaltenen \u00c4sthetik in Szene gesetzt wurden. Sanfte Farben, authentische Posen und hochwertige Bildkompositionen verleihen dieser Ausgabe einen frischen, eleganten Look.<\/p>\n<p data-start=\"760\" data-end=\"1057\">Die Fotostrecken setzen auf Selbstbewusstsein, nat\u00fcrliche Ausstrahlung und eine dezente erotische Nuance, die stets geschmackvoll und hochwertig bleibt. Jede Aufnahme \u00fcberzeugt durch klare Linien, ausgewogene Lichtf\u00fchrung und einen visuellen Stil, der sowohl modern als auch angenehm leicht wirkt.<\/p>\n<p data-start=\"1059\" data-end=\"1199\"><strong data-start=\"1059\" data-end=\"1199\">Ein digitales Magazin f\u00fcr Liebhaber zeitgem\u00e4\u00dfer Erotikfotografie, nat\u00fcrlicher Eleganz und erwachsener Models in stilvoller Pr\u00e4sentation.<\/strong><\/p>\n<hr data-start=\"1201\" data-end=\"1204\" \/>\n<h3 data-start=\"1206\" data-end=\"1241\">\ud83d\udcd8 <strong data-start=\"1213\" data-end=\"1239\">Format: E-Reader (PDF)<\/strong><\/h3>\n<p data-start=\"1243\" data-end=\"1395\">\u2b07\ufe0f Sofortiger Download f\u00fcr Handy<br data-start=\"1275\" data-end=\"1278\" \/>\u2b07\ufe0f Sofortiger Download f\u00fcr PC<br data-start=\"1307\" data-end=\"1310\" \/>\u2b07\ufe0f Sofortiger Download f\u00fcrs Tablet<br data-start=\"1344\" data-end=\"1347\" \/>\u2b07\ufe0f PDF-Download kompatibel mit allen E-Readern<\/p>\n<p data-start=\"1397\" data-end=\"1434\"><strong data-start=\"1397\" data-end=\"1434\">Einmal gekauft \u2013 f\u00fcr immer deins!<\/strong><\/p>","protected":false},"excerpt":{"rendered":"<p>\ud83d\udcf1 Erotik E-Reader \u2013 Finally Legal Magazine \u2013 2012 \/ 02 Original Moderne Frische, klare Sinnlichkeit \u2013 eine stilvolle Ausgabe mit vollj\u00e4hrigen Models. Die Finally Legal Magazine \u2013 Original Ausgabe 02 \/ 2012 pr\u00e4sentiert professionell fotografierte Bildserien mit jung wirkenden, jedoch garantiert vollj\u00e4hrigen Models, die in einer modernen, nat\u00fcrlich gehaltenen \u00c4sthetik in Szene gesetzt wurden. [&hellip;]<\/p>\n","protected":false},"featured_media":1952,"comment_status":"open","ping_status":"closed","template":"","meta":[],"product_brand":[],"product_cat":[45],"product_tag":[],"class_list":{"0":"post-1951","1":"product","2":"type-product","3":"status-publish","4":"has-post-thumbnail","6":"product_cat-finally-legal-erotikmagazin","8":"first","9":"instock","10":"sale","11":"virtual","12":"purchasable","13":"product-type-simple"},"jetpack_sharing_enabled":true,"_links":{"self":[{"href":"https:\/\/audiobook-24.com\/en\/wp-json\/wp\/v2\/product\/1951","targetHints":{"allow":["GET"]}}],"collection":[{"href":"https:\/\/audiobook-24.com\/en\/wp-json\/wp\/v2\/product"}],"about":[{"href":"https:\/\/audiobook-24.com\/en\/wp-json\/wp\/v2\/types\/product"}],"replies":[{"embeddable":true,"href":"https:\/\/audiobook-24.com\/en\/wp-json\/wp\/v2\/comments?post=1951"}],"wp:featuredmedia":[{"embeddable":true,"href":"https:\/\/audiobook-24.com\/en\/wp-json\/wp\/v2\/media\/1952"}],"wp:attachment":[{"href":"https:\/\/audiobook-24.com\/en\/wp-json\/wp\/v2\/media?parent=1951"}],"wp:term":[{"taxonomy":"product_brand","embeddable":true,"href":"https:\/\/audiobook-24.com\/en\/wp-json\/wp\/v2\/product_brand?post=1951"},{"taxonomy":"product_cat","embeddable":true,"href":"https:\/\/audiobook-24.com\/en\/wp-json\/wp\/v2\/product_cat?post=1951"},{"taxonomy":"product_tag","embeddable":true,"href":"https:\/\/audiobook-24.com\/en\/wp-json\/wp\/v2\/product_tag?post=1951"}],"curies":[{"name":"wp","href":"https:\/\/api.w.org\/{rel}","templated":true}]}}