{"id":1949,"date":"2025-12-01T11:31:38","date_gmt":"2025-12-01T11:31:38","guid":{"rendered":"https:\/\/audiobook-24.com\/?post_type=product&#038;p=1949"},"modified":"2025-12-01T11:31:38","modified_gmt":"2025-12-01T11:31:38","slug":"%f0%9f%93%b1-erotik-e-reader-finally-legal-magazine-2011-12-original","status":"publish","type":"product","link":"https:\/\/audiobook-24.com\/en\/product\/%f0%9f%93%b1-erotik-e-reader-finally-legal-magazine-2011-12-original\/","title":{"rendered":"\ud83d\udcf1 Erotik E-Reader \u2013 Finally Legal Magazine \u2013 2011 \/ 12 Original"},"content":{"rendered":"<h1 data-start=\"204\" data-end=\"276\">\ud83d\udcf1 <strong data-start=\"209\" data-end=\"274\">Erotik E-Reader \u2013 Finally Legal Magazine \u2013 2011 \/ 12 Original<\/strong><\/h1>\n<h3 data-start=\"277\" data-end=\"367\">Klare \u00c4sthetik, moderne Sinnlichkeit \u2013 eine stilvolle Ausgabe mit vollj\u00e4hrigen Models.<\/h3>\n<p data-start=\"369\" data-end=\"685\">Die <strong data-start=\"373\" data-end=\"428\">Finally Legal Magazine \u2013 Original Ausgabe 12 \/ 2011<\/strong> pr\u00e4sentiert hochwertig inszenierte Fotoserien mit <strong data-start=\"479\" data-end=\"536\">jung wirkenden, jedoch garantiert vollj\u00e4hrigen Models<\/strong>. Diese Edition kombiniert nat\u00fcrliche Lichtstimmung, frische Farben und eine moderne, jugendliche Bildsprache zu einem \u00e4sthetischen Gesamteindruck.<\/p>\n<p data-start=\"687\" data-end=\"975\">Die Bildstrecken setzen auf authentische Ausstrahlung, selbstbewusste Eleganz und eine dezente erotische Note, die stets geschmackvoll und hochwertig umgesetzt ist. Jede Aufnahme vermittelt Leichtigkeit, Nat\u00fcrlichkeit und eine visuelle Klarheit, die typisch f\u00fcr die Original-Ausgaben ist.<\/p>\n<p data-start=\"977\" data-end=\"1119\"><strong data-start=\"977\" data-end=\"1119\">Ein digitales Magazin f\u00fcr alle, die elegante Erotikfotografie, moderne \u00c4sthetik und erwachsene Models in stilvoller Pr\u00e4sentation sch\u00e4tzen.<\/strong><\/p>\n<hr data-start=\"1121\" data-end=\"1124\" \/>\n<h3 data-start=\"1126\" data-end=\"1161\">\ud83d\udcd8 <strong data-start=\"1133\" data-end=\"1159\">Format: E-Reader (PDF)<\/strong><\/h3>\n<p data-start=\"1163\" data-end=\"1315\">\u2b07\ufe0f Sofortiger Download f\u00fcr Handy<br data-start=\"1195\" data-end=\"1198\" \/>\u2b07\ufe0f Sofortiger Download f\u00fcr PC<br data-start=\"1227\" data-end=\"1230\" \/>\u2b07\ufe0f Sofortiger Download f\u00fcrs Tablet<br data-start=\"1264\" data-end=\"1267\" \/>\u2b07\ufe0f PDF-Download kompatibel mit allen E-Readern<\/p>\n<p data-start=\"1317\" data-end=\"1354\"><strong data-start=\"1317\" data-end=\"1354\">Einmal gekauft \u2013 f\u00fcr immer deins!<\/strong><\/p>","protected":false},"excerpt":{"rendered":"<p>\ud83d\udcf1 Erotik E-Reader \u2013 Finally Legal Magazine \u2013 2011 \/ 12 Original Klare \u00c4sthetik, moderne Sinnlichkeit \u2013 eine stilvolle Ausgabe mit vollj\u00e4hrigen Models. Die Finally Legal Magazine \u2013 Original Ausgabe 12 \/ 2011 pr\u00e4sentiert hochwertig inszenierte Fotoserien mit jung wirkenden, jedoch garantiert vollj\u00e4hrigen Models. Diese Edition kombiniert nat\u00fcrliche Lichtstimmung, frische Farben und eine moderne, jugendliche [&hellip;]<\/p>\n","protected":false},"featured_media":1950,"comment_status":"open","ping_status":"closed","template":"","meta":[],"product_brand":[],"product_cat":[45],"product_tag":[],"class_list":{"0":"post-1949","1":"product","2":"type-product","3":"status-publish","4":"has-post-thumbnail","6":"product_cat-finally-legal-erotikmagazin","8":"first","9":"instock","10":"sale","11":"virtual","12":"purchasable","13":"product-type-simple"},"jetpack_sharing_enabled":true,"_links":{"self":[{"href":"https:\/\/audiobook-24.com\/en\/wp-json\/wp\/v2\/product\/1949","targetHints":{"allow":["GET"]}}],"collection":[{"href":"https:\/\/audiobook-24.com\/en\/wp-json\/wp\/v2\/product"}],"about":[{"href":"https:\/\/audiobook-24.com\/en\/wp-json\/wp\/v2\/types\/product"}],"replies":[{"embeddable":true,"href":"https:\/\/audiobook-24.com\/en\/wp-json\/wp\/v2\/comments?post=1949"}],"wp:featuredmedia":[{"embeddable":true,"href":"https:\/\/audiobook-24.com\/en\/wp-json\/wp\/v2\/media\/1950"}],"wp:attachment":[{"href":"https:\/\/audiobook-24.com\/en\/wp-json\/wp\/v2\/media?parent=1949"}],"wp:term":[{"taxonomy":"product_brand","embeddable":true,"href":"https:\/\/audiobook-24.com\/en\/wp-json\/wp\/v2\/product_brand?post=1949"},{"taxonomy":"product_cat","embeddable":true,"href":"https:\/\/audiobook-24.com\/en\/wp-json\/wp\/v2\/product_cat?post=1949"},{"taxonomy":"product_tag","embeddable":true,"href":"https:\/\/audiobook-24.com\/en\/wp-json\/wp\/v2\/product_tag?post=1949"}],"curies":[{"name":"wp","href":"https:\/\/api.w.org\/{rel}","templated":true}]}}