{"id":1947,"date":"2025-12-01T11:29:20","date_gmt":"2025-12-01T11:29:20","guid":{"rendered":"https:\/\/audiobook-24.com\/?post_type=product&#038;p=1947"},"modified":"2025-12-01T11:29:21","modified_gmt":"2025-12-01T11:29:21","slug":"%f0%9f%93%b1-erotik-e-reader-finally-legal-magazine-2011-11-original","status":"publish","type":"product","link":"https:\/\/audiobook-24.com\/en\/product\/%f0%9f%93%b1-erotik-e-reader-finally-legal-magazine-2011-11-original\/","title":{"rendered":"\ud83d\udcf1 Erotik E-Reader \u2013 Finally Legal Magazine \u2013 2011 \/ 11 Original"},"content":{"rendered":"<hr data-start=\"206\" data-end=\"209\" \/>\n<h1 data-start=\"211\" data-end=\"283\">\ud83d\udcf1 <strong data-start=\"216\" data-end=\"281\">Erotik E-Reader \u2013 Finally Legal Magazine \u2013 2011 \/ 11 Original<\/strong><\/h1>\n<h3 data-start=\"284\" data-end=\"371\">Frische \u00c4sthetik, klare Bildsprache \u2013 eine moderne Ausgabe mit vollj\u00e4hrigen Models.<\/h3>\n<p data-start=\"373\" data-end=\"745\">Die <strong data-start=\"377\" data-end=\"432\">Finally Legal Magazine \u2013 Original Ausgabe 11 \/ 2011<\/strong> pr\u00e4sentiert professionelle, hochwertig inszenierte Fotostrecken mit <strong data-start=\"501\" data-end=\"564\">jung wirkenden, aber selbstverst\u00e4ndlich vollj\u00e4hrigen Models<\/strong>. Die Ausgabe kombiniert nat\u00fcrliche Lichtf\u00fchrung, sanfte Farben und eine moderne, jugendliche \u00c4sthetik, die stilvolle Erotik und visuelle Eleganz harmonisch miteinander verbindet.<\/p>\n<p data-start=\"747\" data-end=\"1026\">Jede Fotoserie betont authentischen Ausdruck, nat\u00fcrliche Ausstrahlung und eine dezente Sinnlichkeit, die stets geschmackvoll bleibt. Die Bildgestaltung wirkt frisch, leicht und hochwertig \u2013 perfekt f\u00fcr alle, die erwachsene Models in \u00e4sthetischen, modernen Kompositionen sch\u00e4tzen.<\/p>\n<p data-start=\"1028\" data-end=\"1156\"><strong data-start=\"1028\" data-end=\"1156\">Ein digitales Magazin f\u00fcr Liebhaber eleganter Erotikfotografie, frischer Bildwelten und stilvoller Erwachsenendarstellungen.<\/strong><\/p>\n<hr data-start=\"1158\" data-end=\"1161\" \/>\n<h3 data-start=\"1163\" data-end=\"1198\">\ud83d\udcd8 <strong data-start=\"1170\" data-end=\"1196\">Format: E-Reader (PDF)<\/strong><\/h3>\n<p data-start=\"1200\" data-end=\"1352\">\u2b07\ufe0f Sofortiger Download f\u00fcr Handy<br data-start=\"1232\" data-end=\"1235\" \/>\u2b07\ufe0f Sofortiger Download f\u00fcr PC<br data-start=\"1264\" data-end=\"1267\" \/>\u2b07\ufe0f Sofortiger Download f\u00fcrs Tablet<br data-start=\"1301\" data-end=\"1304\" \/>\u2b07\ufe0f PDF-Download kompatibel mit allen E-Readern<\/p>\n<p data-start=\"1354\" data-end=\"1391\"><strong data-start=\"1354\" data-end=\"1391\">Einmal gekauft \u2013 f\u00fcr immer deins!<\/strong><\/p>","protected":false},"excerpt":{"rendered":"<p>\ud83d\udcf1 Erotik E-Reader \u2013 Finally Legal Magazine \u2013 2011 \/ 11 Original Frische \u00c4sthetik, klare Bildsprache \u2013 eine moderne Ausgabe mit vollj\u00e4hrigen Models. Die Finally Legal Magazine \u2013 Original Ausgabe 11 \/ 2011 pr\u00e4sentiert professionelle, hochwertig inszenierte Fotostrecken mit jung wirkenden, aber selbstverst\u00e4ndlich vollj\u00e4hrigen Models. Die Ausgabe kombiniert nat\u00fcrliche Lichtf\u00fchrung, sanfte Farben und eine moderne, [&hellip;]<\/p>\n","protected":false},"featured_media":1948,"comment_status":"open","ping_status":"closed","template":"","meta":[],"product_brand":[],"product_cat":[45],"product_tag":[],"class_list":{"0":"post-1947","1":"product","2":"type-product","3":"status-publish","4":"has-post-thumbnail","6":"product_cat-finally-legal-erotikmagazin","8":"first","9":"instock","10":"sale","11":"virtual","12":"purchasable","13":"product-type-simple"},"jetpack_sharing_enabled":true,"_links":{"self":[{"href":"https:\/\/audiobook-24.com\/en\/wp-json\/wp\/v2\/product\/1947","targetHints":{"allow":["GET"]}}],"collection":[{"href":"https:\/\/audiobook-24.com\/en\/wp-json\/wp\/v2\/product"}],"about":[{"href":"https:\/\/audiobook-24.com\/en\/wp-json\/wp\/v2\/types\/product"}],"replies":[{"embeddable":true,"href":"https:\/\/audiobook-24.com\/en\/wp-json\/wp\/v2\/comments?post=1947"}],"wp:featuredmedia":[{"embeddable":true,"href":"https:\/\/audiobook-24.com\/en\/wp-json\/wp\/v2\/media\/1948"}],"wp:attachment":[{"href":"https:\/\/audiobook-24.com\/en\/wp-json\/wp\/v2\/media?parent=1947"}],"wp:term":[{"taxonomy":"product_brand","embeddable":true,"href":"https:\/\/audiobook-24.com\/en\/wp-json\/wp\/v2\/product_brand?post=1947"},{"taxonomy":"product_cat","embeddable":true,"href":"https:\/\/audiobook-24.com\/en\/wp-json\/wp\/v2\/product_cat?post=1947"},{"taxonomy":"product_tag","embeddable":true,"href":"https:\/\/audiobook-24.com\/en\/wp-json\/wp\/v2\/product_tag?post=1947"}],"curies":[{"name":"wp","href":"https:\/\/api.w.org\/{rel}","templated":true}]}}