{"id":1945,"date":"2025-12-01T10:47:47","date_gmt":"2025-12-01T10:47:47","guid":{"rendered":"https:\/\/audiobook-24.com\/?post_type=product&#038;p=1945"},"modified":"2025-12-01T10:47:47","modified_gmt":"2025-12-01T10:47:47","slug":"%f0%9f%93%b1-erotik-e-reader-finally-legal-magazine-2015-06-original","status":"publish","type":"product","link":"https:\/\/audiobook-24.com\/en\/product\/%f0%9f%93%b1-erotik-e-reader-finally-legal-magazine-2015-06-original\/","title":{"rendered":"\ud83d\udcf1 Erotik E-Reader \u2013 Finally Legal Magazine \u2013 2015 \/ 06 Original"},"content":{"rendered":"<h1 data-start=\"196\" data-end=\"268\">\ud83d\udcf1 <strong data-start=\"201\" data-end=\"266\">Erotik E-Reader \u2013 Finally Legal Magazine \u2013 2015 \/ 06 Original<\/strong><\/h1>\n<h3 data-start=\"269\" data-end=\"381\">Sommerliche Frische, moderne Erotik \u2013 eine stilvolle Ausgabe mit vollj\u00e4hrigen Models in lebendiger \u00c4sthetik.<\/h3>\n<p data-start=\"383\" data-end=\"736\">Die <strong data-start=\"387\" data-end=\"442\">Finally Legal Magazine \u2013 Original Ausgabe 06 \/ 2015<\/strong> pr\u00e4sentiert hochwertige Fotostrecken mit <strong data-start=\"484\" data-end=\"541\">jung wirkenden, jedoch garantiert vollj\u00e4hrigen Models<\/strong>, die in einem hellen, sommerlich-leichten Stil inszeniert wurden. Klare Farben, nat\u00fcrliche Szenen und eine moderne Bildsprache verleihen dieser Edition einen frischen, authentischen Charakter.<\/p>\n<p data-start=\"738\" data-end=\"1028\">Die Fotostrecken setzen auf selbstbewusste Darstellung, spielerische Leichtigkeit und dezente Erotik, die stets \u00e4sthetisch und geschmackvoll bleibt. Jede Aufnahme wirkt professionell, nat\u00fcrlich und visuell harmonisch \u2014 perfekt f\u00fcr Liebhaber moderner Erotikfotografie mit erwachsenen Models.<\/p>\n<p data-start=\"1030\" data-end=\"1170\"><strong data-start=\"1030\" data-end=\"1170\">Ein digitales Magazin f\u00fcr alle, die hochwertige Fotokunst, nat\u00fcrliche Eleganz und eine zeitgem\u00e4\u00dfe Darstellung von Sinnlichkeit sch\u00e4tzen.<\/strong><\/p>\n<hr data-start=\"1172\" data-end=\"1175\" \/>\n<h3 data-start=\"1177\" data-end=\"1212\">\ud83d\udcd8 <strong data-start=\"1184\" data-end=\"1210\">Format: E-Reader (PDF)<\/strong><\/h3>\n<p data-start=\"1214\" data-end=\"1366\">\u2b07\ufe0f Sofortiger Download f\u00fcr Handy<br data-start=\"1246\" data-end=\"1249\" \/>\u2b07\ufe0f Sofortiger Download f\u00fcr PC<br data-start=\"1278\" data-end=\"1281\" \/>\u2b07\ufe0f Sofortiger Download f\u00fcrs Tablet<br data-start=\"1315\" data-end=\"1318\" \/>\u2b07\ufe0f PDF-Download kompatibel mit allen E-Readern<\/p>\n<p data-start=\"1368\" data-end=\"1405\"><strong data-start=\"1368\" data-end=\"1405\">Einmal gekauft \u2013 f\u00fcr immer deins!<\/strong><\/p>","protected":false},"excerpt":{"rendered":"<p>\ud83d\udcf1 Erotik E-Reader \u2013 Finally Legal Magazine \u2013 2015 \/ 06 Original Sommerliche Frische, moderne Erotik \u2013 eine stilvolle Ausgabe mit vollj\u00e4hrigen Models in lebendiger \u00c4sthetik. Die Finally Legal Magazine \u2013 Original Ausgabe 06 \/ 2015 pr\u00e4sentiert hochwertige Fotostrecken mit jung wirkenden, jedoch garantiert vollj\u00e4hrigen Models, die in einem hellen, sommerlich-leichten Stil inszeniert wurden. Klare [&hellip;]<\/p>\n","protected":false},"featured_media":1946,"comment_status":"open","ping_status":"closed","template":"","meta":[],"product_brand":[],"product_cat":[45],"product_tag":[],"class_list":{"0":"post-1945","1":"product","2":"type-product","3":"status-publish","4":"has-post-thumbnail","6":"product_cat-finally-legal-erotikmagazin","8":"first","9":"instock","10":"sale","11":"virtual","12":"purchasable","13":"product-type-simple"},"jetpack_sharing_enabled":true,"_links":{"self":[{"href":"https:\/\/audiobook-24.com\/en\/wp-json\/wp\/v2\/product\/1945","targetHints":{"allow":["GET"]}}],"collection":[{"href":"https:\/\/audiobook-24.com\/en\/wp-json\/wp\/v2\/product"}],"about":[{"href":"https:\/\/audiobook-24.com\/en\/wp-json\/wp\/v2\/types\/product"}],"replies":[{"embeddable":true,"href":"https:\/\/audiobook-24.com\/en\/wp-json\/wp\/v2\/comments?post=1945"}],"wp:featuredmedia":[{"embeddable":true,"href":"https:\/\/audiobook-24.com\/en\/wp-json\/wp\/v2\/media\/1946"}],"wp:attachment":[{"href":"https:\/\/audiobook-24.com\/en\/wp-json\/wp\/v2\/media?parent=1945"}],"wp:term":[{"taxonomy":"product_brand","embeddable":true,"href":"https:\/\/audiobook-24.com\/en\/wp-json\/wp\/v2\/product_brand?post=1945"},{"taxonomy":"product_cat","embeddable":true,"href":"https:\/\/audiobook-24.com\/en\/wp-json\/wp\/v2\/product_cat?post=1945"},{"taxonomy":"product_tag","embeddable":true,"href":"https:\/\/audiobook-24.com\/en\/wp-json\/wp\/v2\/product_tag?post=1945"}],"curies":[{"name":"wp","href":"https:\/\/api.w.org\/{rel}","templated":true}]}}