{"id":1943,"date":"2025-12-01T10:45:56","date_gmt":"2025-12-01T10:45:56","guid":{"rendered":"https:\/\/audiobook-24.com\/?post_type=product&#038;p=1943"},"modified":"2025-12-01T10:45:57","modified_gmt":"2025-12-01T10:45:57","slug":"%f0%9f%93%b1-erotik-e-reader-finally-legal-magazine-2015-04-original","status":"publish","type":"product","link":"https:\/\/audiobook-24.com\/en\/product\/%f0%9f%93%b1-erotik-e-reader-finally-legal-magazine-2015-04-original\/","title":{"rendered":"\ud83d\udcf1 Erotik E-Reader \u2013 Finally Legal Magazine \u2013 2015 \/ 04 Original"},"content":{"rendered":"<h1 data-start=\"196\" data-end=\"268\">\ud83d\udcf1 <strong data-start=\"201\" data-end=\"266\">Erotik E-Reader \u2013 Finally Legal Magazine \u2013 2015 \/ 04 Original<\/strong><\/h1>\n<h3 data-start=\"269\" data-end=\"383\">Stilvolle Sinnlichkeit, klare Bildwelten \u2013 eine moderne Ausgabe mit vollj\u00e4hrigen Models und frischer \u00c4sthetik.<\/h3>\n<p data-start=\"385\" data-end=\"750\">Die <strong data-start=\"389\" data-end=\"444\">Finally Legal Magazine \u2013 Original Ausgabe 04 \/ 2015<\/strong> pr\u00e4sentiert hochwertig produzierte Fotostrecken mit <strong data-start=\"497\" data-end=\"552\">jung wirkenden, aber garantiert vollj\u00e4hrigen Models<\/strong>, die in einem modernen, nat\u00fcrlichen Look inszeniert wurden. Die Edition kombiniert helle Farben, feine Kontraste und eine klare Fotografie, die Eleganz und dezente Erotik geschmackvoll verbindet.<\/p>\n<p data-start=\"752\" data-end=\"1069\">Die Serien zeigen selbstbewusste Pr\u00e4sentation, nat\u00fcrliche Ausstrahlung und eine optische Leichtigkeit, die die professionelle Bildgestaltung besonders hervorhebt. Jede Aufnahme wirkt frisch, ausgewogen und hochwertig \u2013 ideal f\u00fcr alle, die stilvolle Erotik und erwachsene Models in \u00e4sthetischer Darstellung bevorzugen.<\/p>\n<p data-start=\"1071\" data-end=\"1192\"><strong data-start=\"1071\" data-end=\"1192\">Ein digitales Magazin f\u00fcr Liebhaber zeitgem\u00e4\u00dfer Erotikfotografie, nat\u00fcrlicher Sch\u00f6nheit und moderner Bildkomposition.<\/strong><\/p>\n<hr data-start=\"1194\" data-end=\"1197\" \/>\n<h3 data-start=\"1199\" data-end=\"1234\">\ud83d\udcd8 <strong data-start=\"1206\" data-end=\"1232\">Format: E-Reader (PDF)<\/strong><\/h3>\n<p data-start=\"1236\" data-end=\"1388\">\u2b07\ufe0f Sofortiger Download f\u00fcr Handy<br data-start=\"1268\" data-end=\"1271\" \/>\u2b07\ufe0f Sofortiger Download f\u00fcr PC<br data-start=\"1300\" data-end=\"1303\" \/>\u2b07\ufe0f Sofortiger Download f\u00fcrs Tablet<br data-start=\"1337\" data-end=\"1340\" \/>\u2b07\ufe0f PDF-Download kompatibel mit allen E-Readern<\/p>\n<p data-start=\"1390\" data-end=\"1427\"><strong data-start=\"1390\" data-end=\"1427\">Einmal gekauft \u2013 f\u00fcr immer deins!<\/strong><\/p>","protected":false},"excerpt":{"rendered":"<p>\ud83d\udcf1 Erotik E-Reader \u2013 Finally Legal Magazine \u2013 2015 \/ 04 Original Stilvolle Sinnlichkeit, klare Bildwelten \u2013 eine moderne Ausgabe mit vollj\u00e4hrigen Models und frischer \u00c4sthetik. Die Finally Legal Magazine \u2013 Original Ausgabe 04 \/ 2015 pr\u00e4sentiert hochwertig produzierte Fotostrecken mit jung wirkenden, aber garantiert vollj\u00e4hrigen Models, die in einem modernen, nat\u00fcrlichen Look inszeniert wurden. [&hellip;]<\/p>\n","protected":false},"featured_media":1944,"comment_status":"open","ping_status":"closed","template":"","meta":[],"product_brand":[],"product_cat":[45],"product_tag":[],"class_list":{"0":"post-1943","1":"product","2":"type-product","3":"status-publish","4":"has-post-thumbnail","6":"product_cat-finally-legal-erotikmagazin","8":"first","9":"instock","10":"sale","11":"virtual","12":"purchasable","13":"product-type-simple"},"jetpack_sharing_enabled":true,"_links":{"self":[{"href":"https:\/\/audiobook-24.com\/en\/wp-json\/wp\/v2\/product\/1943","targetHints":{"allow":["GET"]}}],"collection":[{"href":"https:\/\/audiobook-24.com\/en\/wp-json\/wp\/v2\/product"}],"about":[{"href":"https:\/\/audiobook-24.com\/en\/wp-json\/wp\/v2\/types\/product"}],"replies":[{"embeddable":true,"href":"https:\/\/audiobook-24.com\/en\/wp-json\/wp\/v2\/comments?post=1943"}],"wp:featuredmedia":[{"embeddable":true,"href":"https:\/\/audiobook-24.com\/en\/wp-json\/wp\/v2\/media\/1944"}],"wp:attachment":[{"href":"https:\/\/audiobook-24.com\/en\/wp-json\/wp\/v2\/media?parent=1943"}],"wp:term":[{"taxonomy":"product_brand","embeddable":true,"href":"https:\/\/audiobook-24.com\/en\/wp-json\/wp\/v2\/product_brand?post=1943"},{"taxonomy":"product_cat","embeddable":true,"href":"https:\/\/audiobook-24.com\/en\/wp-json\/wp\/v2\/product_cat?post=1943"},{"taxonomy":"product_tag","embeddable":true,"href":"https:\/\/audiobook-24.com\/en\/wp-json\/wp\/v2\/product_tag?post=1943"}],"curies":[{"name":"wp","href":"https:\/\/api.w.org\/{rel}","templated":true}]}}