{"id":1941,"date":"2025-12-01T10:43:24","date_gmt":"2025-12-01T10:43:24","guid":{"rendered":"https:\/\/audiobook-24.com\/?post_type=product&#038;p=1941"},"modified":"2025-12-01T10:43:24","modified_gmt":"2025-12-01T10:43:24","slug":"%f0%9f%93%b1-erotik-e-reader-finally-legal-magazine-2015-01-original","status":"publish","type":"product","link":"https:\/\/audiobook-24.com\/en\/product\/%f0%9f%93%b1-erotik-e-reader-finally-legal-magazine-2015-01-original\/","title":{"rendered":"\ud83d\udcf1 Erotik E-Reader \u2013 Finally Legal Magazine \u2013 2015 \/ 01 Original"},"content":{"rendered":"<h1 data-start=\"204\" data-end=\"276\">\ud83d\udcf1 <strong data-start=\"209\" data-end=\"274\">Erotik E-Reader \u2013 Finally Legal Magazine \u2013 2015 \/ 01 Original<\/strong><\/h1>\n<h3 data-start=\"277\" data-end=\"383\">Klare \u00c4sthetik, moderne Sinnlichkeit \u2013 eine frische Ausgabe mit vollj\u00e4hrigen Models im eleganten Look.<\/h3>\n<p data-start=\"385\" data-end=\"744\">Die <strong data-start=\"389\" data-end=\"444\">Finally Legal Magazine \u2013 Original Ausgabe 01 \/ 2015<\/strong> pr\u00e4sentiert hochwertig fotografierte Serien mit <strong data-start=\"493\" data-end=\"548\">jung wirkenden, aber garantiert vollj\u00e4hrigen Models<\/strong>, die in moderner, nat\u00fcrlicher Bildsprache inszeniert wurden. Die Kombination aus hellen Farben, weichem Licht und lebendigen Posen verleiht dieser Edition eine frische, zeitgem\u00e4\u00dfe Ausstrahlung.<\/p>\n<p data-start=\"746\" data-end=\"1024\">Die Fotostrecken setzen auf \u00e4sthetische Pr\u00e4sentation, authentischen Ausdruck und eine dezente erotische Note, die stets geschmackvoll bleibt. Die Ausgabe wirkt leicht, hochwertig und visuell klar, mit einem Fokus auf Eleganz, jugendliche Frische und professionelle Fotografie.<\/p>\n<p data-start=\"1026\" data-end=\"1174\"><strong data-start=\"1026\" data-end=\"1174\">Ein digitales Magazin f\u00fcr alle, die moderne Erotikfotografie, nat\u00fcrliche Ausstrahlung und erwachsene Models in stilvoller Inszenierung sch\u00e4tzen.<\/strong><\/p>\n<hr data-start=\"1176\" data-end=\"1179\" \/>\n<h3 data-start=\"1181\" data-end=\"1216\">\ud83d\udcd8 <strong data-start=\"1188\" data-end=\"1214\">Format: E-Reader (PDF)<\/strong><\/h3>\n<p data-start=\"1218\" data-end=\"1370\">\u2b07\ufe0f Sofortiger Download f\u00fcr Handy<br data-start=\"1250\" data-end=\"1253\" \/>\u2b07\ufe0f Sofortiger Download f\u00fcr PC<br data-start=\"1282\" data-end=\"1285\" \/>\u2b07\ufe0f Sofortiger Download f\u00fcrs Tablet<br data-start=\"1319\" data-end=\"1322\" \/>\u2b07\ufe0f PDF-Download kompatibel mit allen E-Readern<\/p>\n<p data-start=\"1372\" data-end=\"1409\"><strong data-start=\"1372\" data-end=\"1409\">Einmal gekauft \u2013 f\u00fcr immer deins!<\/strong><\/p>","protected":false},"excerpt":{"rendered":"<p>\ud83d\udcf1 Erotik E-Reader \u2013 Finally Legal Magazine \u2013 2015 \/ 01 Original Klare \u00c4sthetik, moderne Sinnlichkeit \u2013 eine frische Ausgabe mit vollj\u00e4hrigen Models im eleganten Look. Die Finally Legal Magazine \u2013 Original Ausgabe 01 \/ 2015 pr\u00e4sentiert hochwertig fotografierte Serien mit jung wirkenden, aber garantiert vollj\u00e4hrigen Models, die in moderner, nat\u00fcrlicher Bildsprache inszeniert wurden. Die [&hellip;]<\/p>\n","protected":false},"featured_media":1942,"comment_status":"open","ping_status":"closed","template":"","meta":[],"product_brand":[],"product_cat":[45],"product_tag":[],"class_list":{"0":"post-1941","1":"product","2":"type-product","3":"status-publish","4":"has-post-thumbnail","6":"product_cat-finally-legal-erotikmagazin","8":"first","9":"instock","10":"sale","11":"virtual","12":"purchasable","13":"product-type-simple"},"jetpack_sharing_enabled":true,"_links":{"self":[{"href":"https:\/\/audiobook-24.com\/en\/wp-json\/wp\/v2\/product\/1941","targetHints":{"allow":["GET"]}}],"collection":[{"href":"https:\/\/audiobook-24.com\/en\/wp-json\/wp\/v2\/product"}],"about":[{"href":"https:\/\/audiobook-24.com\/en\/wp-json\/wp\/v2\/types\/product"}],"replies":[{"embeddable":true,"href":"https:\/\/audiobook-24.com\/en\/wp-json\/wp\/v2\/comments?post=1941"}],"wp:featuredmedia":[{"embeddable":true,"href":"https:\/\/audiobook-24.com\/en\/wp-json\/wp\/v2\/media\/1942"}],"wp:attachment":[{"href":"https:\/\/audiobook-24.com\/en\/wp-json\/wp\/v2\/media?parent=1941"}],"wp:term":[{"taxonomy":"product_brand","embeddable":true,"href":"https:\/\/audiobook-24.com\/en\/wp-json\/wp\/v2\/product_brand?post=1941"},{"taxonomy":"product_cat","embeddable":true,"href":"https:\/\/audiobook-24.com\/en\/wp-json\/wp\/v2\/product_cat?post=1941"},{"taxonomy":"product_tag","embeddable":true,"href":"https:\/\/audiobook-24.com\/en\/wp-json\/wp\/v2\/product_tag?post=1941"}],"curies":[{"name":"wp","href":"https:\/\/api.w.org\/{rel}","templated":true}]}}