{"id":1939,"date":"2025-12-01T10:41:17","date_gmt":"2025-12-01T10:41:17","guid":{"rendered":"https:\/\/audiobook-24.com\/?post_type=product&#038;p=1939"},"modified":"2025-12-01T10:41:17","modified_gmt":"2025-12-01T10:41:17","slug":"%f0%9f%93%b1-erotik-e-reader-finally-legal-magazine-2013-07-original","status":"publish","type":"product","link":"https:\/\/audiobook-24.com\/en\/product\/%f0%9f%93%b1-erotik-e-reader-finally-legal-magazine-2013-07-original\/","title":{"rendered":"\ud83d\udcf1 Erotik E-Reader \u2013 Finally Legal Magazine \u2013 2013 \/ 07 Original"},"content":{"rendered":"<h1 data-start=\"197\" data-end=\"269\">\ud83d\udcf1 <strong data-start=\"202\" data-end=\"267\">Erotik E-Reader \u2013 Finally Legal Magazine \u2013 2013 \/ 07 Original<\/strong><\/h1>\n<h3 data-start=\"270\" data-end=\"376\">Sommerliche Leichtigkeit, moderne Sinnlichkeit \u2013 eine Ausgabe voller \u00c4sthetik mit vollj\u00e4hrigen Models.<\/h3>\n<p data-start=\"378\" data-end=\"752\">Die <strong data-start=\"382\" data-end=\"437\">Finally Legal Magazine \u2013 Original Ausgabe 07 \/ 2013<\/strong> pr\u00e4sentiert hochwertig fotografierte Serien mit <strong data-start=\"486\" data-end=\"549\">jung wirkenden, aber selbstverst\u00e4ndlich vollj\u00e4hrigen Models<\/strong>, die in einem frischen, sommerlichen Look in Szene gesetzt wurden. Klare Farben, sanftes Licht und eine moderne Bildsprache verleihen dieser Edition eine besonders lebendige und nat\u00fcrliche Atmosph\u00e4re.<\/p>\n<p data-start=\"754\" data-end=\"1037\">Die Fotostrecken zeigen selbstbewusste Ausstrahlung, jugendliche Eleganz und dezente erotische Nuancen \u2013 stets geschmackvoll und professionell inszeniert. Jede Szene wirkt authentisch, leicht und hochwertig, wobei der Fokus auf \u00c4sthetik, Pers\u00f6nlichkeit und visueller Frische liegt.<\/p>\n<p data-start=\"1039\" data-end=\"1181\"><strong data-start=\"1039\" data-end=\"1181\">Ein digitales Magazin f\u00fcr alle, die elegante Erotikfotografie, moderne \u00c4sthetik und erwachsene Models in stilvoller Pr\u00e4sentation sch\u00e4tzen.<\/strong><\/p>\n<hr data-start=\"1183\" data-end=\"1186\" \/>\n<h3 data-start=\"1188\" data-end=\"1223\">\ud83d\udcd8 <strong data-start=\"1195\" data-end=\"1221\">Format: E-Reader (PDF)<\/strong><\/h3>\n<p data-start=\"1225\" data-end=\"1377\">\u2b07\ufe0f Sofortiger Download f\u00fcr Handy<br data-start=\"1257\" data-end=\"1260\" \/>\u2b07\ufe0f Sofortiger Download f\u00fcr PC<br data-start=\"1289\" data-end=\"1292\" \/>\u2b07\ufe0f Sofortiger Download f\u00fcrs Tablet<br data-start=\"1326\" data-end=\"1329\" \/>\u2b07\ufe0f PDF-Download kompatibel mit allen E-Readern<\/p>\n<p data-start=\"1379\" data-end=\"1416\"><strong data-start=\"1379\" data-end=\"1416\">Einmal gekauft \u2013 f\u00fcr immer deins!<\/strong><\/p>","protected":false},"excerpt":{"rendered":"<p>\ud83d\udcf1 Erotik E-Reader \u2013 Finally Legal Magazine \u2013 2013 \/ 07 Original Sommerliche Leichtigkeit, moderne Sinnlichkeit \u2013 eine Ausgabe voller \u00c4sthetik mit vollj\u00e4hrigen Models. Die Finally Legal Magazine \u2013 Original Ausgabe 07 \/ 2013 pr\u00e4sentiert hochwertig fotografierte Serien mit jung wirkenden, aber selbstverst\u00e4ndlich vollj\u00e4hrigen Models, die in einem frischen, sommerlichen Look in Szene gesetzt wurden. [&hellip;]<\/p>\n","protected":false},"featured_media":1940,"comment_status":"open","ping_status":"closed","template":"","meta":[],"product_brand":[],"product_cat":[45],"product_tag":[],"class_list":{"0":"post-1939","1":"product","2":"type-product","3":"status-publish","4":"has-post-thumbnail","6":"product_cat-finally-legal-erotikmagazin","8":"first","9":"instock","10":"sale","11":"virtual","12":"purchasable","13":"product-type-simple"},"jetpack_sharing_enabled":true,"_links":{"self":[{"href":"https:\/\/audiobook-24.com\/en\/wp-json\/wp\/v2\/product\/1939","targetHints":{"allow":["GET"]}}],"collection":[{"href":"https:\/\/audiobook-24.com\/en\/wp-json\/wp\/v2\/product"}],"about":[{"href":"https:\/\/audiobook-24.com\/en\/wp-json\/wp\/v2\/types\/product"}],"replies":[{"embeddable":true,"href":"https:\/\/audiobook-24.com\/en\/wp-json\/wp\/v2\/comments?post=1939"}],"wp:featuredmedia":[{"embeddable":true,"href":"https:\/\/audiobook-24.com\/en\/wp-json\/wp\/v2\/media\/1940"}],"wp:attachment":[{"href":"https:\/\/audiobook-24.com\/en\/wp-json\/wp\/v2\/media?parent=1939"}],"wp:term":[{"taxonomy":"product_brand","embeddable":true,"href":"https:\/\/audiobook-24.com\/en\/wp-json\/wp\/v2\/product_brand?post=1939"},{"taxonomy":"product_cat","embeddable":true,"href":"https:\/\/audiobook-24.com\/en\/wp-json\/wp\/v2\/product_cat?post=1939"},{"taxonomy":"product_tag","embeddable":true,"href":"https:\/\/audiobook-24.com\/en\/wp-json\/wp\/v2\/product_tag?post=1939"}],"curies":[{"name":"wp","href":"https:\/\/api.w.org\/{rel}","templated":true}]}}