{"id":1935,"date":"2025-12-01T10:37:15","date_gmt":"2025-12-01T10:37:15","guid":{"rendered":"https:\/\/audiobook-24.com\/?post_type=product&#038;p=1935"},"modified":"2025-12-01T10:37:15","modified_gmt":"2025-12-01T10:37:15","slug":"%f0%9f%93%b1-erotik-e-reader-finally-legal-magazine-2013-01-original","status":"publish","type":"product","link":"https:\/\/audiobook-24.com\/en\/product\/%f0%9f%93%b1-erotik-e-reader-finally-legal-magazine-2013-01-original\/","title":{"rendered":"\ud83d\udcf1 Erotik E-Reader \u2013 Finally Legal Magazine \u2013 2013 \/ 01 Original"},"content":{"rendered":"<h1 data-start=\"188\" data-end=\"260\">\ud83d\udcf1 <strong data-start=\"193\" data-end=\"258\">Erotik E-Reader \u2013 Finally Legal Magazine \u2013 2013 \/ 01 Original<\/strong><\/h1>\n<h3 data-start=\"261\" data-end=\"375\">Moderne Frische, klare \u00c4sthetik \u2013 eine stilvolle Ausgabe mit vollj\u00e4hrigen Models im jugendlich-eleganten Look.<\/h3>\n<p data-start=\"377\" data-end=\"771\">Die <strong data-start=\"381\" data-end=\"436\">Finally Legal Magazine \u2013 Original Ausgabe 01 \/ 2013<\/strong> pr\u00e4sentiert hochwertige Fotostrecken mit <strong data-start=\"478\" data-end=\"541\">jung wirkenden, aber selbstverst\u00e4ndlich vollj\u00e4hrigen Models<\/strong>, die in nat\u00fcrlicher, moderner Optik inszeniert wurden. Die Edition setzt auf helle Farben, lebendige Szenen und eine zeitgem\u00e4\u00dfe, \u00e4sthetische Bildsprache, die Nat\u00fcrlichkeit und dezente Erotik geschmackvoll miteinander verbindet.<\/p>\n<p data-start=\"773\" data-end=\"1093\">Die Fotoserien zeigen selbstbewusste Ausstrahlung, spielerische Leichtigkeit und eine hochwertige fotografische Umsetzung. Jede Szene bleibt stilvoll, elegant und bewusst nicht \u00fcberzeichnet. Die Ausgabe richtet sich an all jene, die eine angenehme Mischung aus Jugendlichkeit, Eleganz und erwachsener Fotokunst sch\u00e4tzen.<\/p>\n<p data-start=\"1095\" data-end=\"1246\"><strong data-start=\"1095\" data-end=\"1246\">Ein digitales Magazin f\u00fcr alle, die moderne Erotikfotografie, authentische \u00c4sthetik und vollj\u00e4hrige Models in geschmackvollen Kompositionen lieben.<\/strong><\/p>\n<hr data-start=\"1248\" data-end=\"1251\" \/>\n<h3 data-start=\"1253\" data-end=\"1288\">\ud83d\udcd8 <strong data-start=\"1260\" data-end=\"1286\">Format: E-Reader (PDF)<\/strong><\/h3>\n<p data-start=\"1290\" data-end=\"1442\">\u2b07\ufe0f Sofortiger Download f\u00fcr Handy<br data-start=\"1322\" data-end=\"1325\" \/>\u2b07\ufe0f Sofortiger Download f\u00fcr PC<br data-start=\"1354\" data-end=\"1357\" \/>\u2b07\ufe0f Sofortiger Download f\u00fcrs Tablet<br data-start=\"1391\" data-end=\"1394\" \/>\u2b07\ufe0f PDF-Download kompatibel mit allen E-Readern<\/p>\n<p data-start=\"1444\" data-end=\"1481\"><strong data-start=\"1444\" data-end=\"1481\">Einmal gekauft \u2013 f\u00fcr immer deins!<\/strong><\/p>","protected":false},"excerpt":{"rendered":"<p>\ud83d\udcf1 Erotik E-Reader \u2013 Finally Legal Magazine \u2013 2013 \/ 01 Original Moderne Frische, klare \u00c4sthetik \u2013 eine stilvolle Ausgabe mit vollj\u00e4hrigen Models im jugendlich-eleganten Look. Die Finally Legal Magazine \u2013 Original Ausgabe 01 \/ 2013 pr\u00e4sentiert hochwertige Fotostrecken mit jung wirkenden, aber selbstverst\u00e4ndlich vollj\u00e4hrigen Models, die in nat\u00fcrlicher, moderner Optik inszeniert wurden. Die Edition [&hellip;]<\/p>\n","protected":false},"featured_media":1936,"comment_status":"open","ping_status":"closed","template":"","meta":[],"product_brand":[],"product_cat":[45],"product_tag":[],"class_list":{"0":"post-1935","1":"product","2":"type-product","3":"status-publish","4":"has-post-thumbnail","6":"product_cat-finally-legal-erotikmagazin","8":"first","9":"instock","10":"sale","11":"virtual","12":"purchasable","13":"product-type-simple"},"jetpack_sharing_enabled":true,"_links":{"self":[{"href":"https:\/\/audiobook-24.com\/en\/wp-json\/wp\/v2\/product\/1935","targetHints":{"allow":["GET"]}}],"collection":[{"href":"https:\/\/audiobook-24.com\/en\/wp-json\/wp\/v2\/product"}],"about":[{"href":"https:\/\/audiobook-24.com\/en\/wp-json\/wp\/v2\/types\/product"}],"replies":[{"embeddable":true,"href":"https:\/\/audiobook-24.com\/en\/wp-json\/wp\/v2\/comments?post=1935"}],"wp:featuredmedia":[{"embeddable":true,"href":"https:\/\/audiobook-24.com\/en\/wp-json\/wp\/v2\/media\/1936"}],"wp:attachment":[{"href":"https:\/\/audiobook-24.com\/en\/wp-json\/wp\/v2\/media?parent=1935"}],"wp:term":[{"taxonomy":"product_brand","embeddable":true,"href":"https:\/\/audiobook-24.com\/en\/wp-json\/wp\/v2\/product_brand?post=1935"},{"taxonomy":"product_cat","embeddable":true,"href":"https:\/\/audiobook-24.com\/en\/wp-json\/wp\/v2\/product_cat?post=1935"},{"taxonomy":"product_tag","embeddable":true,"href":"https:\/\/audiobook-24.com\/en\/wp-json\/wp\/v2\/product_tag?post=1935"}],"curies":[{"name":"wp","href":"https:\/\/api.w.org\/{rel}","templated":true}]}}