{"id":1933,"date":"2025-12-01T10:25:06","date_gmt":"2025-12-01T10:25:06","guid":{"rendered":"https:\/\/audiobook-24.com\/?post_type=product&#038;p=1933"},"modified":"2025-12-01T10:34:40","modified_gmt":"2025-12-01T10:34:40","slug":"%f0%9f%93%b1-erotik-e-reader-finally-legal-magazine-2012-11-original","status":"publish","type":"product","link":"https:\/\/audiobook-24.com\/en\/product\/%f0%9f%93%b1-erotik-e-reader-finally-legal-magazine-2012-11-original\/","title":{"rendered":"\ud83d\udcf1 Erotik E-Reader \u2013 Finally Legal Magazine \u2013 2012 \/ 11 Original"},"content":{"rendered":"<h1 data-start=\"235\" data-end=\"307\">\ud83d\udcf1 <strong data-start=\"240\" data-end=\"305\">Erotik E-Reader \u2013 Finally Legal Magazine \u2013 2012 \/ 11 Original<\/strong><\/h1>\n<h3 data-start=\"308\" data-end=\"414\">Frische \u00c4sthetik, moderne Erotik \u2013 eine stilvolle Ausgabe mit vollj\u00e4hrigen Models im nat\u00fcrlichen Look.<\/h3>\n<p data-start=\"416\" data-end=\"762\">Die <strong data-start=\"420\" data-end=\"475\">Finally Legal Magazine \u2013 Original Ausgabe 11 \/ 2012<\/strong> zeigt hochwertige, professionell inszenierte Fotoserien mit <strong data-start=\"536\" data-end=\"593\">jung wirkenden, jedoch garantiert vollj\u00e4hrigen Models<\/strong>. Diese Ausgabe setzt auf nat\u00fcrliche Lichtf\u00fchrung, klare Farben und eine moderne, lebendige Bildsprache, die zeitgem\u00e4\u00dfe Sinnlichkeit mit eleganter Fotokunst verbindet.<\/p>\n<p data-start=\"764\" data-end=\"1042\">Die Fotostrecken pr\u00e4sentieren selbstbewusste Ausstrahlung, authentischen Charme und dezente erotische Nuancen \u2013 stets geschmackvoll, hochwertig und mit Fokus auf \u00c4sthetik statt Provokation. Jede Szene wirkt leicht, frisch und visuell ansprechend, ohne explizite Darstellungen.<\/p>\n<p data-start=\"1044\" data-end=\"1207\"><strong data-start=\"1044\" data-end=\"1207\">Ein digitales Magazin f\u00fcr alle, die moderne Erotikfotografie, jugendlich-frische Eleganz und erwachsene Models in stilvollen Inszenierungen zu sch\u00e4tzen wissen.<\/strong><\/p>\n<hr data-start=\"1209\" data-end=\"1212\" \/>\n<h3 data-start=\"1214\" data-end=\"1249\">\ud83d\udcd8 <strong data-start=\"1221\" data-end=\"1247\">Format: E-Reader (PDF)<\/strong><\/h3>\n<p data-start=\"1251\" data-end=\"1403\">\u2b07\ufe0f Sofortiger Download f\u00fcr Handy<br data-start=\"1283\" data-end=\"1286\" \/>\u2b07\ufe0f Sofortiger Download f\u00fcr PC<br data-start=\"1315\" data-end=\"1318\" \/>\u2b07\ufe0f Sofortiger Download f\u00fcrs Tablet<br data-start=\"1352\" data-end=\"1355\" \/>\u2b07\ufe0f PDF-Download kompatibel mit allen E-Readern<\/p>\n<p data-start=\"1405\" data-end=\"1442\"><strong data-start=\"1405\" data-end=\"1442\">Einmal gekauft \u2013 f\u00fcr immer deins!<\/strong><\/p>","protected":false},"excerpt":{"rendered":"<p>\ud83d\udcf1 Erotik E-Reader \u2013 Finally Legal Magazine \u2013 2012 \/ 11 Original Frische \u00c4sthetik, moderne Erotik \u2013 eine stilvolle Ausgabe mit vollj\u00e4hrigen Models im nat\u00fcrlichen Look. Die Finally Legal Magazine \u2013 Original Ausgabe 11 \/ 2012 zeigt hochwertige, professionell inszenierte Fotoserien mit jung wirkenden, jedoch garantiert vollj\u00e4hrigen Models. Diese Ausgabe setzt auf nat\u00fcrliche Lichtf\u00fchrung, klare [&hellip;]<\/p>\n","protected":false},"featured_media":1934,"comment_status":"open","ping_status":"closed","template":"","meta":[],"product_brand":[],"product_cat":[45],"product_tag":[],"class_list":{"0":"post-1933","1":"product","2":"type-product","3":"status-publish","4":"has-post-thumbnail","6":"product_cat-finally-legal-erotikmagazin","8":"first","9":"instock","10":"sale","11":"virtual","12":"purchasable","13":"product-type-simple"},"jetpack_sharing_enabled":true,"_links":{"self":[{"href":"https:\/\/audiobook-24.com\/en\/wp-json\/wp\/v2\/product\/1933","targetHints":{"allow":["GET"]}}],"collection":[{"href":"https:\/\/audiobook-24.com\/en\/wp-json\/wp\/v2\/product"}],"about":[{"href":"https:\/\/audiobook-24.com\/en\/wp-json\/wp\/v2\/types\/product"}],"replies":[{"embeddable":true,"href":"https:\/\/audiobook-24.com\/en\/wp-json\/wp\/v2\/comments?post=1933"}],"wp:featuredmedia":[{"embeddable":true,"href":"https:\/\/audiobook-24.com\/en\/wp-json\/wp\/v2\/media\/1934"}],"wp:attachment":[{"href":"https:\/\/audiobook-24.com\/en\/wp-json\/wp\/v2\/media?parent=1933"}],"wp:term":[{"taxonomy":"product_brand","embeddable":true,"href":"https:\/\/audiobook-24.com\/en\/wp-json\/wp\/v2\/product_brand?post=1933"},{"taxonomy":"product_cat","embeddable":true,"href":"https:\/\/audiobook-24.com\/en\/wp-json\/wp\/v2\/product_cat?post=1933"},{"taxonomy":"product_tag","embeddable":true,"href":"https:\/\/audiobook-24.com\/en\/wp-json\/wp\/v2\/product_tag?post=1933"}],"curies":[{"name":"wp","href":"https:\/\/api.w.org\/{rel}","templated":true}]}}