{"id":1931,"date":"2025-12-01T10:14:45","date_gmt":"2025-12-01T10:14:45","guid":{"rendered":"https:\/\/audiobook-24.com\/?post_type=product&#038;p=1931"},"modified":"2025-12-01T10:14:45","modified_gmt":"2025-12-01T10:14:45","slug":"%f0%9f%93%b1-erotik-e-reader-finally-legal-magazine-2009-04","status":"publish","type":"product","link":"https:\/\/audiobook-24.com\/en\/product\/%f0%9f%93%b1-erotik-e-reader-finally-legal-magazine-2009-04\/","title":{"rendered":"\ud83d\udcf1 Erotik E-Reader \u2013 Finally Legal Magazine \u2013 2009 \/ 04"},"content":{"rendered":"<h1 data-start=\"192\" data-end=\"255\">\ud83d\udcf1 <strong data-start=\"197\" data-end=\"253\">Erotik E-Reader \u2013 Finally Legal Magazine \u2013 2009 \/ 04<\/strong><\/h1>\n<h3 data-start=\"256\" data-end=\"342\">Junge Eleganz, klare Bildsprache \u2013 eine stilvolle Ausgabe mit vollj\u00e4hrigen Models.<\/h3>\n<p data-start=\"344\" data-end=\"657\">Die <strong data-start=\"348\" data-end=\"394\">Finally Legal Magazine \u2013 Ausgabe 04 \/ 2009<\/strong> pr\u00e4sentiert professionell inszenierte Fotostrecken mit <strong data-start=\"450\" data-end=\"513\">jung wirkenden, aber selbstverst\u00e4ndlich vollj\u00e4hrigen Models<\/strong>. Diese Edition verbindet helle Farben, nat\u00fcrliche Szenerien und eine moderne, frische \u00c4sthetik, die Sinnlichkeit und Stil harmonisch vereint.<\/p>\n<p data-start=\"659\" data-end=\"928\">Jede Bildserie setzt auf authentische Ausstrahlung, selbstbewusste Posen und eine dezente erotische Note, die den Fokus auf Sch\u00f6nheit, Pers\u00f6nlichkeit und professionelle Fotografie legt. Die Ausgabe bleibt dabei stets geschmackvoll, hochwertig und visuell ansprechend.<\/p>\n<p data-start=\"930\" data-end=\"1083\"><strong data-start=\"930\" data-end=\"1083\">Ein digitales Magazin f\u00fcr alle, die elegante Erotikfotografie, jugendlich-frische \u00c4sthetik und eine moderne Pr\u00e4sentation erwachsener Models sch\u00e4tzen.<\/strong><\/p>\n<hr data-start=\"1085\" data-end=\"1088\" \/>\n<h3 data-start=\"1090\" data-end=\"1125\">\ud83d\udcd8 <strong data-start=\"1097\" data-end=\"1123\">Format: E-Reader (PDF)<\/strong><\/h3>\n<p data-start=\"1127\" data-end=\"1279\">\u2b07\ufe0f Sofortiger Download f\u00fcr Handy<br data-start=\"1159\" data-end=\"1162\" \/>\u2b07\ufe0f Sofortiger Download f\u00fcr PC<br data-start=\"1191\" data-end=\"1194\" \/>\u2b07\ufe0f Sofortiger Download f\u00fcrs Tablet<br data-start=\"1228\" data-end=\"1231\" \/>\u2b07\ufe0f PDF-Download kompatibel mit allen E-Readern<\/p>","protected":false},"excerpt":{"rendered":"<p>\ud83d\udcf1 Erotik E-Reader \u2013 Finally Legal Magazine \u2013 2009 \/ 04 Junge Eleganz, klare Bildsprache \u2013 eine stilvolle Ausgabe mit vollj\u00e4hrigen Models. Die Finally Legal Magazine \u2013 Ausgabe 04 \/ 2009 pr\u00e4sentiert professionell inszenierte Fotostrecken mit jung wirkenden, aber selbstverst\u00e4ndlich vollj\u00e4hrigen Models. Diese Edition verbindet helle Farben, nat\u00fcrliche Szenerien und eine moderne, frische \u00c4sthetik, die [&hellip;]<\/p>\n","protected":false},"featured_media":1932,"comment_status":"open","ping_status":"closed","template":"","meta":[],"product_brand":[],"product_cat":[45],"product_tag":[],"class_list":{"0":"post-1931","1":"product","2":"type-product","3":"status-publish","4":"has-post-thumbnail","6":"product_cat-finally-legal-erotikmagazin","8":"first","9":"instock","10":"sale","11":"virtual","12":"purchasable","13":"product-type-simple"},"jetpack_sharing_enabled":true,"_links":{"self":[{"href":"https:\/\/audiobook-24.com\/en\/wp-json\/wp\/v2\/product\/1931","targetHints":{"allow":["GET"]}}],"collection":[{"href":"https:\/\/audiobook-24.com\/en\/wp-json\/wp\/v2\/product"}],"about":[{"href":"https:\/\/audiobook-24.com\/en\/wp-json\/wp\/v2\/types\/product"}],"replies":[{"embeddable":true,"href":"https:\/\/audiobook-24.com\/en\/wp-json\/wp\/v2\/comments?post=1931"}],"wp:featuredmedia":[{"embeddable":true,"href":"https:\/\/audiobook-24.com\/en\/wp-json\/wp\/v2\/media\/1932"}],"wp:attachment":[{"href":"https:\/\/audiobook-24.com\/en\/wp-json\/wp\/v2\/media?parent=1931"}],"wp:term":[{"taxonomy":"product_brand","embeddable":true,"href":"https:\/\/audiobook-24.com\/en\/wp-json\/wp\/v2\/product_brand?post=1931"},{"taxonomy":"product_cat","embeddable":true,"href":"https:\/\/audiobook-24.com\/en\/wp-json\/wp\/v2\/product_cat?post=1931"},{"taxonomy":"product_tag","embeddable":true,"href":"https:\/\/audiobook-24.com\/en\/wp-json\/wp\/v2\/product_tag?post=1931"}],"curies":[{"name":"wp","href":"https:\/\/api.w.org\/{rel}","templated":true}]}}