{"id":193,"date":"2025-11-14T20:16:22","date_gmt":"2025-11-14T20:16:22","guid":{"rendered":"https:\/\/audiobook-24.com\/?post_type=product&#038;p=193"},"modified":"2025-11-14T20:16:22","modified_gmt":"2025-11-14T20:16:22","slug":"ebook-erotik-magazin-playboy-september-2024","status":"publish","type":"product","link":"https:\/\/audiobook-24.com\/en\/product\/ebook-erotik-magazin-playboy-september-2024\/","title":{"rendered":"eBook: Erotik Magazin \u2013 Playboy \u2013 September 2024"},"content":{"rendered":"<p class=\"\"><strong>\u201ePlayboy \u2013 September 2024\u201c<\/strong>\u00a0ist eine ansprechende Ausgabe, die die Leser in die aufregende Welt der Erotik und Unterhaltung entf\u00fchrt. Mit fesselnden Artikeln und beeindruckenden Fotostrecken bietet dieses Magazin ein unvergessliches Leseerlebnis.<\/p>\n<p>Inhalt<\/p>\n<p class=\"\">In dieser Ausgabe erwarten Sie:<\/p>\n<ul class=\"\">\n<li class=\"\"><strong>Exklusive Interviews mit bekannten Pers\u00f6nlichkeiten<\/strong><\/li>\n<li class=\"\"><strong>Verf\u00fchrerische Fotostrecken und aktuelle Lifestyle-Trends<\/strong><\/li>\n<li class=\"\"><strong>Fesselnde Artikel \u00fcber Beziehungen und Sexualit\u00e4t<\/strong><\/li>\n<\/ul>\n<p>Format<\/p>\n<p class=\"\">Das eBook ist im\u00a0<strong>ePub- oder PDF-Format<\/strong>\u00a0verf\u00fcgbar und l\u00e4sst sich ganz einfach auf verschiedenen Ger\u00e4ten lesen.<\/p>\n<hr \/>\n<p class=\"\"><strong>\ud83d\udcda Lesen Sie das eBook auf Ihrem pers\u00f6nlichen Reader.<\/strong><br \/>\n<strong>\ud83d\udcf1 Handy\u2003|\u2003\ud83d\udcf2 Tablet\u2003|\u2003\ud83d\udcbb PC\u2003|\u2003\ud83d\udcd6 eBook Reader<\/strong><\/p>\n<p class=\"\"><strong>Laden Sie das eBook herunter und es geh\u00f6rt f\u00fcr immer Ihnen!<\/strong><\/p>","protected":false},"excerpt":{"rendered":"<p>\u201ePlayboy \u2013 September 2024\u201c\u00a0ist eine ansprechende Ausgabe, die die Leser in die aufregende Welt der Erotik und Unterhaltung entf\u00fchrt. Mit fesselnden Artikeln und beeindruckenden Fotostrecken bietet dieses Magazin ein unvergessliches Leseerlebnis. Inhalt In dieser Ausgabe erwarten Sie: Exklusive Interviews mit bekannten Pers\u00f6nlichkeiten Verf\u00fchrerische Fotostrecken und aktuelle Lifestyle-Trends Fesselnde Artikel \u00fcber Beziehungen und Sexualit\u00e4t Format Das [&hellip;]<\/p>\n","protected":false},"featured_media":195,"comment_status":"open","ping_status":"closed","template":"","meta":[],"product_brand":[],"product_cat":[29,27],"product_tag":[],"class_list":{"0":"post-193","1":"product","2":"type-product","3":"status-publish","4":"has-post-thumbnail","6":"product_cat-erotik","7":"product_cat-playboy-penthouse","9":"first","10":"instock","11":"sale","12":"virtual","13":"purchasable","14":"product-type-simple"},"jetpack_sharing_enabled":true,"_links":{"self":[{"href":"https:\/\/audiobook-24.com\/en\/wp-json\/wp\/v2\/product\/193","targetHints":{"allow":["GET"]}}],"collection":[{"href":"https:\/\/audiobook-24.com\/en\/wp-json\/wp\/v2\/product"}],"about":[{"href":"https:\/\/audiobook-24.com\/en\/wp-json\/wp\/v2\/types\/product"}],"replies":[{"embeddable":true,"href":"https:\/\/audiobook-24.com\/en\/wp-json\/wp\/v2\/comments?post=193"}],"wp:featuredmedia":[{"embeddable":true,"href":"https:\/\/audiobook-24.com\/en\/wp-json\/wp\/v2\/media\/195"}],"wp:attachment":[{"href":"https:\/\/audiobook-24.com\/en\/wp-json\/wp\/v2\/media?parent=193"}],"wp:term":[{"taxonomy":"product_brand","embeddable":true,"href":"https:\/\/audiobook-24.com\/en\/wp-json\/wp\/v2\/product_brand?post=193"},{"taxonomy":"product_cat","embeddable":true,"href":"https:\/\/audiobook-24.com\/en\/wp-json\/wp\/v2\/product_cat?post=193"},{"taxonomy":"product_tag","embeddable":true,"href":"https:\/\/audiobook-24.com\/en\/wp-json\/wp\/v2\/product_tag?post=193"}],"curies":[{"name":"wp","href":"https:\/\/api.w.org\/{rel}","templated":true}]}}