{"id":1929,"date":"2025-12-01T10:11:25","date_gmt":"2025-12-01T10:11:25","guid":{"rendered":"https:\/\/audiobook-24.com\/?post_type=product&#038;p=1929"},"modified":"2025-12-01T10:11:25","modified_gmt":"2025-12-01T10:11:25","slug":"%f0%9f%93%b1-erotik-e-reader-finally-legal-magazine-2009-03","status":"publish","type":"product","link":"https:\/\/audiobook-24.com\/en\/product\/%f0%9f%93%b1-erotik-e-reader-finally-legal-magazine-2009-03\/","title":{"rendered":"\ud83d\udcf1 Erotik E-Reader \u2013 Finally Legal Magazine \u2013 2009 \/ 03"},"content":{"rendered":"<h1 data-start=\"200\" data-end=\"263\">\ud83d\udcf1 <strong data-start=\"205\" data-end=\"261\">Erotik E-Reader \u2013 Finally Legal Magazine \u2013 2009 \/ 03<\/strong><\/h1>\n<h3 data-start=\"264\" data-end=\"352\">Moderne Sinnlichkeit, frischer Look \u2013 \u00e4sthetische Fotokunst mit vollj\u00e4hrigen Models.<\/h3>\n<p data-start=\"354\" data-end=\"705\">Die <strong data-start=\"358\" data-end=\"404\">Finally Legal Magazine \u2013 Ausgabe 03 \/ 2009<\/strong> pr\u00e4sentiert hochwertige Fotoserien mit <strong data-start=\"444\" data-end=\"507\">jung wirkenden, aber selbstverst\u00e4ndlich vollj\u00e4hrigen Models<\/strong>, die in zeitgem\u00e4\u00dfem, klarem Stil inszeniert wurden. Die Ausgabe kombiniert nat\u00fcrliche Szenen, sanfte Farbwelten und eine moderne Bildsprache, die Eleganz und dezente Erotik geschmackvoll vereint.<\/p>\n<p data-start=\"707\" data-end=\"977\">Jede Fotostrecke wurde professionell gestaltet und setzt auf authentische Ausstrahlung, Selbstbewusstsein und visuelle Leichtigkeit. Diese Edition zeigt eine stilvolle, \u00e4sthetische Form der Erotik, die auf Atmosph\u00e4re, Ausdruck und Qualit\u00e4t statt auf Provokation setzt.<\/p>\n<p data-start=\"979\" data-end=\"1105\"><strong data-start=\"979\" data-end=\"1105\">Ein digitales Magazin f\u00fcr alle, die jugendlich-frische \u00c4sthetik, erwachsene Models und elegante Erotikfotografie sch\u00e4tzen.<\/strong><\/p>\n<hr data-start=\"1107\" data-end=\"1110\" \/>\n<h3 data-start=\"1112\" data-end=\"1147\">\ud83d\udcd8 <strong data-start=\"1119\" data-end=\"1145\">Format: E-Reader (PDF)<\/strong><\/h3>\n<p data-start=\"1149\" data-end=\"1301\">\u2b07\ufe0f Sofortiger Download f\u00fcr Handy<br data-start=\"1181\" data-end=\"1184\" \/>\u2b07\ufe0f Sofortiger Download f\u00fcr PC<br data-start=\"1213\" data-end=\"1216\" \/>\u2b07\ufe0f Sofortiger Download f\u00fcrs Tablet<br data-start=\"1250\" data-end=\"1253\" \/>\u2b07\ufe0f PDF-Download kompatibel mit allen E-Readern<\/p>\n<p data-start=\"1303\" data-end=\"1340\"><strong data-start=\"1303\" data-end=\"1340\">Einmal gekauft \u2013 f\u00fcr immer deins!<\/strong><\/p>","protected":false},"excerpt":{"rendered":"<p>\ud83d\udcf1 Erotik E-Reader \u2013 Finally Legal Magazine \u2013 2009 \/ 03 Moderne Sinnlichkeit, frischer Look \u2013 \u00e4sthetische Fotokunst mit vollj\u00e4hrigen Models. Die Finally Legal Magazine \u2013 Ausgabe 03 \/ 2009 pr\u00e4sentiert hochwertige Fotoserien mit jung wirkenden, aber selbstverst\u00e4ndlich vollj\u00e4hrigen Models, die in zeitgem\u00e4\u00dfem, klarem Stil inszeniert wurden. Die Ausgabe kombiniert nat\u00fcrliche Szenen, sanfte Farbwelten und [&hellip;]<\/p>\n","protected":false},"featured_media":1930,"comment_status":"open","ping_status":"closed","template":"","meta":[],"product_brand":[],"product_cat":[45],"product_tag":[],"class_list":{"0":"post-1929","1":"product","2":"type-product","3":"status-publish","4":"has-post-thumbnail","6":"product_cat-finally-legal-erotikmagazin","8":"first","9":"instock","10":"sale","11":"virtual","12":"purchasable","13":"product-type-simple"},"jetpack_sharing_enabled":true,"_links":{"self":[{"href":"https:\/\/audiobook-24.com\/en\/wp-json\/wp\/v2\/product\/1929","targetHints":{"allow":["GET"]}}],"collection":[{"href":"https:\/\/audiobook-24.com\/en\/wp-json\/wp\/v2\/product"}],"about":[{"href":"https:\/\/audiobook-24.com\/en\/wp-json\/wp\/v2\/types\/product"}],"replies":[{"embeddable":true,"href":"https:\/\/audiobook-24.com\/en\/wp-json\/wp\/v2\/comments?post=1929"}],"wp:featuredmedia":[{"embeddable":true,"href":"https:\/\/audiobook-24.com\/en\/wp-json\/wp\/v2\/media\/1930"}],"wp:attachment":[{"href":"https:\/\/audiobook-24.com\/en\/wp-json\/wp\/v2\/media?parent=1929"}],"wp:term":[{"taxonomy":"product_brand","embeddable":true,"href":"https:\/\/audiobook-24.com\/en\/wp-json\/wp\/v2\/product_brand?post=1929"},{"taxonomy":"product_cat","embeddable":true,"href":"https:\/\/audiobook-24.com\/en\/wp-json\/wp\/v2\/product_cat?post=1929"},{"taxonomy":"product_tag","embeddable":true,"href":"https:\/\/audiobook-24.com\/en\/wp-json\/wp\/v2\/product_tag?post=1929"}],"curies":[{"name":"wp","href":"https:\/\/api.w.org\/{rel}","templated":true}]}}