{"id":1927,"date":"2025-12-01T10:06:38","date_gmt":"2025-12-01T10:06:38","guid":{"rendered":"https:\/\/audiobook-24.com\/?post_type=product&#038;p=1927"},"modified":"2025-12-01T10:06:38","modified_gmt":"2025-12-01T10:06:38","slug":"%f0%9f%93%b1-erotik-e-reader-finally-legal-magazine-2009-02","status":"publish","type":"product","link":"https:\/\/audiobook-24.com\/en\/product\/%f0%9f%93%b1-erotik-e-reader-finally-legal-magazine-2009-02\/","title":{"rendered":"\ud83d\udcf1 Erotik E-Reader \u2013 Finally Legal Magazine \u2013 2009 \/ 02"},"content":{"rendered":"<h1 data-start=\"200\" data-end=\"263\">\ud83d\udcf1 <strong data-start=\"205\" data-end=\"261\">Erotik E-Reader \u2013 Finally Legal Magazine \u2013 2009 \/ 02<\/strong><\/h1>\n<h3 data-start=\"264\" data-end=\"370\">Frische Ausstrahlung, moderne Erotik \u2013 eine Edition mit vollj\u00e4hrigen Models in stilvoller Bildsprache.<\/h3>\n<p data-start=\"372\" data-end=\"722\">Die <strong data-start=\"376\" data-end=\"422\">Finally Legal Magazine \u2013 Ausgabe 02 \/ 2009<\/strong> pr\u00e4sentiert professionelle, hochwertig inszenierte Fotoserien mit <strong data-start=\"489\" data-end=\"552\">jung wirkenden, aber selbstverst\u00e4ndlich vollj\u00e4hrigen Models<\/strong>. Diese Ausgabe spielt mit nat\u00fcrlichem Licht, lebendigen Farben und einem modernen, jugendlich-frischen Look, der Eleganz und dezente Sinnlichkeit harmonisch verbindet.<\/p>\n<p data-start=\"724\" data-end=\"999\">Die Bildstrecken setzen auf Authentizit\u00e4t, Ausdruck und stilvolle \u00c4sthetik. Jede Szene wurde sorgf\u00e4ltig fotografiert, um Pers\u00f6nlichkeit, Selbstbewusstsein und feine erotische Nuancen geschmackvoll hervorzuheben \u2013 ohne \u00dcbertreibung und immer auf hohem k\u00fcnstlerischen Niveau.<\/p>\n<p data-start=\"1001\" data-end=\"1133\"><strong data-start=\"1001\" data-end=\"1133\">Ein digitales Magazin f\u00fcr alle, die elegante Erotikfotografie, modernen Style und eine frische, erwachsene Bildsprache sch\u00e4tzen.<\/strong><\/p>\n<hr data-start=\"1135\" data-end=\"1138\" \/>\n<h3 data-start=\"1140\" data-end=\"1175\">\ud83d\udcd8 <strong data-start=\"1147\" data-end=\"1173\">Format: E-Reader (PDF)<\/strong><\/h3>\n<p data-start=\"1177\" data-end=\"1329\">\u2b07\ufe0f Sofortiger Download f\u00fcr Handy<br data-start=\"1209\" data-end=\"1212\" \/>\u2b07\ufe0f Sofortiger Download f\u00fcr PC<br data-start=\"1241\" data-end=\"1244\" \/>\u2b07\ufe0f Sofortiger Download f\u00fcrs Tablet<br data-start=\"1278\" data-end=\"1281\" \/>\u2b07\ufe0f PDF-Download kompatibel mit allen E-Readern<\/p>\n<p data-start=\"1331\" data-end=\"1368\"><strong data-start=\"1331\" data-end=\"1368\">Einmal gekauft \u2013 f\u00fcr immer deins!<\/strong><\/p>","protected":false},"excerpt":{"rendered":"<p>\ud83d\udcf1 Erotik E-Reader \u2013 Finally Legal Magazine \u2013 2009 \/ 02 Frische Ausstrahlung, moderne Erotik \u2013 eine Edition mit vollj\u00e4hrigen Models in stilvoller Bildsprache. Die Finally Legal Magazine \u2013 Ausgabe 02 \/ 2009 pr\u00e4sentiert professionelle, hochwertig inszenierte Fotoserien mit jung wirkenden, aber selbstverst\u00e4ndlich vollj\u00e4hrigen Models. Diese Ausgabe spielt mit nat\u00fcrlichem Licht, lebendigen Farben und einem [&hellip;]<\/p>\n","protected":false},"featured_media":1928,"comment_status":"open","ping_status":"closed","template":"","meta":[],"product_brand":[],"product_cat":[45],"product_tag":[],"class_list":{"0":"post-1927","1":"product","2":"type-product","3":"status-publish","4":"has-post-thumbnail","6":"product_cat-finally-legal-erotikmagazin","8":"first","9":"instock","10":"sale","11":"shipping-taxable","12":"purchasable","13":"product-type-simple"},"jetpack_sharing_enabled":true,"_links":{"self":[{"href":"https:\/\/audiobook-24.com\/en\/wp-json\/wp\/v2\/product\/1927","targetHints":{"allow":["GET"]}}],"collection":[{"href":"https:\/\/audiobook-24.com\/en\/wp-json\/wp\/v2\/product"}],"about":[{"href":"https:\/\/audiobook-24.com\/en\/wp-json\/wp\/v2\/types\/product"}],"replies":[{"embeddable":true,"href":"https:\/\/audiobook-24.com\/en\/wp-json\/wp\/v2\/comments?post=1927"}],"wp:featuredmedia":[{"embeddable":true,"href":"https:\/\/audiobook-24.com\/en\/wp-json\/wp\/v2\/media\/1928"}],"wp:attachment":[{"href":"https:\/\/audiobook-24.com\/en\/wp-json\/wp\/v2\/media?parent=1927"}],"wp:term":[{"taxonomy":"product_brand","embeddable":true,"href":"https:\/\/audiobook-24.com\/en\/wp-json\/wp\/v2\/product_brand?post=1927"},{"taxonomy":"product_cat","embeddable":true,"href":"https:\/\/audiobook-24.com\/en\/wp-json\/wp\/v2\/product_cat?post=1927"},{"taxonomy":"product_tag","embeddable":true,"href":"https:\/\/audiobook-24.com\/en\/wp-json\/wp\/v2\/product_tag?post=1927"}],"curies":[{"name":"wp","href":"https:\/\/api.w.org\/{rel}","templated":true}]}}