{"id":1925,"date":"2025-12-01T10:03:15","date_gmt":"2025-12-01T10:03:15","guid":{"rendered":"https:\/\/audiobook-24.com\/?post_type=product&#038;p=1925"},"modified":"2025-12-01T10:03:16","modified_gmt":"2025-12-01T10:03:16","slug":"%f0%9f%93%b1-erotik-e-reader-finally-legal-magazine-2009-01","status":"publish","type":"product","link":"https:\/\/audiobook-24.com\/en\/product\/%f0%9f%93%b1-erotik-e-reader-finally-legal-magazine-2009-01\/","title":{"rendered":"\ud83d\udcf1 Erotik E-Reader \u2013 Finally Legal Magazine \u2013 2009 \/ 01"},"content":{"rendered":"<h1 data-start=\"174\" data-end=\"237\">\ud83d\udcf1 <strong data-start=\"179\" data-end=\"235\">Erotik E-Reader \u2013 Finally Legal Magazine \u2013 2009 \/ 01<\/strong><\/h1>\n<h3 data-start=\"238\" data-end=\"350\">Junge Eleganz, moderne Sinnlichkeit \u2013 eine Ausgabe mit vollj\u00e4hrigen Models in frischer, stilvoller \u00c4sthetik.<\/h3>\n<p data-start=\"352\" data-end=\"678\">Die <strong data-start=\"356\" data-end=\"402\">Finally Legal Magazine \u2013 Ausgabe 01 \/ 2009<\/strong> pr\u00e4sentiert hochwertige, professionell inszenierte Bildserien mit <strong data-start=\"469\" data-end=\"532\">jung wirkenden, aber selbstverst\u00e4ndlich vollj\u00e4hrigen Models<\/strong>. Die Ausgabe setzt auf eine Mischung aus Nat\u00fcrlichkeit, Lifestyle-Elementen und moderner Erotik, die stets geschmackvoll und \u00e4sthetisch bleibt.<\/p>\n<p data-start=\"680\" data-end=\"1000\">Leichte Farben, klare Kompositionen und ein frischer visueller Stil pr\u00e4gen diese Edition. Die Models zeigen Selbstbewusstsein, Ausstrahlung und eine nat\u00fcrliche, authentische Pr\u00e4senz vor der Kamera. Jede Fotostrecke wurde sorgf\u00e4ltig gestaltet, um Eleganz, Pers\u00f6nlichkeit und dezente Sinnlichkeit harmonisch zu vereinen.<\/p>\n<p data-start=\"1002\" data-end=\"1155\"><strong data-start=\"1002\" data-end=\"1155\">Ein digitales Magazin f\u00fcr alle, die hochwertige Erotikfotografie, jugendlich-frische \u00c4sthetik und stilvolle Pr\u00e4sentation erwachsener Models sch\u00e4tzen.<\/strong><\/p>\n<hr data-start=\"1157\" data-end=\"1160\" \/>\n<h3 data-start=\"1162\" data-end=\"1197\">\ud83d\udcd8 <strong data-start=\"1169\" data-end=\"1195\">Format: E-Reader (PDF)<\/strong><\/h3>\n<p data-start=\"1199\" data-end=\"1351\">\u2b07\ufe0f Sofortiger Download f\u00fcr Handy<br data-start=\"1231\" data-end=\"1234\" \/>\u2b07\ufe0f Sofortiger Download f\u00fcr PC<br data-start=\"1263\" data-end=\"1266\" \/>\u2b07\ufe0f Sofortiger Download f\u00fcrs Tablet<br data-start=\"1300\" data-end=\"1303\" \/>\u2b07\ufe0f PDF-Download kompatibel mit allen E-Readern<\/p>\n<p data-start=\"1353\" data-end=\"1390\"><strong data-start=\"1353\" data-end=\"1390\">Einmal gekauft \u2013 f\u00fcr immer deins!<\/strong><\/p>","protected":false},"excerpt":{"rendered":"<p>\ud83d\udcf1 Erotik E-Reader \u2013 Finally Legal Magazine \u2013 2009 \/ 01 Junge Eleganz, moderne Sinnlichkeit \u2013 eine Ausgabe mit vollj\u00e4hrigen Models in frischer, stilvoller \u00c4sthetik. Die Finally Legal Magazine \u2013 Ausgabe 01 \/ 2009 pr\u00e4sentiert hochwertige, professionell inszenierte Bildserien mit jung wirkenden, aber selbstverst\u00e4ndlich vollj\u00e4hrigen Models. Die Ausgabe setzt auf eine Mischung aus Nat\u00fcrlichkeit, Lifestyle-Elementen [&hellip;]<\/p>\n","protected":false},"featured_media":1926,"comment_status":"open","ping_status":"closed","template":"","meta":[],"product_brand":[],"product_cat":[45],"product_tag":[],"class_list":{"0":"post-1925","1":"product","2":"type-product","3":"status-publish","4":"has-post-thumbnail","6":"product_cat-finally-legal-erotikmagazin","8":"first","9":"instock","10":"sale","11":"virtual","12":"purchasable","13":"product-type-simple"},"jetpack_sharing_enabled":true,"_links":{"self":[{"href":"https:\/\/audiobook-24.com\/en\/wp-json\/wp\/v2\/product\/1925","targetHints":{"allow":["GET"]}}],"collection":[{"href":"https:\/\/audiobook-24.com\/en\/wp-json\/wp\/v2\/product"}],"about":[{"href":"https:\/\/audiobook-24.com\/en\/wp-json\/wp\/v2\/types\/product"}],"replies":[{"embeddable":true,"href":"https:\/\/audiobook-24.com\/en\/wp-json\/wp\/v2\/comments?post=1925"}],"wp:featuredmedia":[{"embeddable":true,"href":"https:\/\/audiobook-24.com\/en\/wp-json\/wp\/v2\/media\/1926"}],"wp:attachment":[{"href":"https:\/\/audiobook-24.com\/en\/wp-json\/wp\/v2\/media?parent=1925"}],"wp:term":[{"taxonomy":"product_brand","embeddable":true,"href":"https:\/\/audiobook-24.com\/en\/wp-json\/wp\/v2\/product_brand?post=1925"},{"taxonomy":"product_cat","embeddable":true,"href":"https:\/\/audiobook-24.com\/en\/wp-json\/wp\/v2\/product_cat?post=1925"},{"taxonomy":"product_tag","embeddable":true,"href":"https:\/\/audiobook-24.com\/en\/wp-json\/wp\/v2\/product_tag?post=1925"}],"curies":[{"name":"wp","href":"https:\/\/api.w.org\/{rel}","templated":true}]}}