{"id":1921,"date":"2025-12-01T09:55:07","date_gmt":"2025-12-01T09:55:07","guid":{"rendered":"https:\/\/audiobook-24.com\/?post_type=product&#038;p=1921"},"modified":"2025-12-01T09:58:27","modified_gmt":"2025-12-01T09:58:27","slug":"%f0%9f%93%b1-erotik-e-reader-finally-legal-magazine-2019-10","status":"publish","type":"product","link":"https:\/\/audiobook-24.com\/en\/product\/%f0%9f%93%b1-erotik-e-reader-finally-legal-magazine-2019-10\/","title":{"rendered":"\ud83d\udcf1 Erotik E-Reader \u2013 Finally Legal Magazine \u2013 2019 \/ 10"},"content":{"rendered":"<h1 data-start=\"188\" data-end=\"251\">\ud83d\udcf1 <strong data-start=\"193\" data-end=\"249\">Erotik E-Reader \u2013 Finally Legal Magazine \u2013 2019 \/ 10<\/strong><\/h1>\n<h3 data-start=\"252\" data-end=\"353\">Frische \u00c4sthetik, moderne Sinnlichkeit \u2013 eine Ausgabe voller erwachsener, selbstbewusster Models.<\/h3>\n<p data-start=\"355\" data-end=\"609\">Die <strong data-start=\"359\" data-end=\"405\">Finally Legal Magazine \u2013 Ausgabe 10 \/ 2019<\/strong> pr\u00e4sentiert elegante, hochwertig fotografierte Bildstrecken mit <strong data-start=\"470\" data-end=\"525\">jungen, aber selbstverst\u00e4ndlich vollj\u00e4hrigen Models<\/strong>, die Nat\u00fcrlichkeit, Selbstausdruck und moderne Erotik in den Mittelpunkt stellen.<\/p>\n<p data-start=\"611\" data-end=\"967\">Mit klaren Farben, spielerischen Posen und einer lebendigen, jugendlich-frischen Atmosph\u00e4re setzt diese Edition auf eine Mischung aus Charme, Ausstrahlung und stilvoller Sinnlichkeit. Jede Fotostrecke wurde professionell inszeniert und zeigt einen \u00e4sthetischen, k\u00fcnstlerisch anspruchsvollen Blick auf Beauty, Lifestyle und erotisch angehauchte Bildkunst.<\/p>\n<p data-start=\"969\" data-end=\"1135\"><strong data-start=\"969\" data-end=\"1135\">Ein E-Reader-Magazin f\u00fcr alle, die elegante Erotik, moderne Bildsprache und selbstbewusste junge Frauen sch\u00e4tzen \u2013 stets geschmackvoll und hochwertig dargestellt.<\/strong><\/p>\n<hr data-start=\"1137\" data-end=\"1140\" \/>\n<h3 data-start=\"1142\" data-end=\"1177\">\ud83d\udcd8 <strong data-start=\"1149\" data-end=\"1175\">Format: E-Reader (PDF)<\/strong><\/h3>\n<p data-start=\"1179\" data-end=\"1331\">\u2b07\ufe0f Sofortiger Download f\u00fcr Handy<br data-start=\"1211\" data-end=\"1214\" \/>\u2b07\ufe0f Sofortiger Download f\u00fcr PC<br data-start=\"1243\" data-end=\"1246\" \/>\u2b07\ufe0f Sofortiger Download f\u00fcrs Tablet<br data-start=\"1280\" data-end=\"1283\" \/>\u2b07\ufe0f PDF-Download kompatibel mit allen E-Readern<\/p>\n<p data-start=\"1333\" data-end=\"1370\"><strong data-start=\"1333\" data-end=\"1370\">Einmal gekauft \u2013 f\u00fcr immer deins!<\/strong><\/p>","protected":false},"excerpt":{"rendered":"<p>\ud83d\udcf1 Erotik E-Reader \u2013 Finally Legal Magazine \u2013 2019 \/ 10 Frische \u00c4sthetik, moderne Sinnlichkeit \u2013 eine Ausgabe voller erwachsener, selbstbewusster Models. Die Finally Legal Magazine \u2013 Ausgabe 10 \/ 2019 pr\u00e4sentiert elegante, hochwertig fotografierte Bildstrecken mit jungen, aber selbstverst\u00e4ndlich vollj\u00e4hrigen Models, die Nat\u00fcrlichkeit, Selbstausdruck und moderne Erotik in den Mittelpunkt stellen. Mit klaren Farben, [&hellip;]<\/p>\n","protected":false},"featured_media":1922,"comment_status":"open","ping_status":"closed","template":"","meta":[],"product_brand":[],"product_cat":[45],"product_tag":[],"class_list":{"0":"post-1921","1":"product","2":"type-product","3":"status-publish","4":"has-post-thumbnail","6":"product_cat-finally-legal-erotikmagazin","8":"first","9":"instock","10":"sale","11":"virtual","12":"purchasable","13":"product-type-simple"},"jetpack_sharing_enabled":true,"_links":{"self":[{"href":"https:\/\/audiobook-24.com\/en\/wp-json\/wp\/v2\/product\/1921","targetHints":{"allow":["GET"]}}],"collection":[{"href":"https:\/\/audiobook-24.com\/en\/wp-json\/wp\/v2\/product"}],"about":[{"href":"https:\/\/audiobook-24.com\/en\/wp-json\/wp\/v2\/types\/product"}],"replies":[{"embeddable":true,"href":"https:\/\/audiobook-24.com\/en\/wp-json\/wp\/v2\/comments?post=1921"}],"wp:featuredmedia":[{"embeddable":true,"href":"https:\/\/audiobook-24.com\/en\/wp-json\/wp\/v2\/media\/1922"}],"wp:attachment":[{"href":"https:\/\/audiobook-24.com\/en\/wp-json\/wp\/v2\/media?parent=1921"}],"wp:term":[{"taxonomy":"product_brand","embeddable":true,"href":"https:\/\/audiobook-24.com\/en\/wp-json\/wp\/v2\/product_brand?post=1921"},{"taxonomy":"product_cat","embeddable":true,"href":"https:\/\/audiobook-24.com\/en\/wp-json\/wp\/v2\/product_cat?post=1921"},{"taxonomy":"product_tag","embeddable":true,"href":"https:\/\/audiobook-24.com\/en\/wp-json\/wp\/v2\/product_tag?post=1921"}],"curies":[{"name":"wp","href":"https:\/\/api.w.org\/{rel}","templated":true}]}}