{"id":1913,"date":"2025-12-01T04:34:28","date_gmt":"2025-12-01T04:34:28","guid":{"rendered":"https:\/\/audiobook-24.com\/?post_type=product&#038;p=1913"},"modified":"2025-12-01T04:34:29","modified_gmt":"2025-12-01T04:34:29","slug":"%f0%9f%8e%a7-hoerspiel-krimi-samuel-bjork-federgrab","status":"publish","type":"product","link":"https:\/\/audiobook-24.com\/en\/product\/%f0%9f%8e%a7-hoerspiel-krimi-samuel-bjork-federgrab\/","title":{"rendered":"\ud83c\udfa7 H\u00f6rspiel Krimi \u2013 Samuel Bj\u00f8rk \u2013 Federgrab"},"content":{"rendered":"<h1 data-start=\"139\" data-end=\"191\">\ud83c\udfa7 <strong data-start=\"144\" data-end=\"189\">H\u00f6rspiel Krimi \u2013 Samuel Bj\u00f8rk \u2013 Federgrab<\/strong><\/h1>\n<h3 data-start=\"192\" data-end=\"335\">Ein verschwundenes M\u00e4dchen. Ein grausames Ritual. Und zwei Ermittler, die einem M\u00f6rder gegen\u00fcberstehen, der immer einen Schritt voraus ist.<\/h3>\n<p data-start=\"337\" data-end=\"683\">Als in einem norwegischen Waldst\u00fcck die Leiche eines jungen M\u00e4dchens gefunden wird, sorgf\u00e4ltig inszeniert und umgeben von Federn, erkennen <strong data-start=\"476\" data-end=\"490\">Mia Kr\u00fcger<\/strong> und <strong data-start=\"495\" data-end=\"511\">Holger Munch<\/strong>, dass dies kein isolierter Fall ist. Die Spur deutet auf einen T\u00e4ter hin, der nach einem erschreckenden Muster vorgeht \u2013 pr\u00e4zise, geduldig und mit verst\u00f6render Symbolik.<\/p>\n<p data-start=\"685\" data-end=\"982\">W\u00e4hrend Mia mit ihrer eigenen Dunkelheit k\u00e4mpft und Munch unter Zeitdruck versucht, die Verbindung zwischen fr\u00fcheren Vermisstenf\u00e4llen und diesem Mord zu entschl\u00fcsseln, tauchen Hinweise auf, die weit in die Vergangenheit reichen.<br data-start=\"913\" data-end=\"916\" \/>Jedes Detail scheint bewusst platziert, jeder Fehler kalkuliert.<\/p>\n<p data-start=\"984\" data-end=\"1128\">Schon bald wird klar:<br data-start=\"1005\" data-end=\"1008\" \/><strong data-start=\"1008\" data-end=\"1058\">Der T\u00e4ter jagt sie genauso, wie sie ihn jagen.<\/strong><br data-start=\"1058\" data-end=\"1061\" \/>Und wenn sie nicht schnell genug sind, wird es weitere Opfer geben.<\/p>\n<p data-start=\"1130\" data-end=\"1262\">Ein eiskalter, atmosph\u00e4risch dichter Nordic-Noir-Krimi, der Nervenkitzel, psychologische Tiefe und d\u00fcstere Spannung perfekt vereint.<\/p>\n<hr data-start=\"1264\" data-end=\"1267\" \/>\n<h3 data-start=\"1269\" data-end=\"1304\">\ud83d\udd0a <strong data-start=\"1276\" data-end=\"1302\">Format: H\u00f6rspiel (MP3)<\/strong><\/h3>\n<p data-start=\"1306\" data-end=\"1455\">\u2b07\ufe0f Sofortiger Download f\u00fcr Handy<br data-start=\"1338\" data-end=\"1341\" \/>\u2b07\ufe0f Sofortiger Download f\u00fcr PC<br data-start=\"1370\" data-end=\"1373\" \/>\u2b07\ufe0f Sofortiger Download f\u00fcrs Tablet<br data-start=\"1407\" data-end=\"1410\" \/>\u2b07\ufe0f Kompatibel mit allen MP3-f\u00e4higen Ger\u00e4ten<\/p>\n<p data-start=\"1457\" data-end=\"1494\"><strong data-start=\"1457\" data-end=\"1494\">Einmal gekauft \u2013 f\u00fcr immer deins!<\/strong><\/p>","protected":false},"excerpt":{"rendered":"<p>\ud83c\udfa7 H\u00f6rspiel Krimi \u2013 Samuel Bj\u00f8rk \u2013 Federgrab Ein verschwundenes M\u00e4dchen. Ein grausames Ritual. Und zwei Ermittler, die einem M\u00f6rder gegen\u00fcberstehen, der immer einen Schritt voraus ist. Als in einem norwegischen Waldst\u00fcck die Leiche eines jungen M\u00e4dchens gefunden wird, sorgf\u00e4ltig inszeniert und umgeben von Federn, erkennen Mia Kr\u00fcger und Holger Munch, dass dies kein isolierter [&hellip;]<\/p>\n","protected":false},"featured_media":1914,"comment_status":"open","ping_status":"closed","template":"","meta":[],"product_brand":[],"product_cat":[34],"product_tag":[],"class_list":{"0":"post-1913","1":"product","2":"type-product","3":"status-publish","4":"has-post-thumbnail","6":"product_cat-hoerspiel-krimi","8":"first","9":"instock","10":"sale","11":"virtual","12":"purchasable","13":"product-type-simple"},"jetpack_sharing_enabled":true,"_links":{"self":[{"href":"https:\/\/audiobook-24.com\/en\/wp-json\/wp\/v2\/product\/1913","targetHints":{"allow":["GET"]}}],"collection":[{"href":"https:\/\/audiobook-24.com\/en\/wp-json\/wp\/v2\/product"}],"about":[{"href":"https:\/\/audiobook-24.com\/en\/wp-json\/wp\/v2\/types\/product"}],"replies":[{"embeddable":true,"href":"https:\/\/audiobook-24.com\/en\/wp-json\/wp\/v2\/comments?post=1913"}],"wp:featuredmedia":[{"embeddable":true,"href":"https:\/\/audiobook-24.com\/en\/wp-json\/wp\/v2\/media\/1914"}],"wp:attachment":[{"href":"https:\/\/audiobook-24.com\/en\/wp-json\/wp\/v2\/media?parent=1913"}],"wp:term":[{"taxonomy":"product_brand","embeddable":true,"href":"https:\/\/audiobook-24.com\/en\/wp-json\/wp\/v2\/product_brand?post=1913"},{"taxonomy":"product_cat","embeddable":true,"href":"https:\/\/audiobook-24.com\/en\/wp-json\/wp\/v2\/product_cat?post=1913"},{"taxonomy":"product_tag","embeddable":true,"href":"https:\/\/audiobook-24.com\/en\/wp-json\/wp\/v2\/product_tag?post=1913"}],"curies":[{"name":"wp","href":"https:\/\/api.w.org\/{rel}","templated":true}]}}