{"id":1911,"date":"2025-12-01T04:32:20","date_gmt":"2025-12-01T04:32:20","guid":{"rendered":"https:\/\/audiobook-24.com\/?post_type=product&#038;p=1911"},"modified":"2025-12-01T04:32:20","modified_gmt":"2025-12-01T04:32:20","slug":"%f0%9f%8e%a7-hoerspiel-krimi-julie-clark-der-plan","status":"publish","type":"product","link":"https:\/\/audiobook-24.com\/en\/product\/%f0%9f%8e%a7-hoerspiel-krimi-julie-clark-der-plan\/","title":{"rendered":"\ud83c\udfa7 H\u00f6rspiel Krimi \u2013 Julie Clark \u2013 Der Plan"},"content":{"rendered":"<h1 data-start=\"139\" data-end=\"189\">\ud83c\udfa7 <strong data-start=\"144\" data-end=\"187\">H\u00f6rspiel Krimi \u2013 Julie Clark \u2013 Der Plan<\/strong><\/h1>\n<h3 data-start=\"190\" data-end=\"286\">Zwei Frauen auf der Flucht. Zwei Leben voller L\u00fcgen. Und ein Plan, der alles ver\u00e4ndern soll.<\/h3>\n<p data-start=\"288\" data-end=\"590\">Eine zuf\u00e4llige Begegnung am Flughafen wird f\u00fcr zwei Frauen zur einzigen Chance, ihren alten Leben zu entkommen. Die eine flieht vor einem gewaltt\u00e4tigen Mann. Die andere vor einem dunklen Geheimnis, das sie seit Jahren verfolgt.<br data-start=\"515\" data-end=\"518\" \/>In einem Moment entscheiden sie sich: <strong data-start=\"556\" data-end=\"590\">Sie tauschen ihre Identit\u00e4ten.<\/strong><\/p>\n<p data-start=\"592\" data-end=\"902\">Doch was als Befreiung gedacht war, entwickelt sich bald zu einem gef\u00e4hrlichen Spiel. Denn die Vergangenheit der einen ist t\u00f6dlicher als erwartet \u2013 und die Feinde der anderen sind n\u00e4her, als sie glauben. W\u00e4hrend Ermittler, Ex-Partner und Schatten aus fr\u00fcheren Tagen Jagd auf die falsche Frau machen, wird klar:<\/p>\n<p data-start=\"904\" data-end=\"1030\"><strong data-start=\"904\" data-end=\"970\">Ein guter Plan sch\u00fctzt nur so lange, wie keiner dahinterkommt.<\/strong><br data-start=\"970\" data-end=\"973\" \/>Und jemand hat l\u00e4ngst begonnen, die Wahrheit aufzudecken.<\/p>\n<p data-start=\"1032\" data-end=\"1151\">Ein hochspannender Thriller \u00fcber T\u00e4uschung, Identit\u00e4t und die Frage, wie weit man gehen w\u00fcrde, um endlich frei zu sein.<\/p>\n<hr data-start=\"1153\" data-end=\"1156\" \/>\n<h3 data-start=\"1158\" data-end=\"1193\">\ud83d\udd0a <strong data-start=\"1165\" data-end=\"1191\">Format: H\u00f6rspiel (MP3)<\/strong><\/h3>\n<p data-start=\"1195\" data-end=\"1344\">\u2b07\ufe0f Sofortiger Download f\u00fcr Handy<br data-start=\"1227\" data-end=\"1230\" \/>\u2b07\ufe0f Sofortiger Download f\u00fcr PC<br data-start=\"1259\" data-end=\"1262\" \/>\u2b07\ufe0f Sofortiger Download f\u00fcrs Tablet<br data-start=\"1296\" data-end=\"1299\" \/>\u2b07\ufe0f Kompatibel mit allen MP3-f\u00e4higen Ger\u00e4ten<\/p>\n<p data-start=\"1346\" data-end=\"1383\"><strong data-start=\"1346\" data-end=\"1383\">Einmal gekauft \u2013 f\u00fcr immer deins!<\/strong><\/p>","protected":false},"excerpt":{"rendered":"<p>\ud83c\udfa7 H\u00f6rspiel Krimi \u2013 Julie Clark \u2013 Der Plan Zwei Frauen auf der Flucht. Zwei Leben voller L\u00fcgen. Und ein Plan, der alles ver\u00e4ndern soll. Eine zuf\u00e4llige Begegnung am Flughafen wird f\u00fcr zwei Frauen zur einzigen Chance, ihren alten Leben zu entkommen. Die eine flieht vor einem gewaltt\u00e4tigen Mann. Die andere vor einem dunklen Geheimnis, [&hellip;]<\/p>\n","protected":false},"featured_media":1912,"comment_status":"open","ping_status":"closed","template":"","meta":[],"product_brand":[],"product_cat":[34],"product_tag":[],"class_list":{"0":"post-1911","1":"product","2":"type-product","3":"status-publish","4":"has-post-thumbnail","6":"product_cat-hoerspiel-krimi","8":"first","9":"instock","10":"sale","11":"virtual","12":"purchasable","13":"product-type-simple"},"jetpack_sharing_enabled":true,"_links":{"self":[{"href":"https:\/\/audiobook-24.com\/en\/wp-json\/wp\/v2\/product\/1911","targetHints":{"allow":["GET"]}}],"collection":[{"href":"https:\/\/audiobook-24.com\/en\/wp-json\/wp\/v2\/product"}],"about":[{"href":"https:\/\/audiobook-24.com\/en\/wp-json\/wp\/v2\/types\/product"}],"replies":[{"embeddable":true,"href":"https:\/\/audiobook-24.com\/en\/wp-json\/wp\/v2\/comments?post=1911"}],"wp:featuredmedia":[{"embeddable":true,"href":"https:\/\/audiobook-24.com\/en\/wp-json\/wp\/v2\/media\/1912"}],"wp:attachment":[{"href":"https:\/\/audiobook-24.com\/en\/wp-json\/wp\/v2\/media?parent=1911"}],"wp:term":[{"taxonomy":"product_brand","embeddable":true,"href":"https:\/\/audiobook-24.com\/en\/wp-json\/wp\/v2\/product_brand?post=1911"},{"taxonomy":"product_cat","embeddable":true,"href":"https:\/\/audiobook-24.com\/en\/wp-json\/wp\/v2\/product_cat?post=1911"},{"taxonomy":"product_tag","embeddable":true,"href":"https:\/\/audiobook-24.com\/en\/wp-json\/wp\/v2\/product_tag?post=1911"}],"curies":[{"name":"wp","href":"https:\/\/api.w.org\/{rel}","templated":true}]}}