{"id":1907,"date":"2025-12-01T04:27:28","date_gmt":"2025-12-01T04:27:28","guid":{"rendered":"https:\/\/audiobook-24.com\/?post_type=product&#038;p=1907"},"modified":"2025-12-01T04:27:28","modified_gmt":"2025-12-01T04:27:28","slug":"%f0%9f%8e%a7-hoerspiel-krimi-catherine-shepherd-zons-thriller-kalter-zwilling","status":"publish","type":"product","link":"https:\/\/audiobook-24.com\/en\/product\/%f0%9f%8e%a7-hoerspiel-krimi-catherine-shepherd-zons-thriller-kalter-zwilling\/","title":{"rendered":"\ud83c\udfa7 H\u00f6rspiel Krimi \u2013 Catherine Shepherd \u2013 Zons Thriller \u2013 Kalter Zwilling"},"content":{"rendered":"<h1 data-start=\"166\" data-end=\"246\">\ud83c\udfa7 <strong data-start=\"171\" data-end=\"244\">H\u00f6rspiel Krimi \u2013 Catherine Shepherd \u2013 Zons Thriller \u2013 Kalter Zwilling<\/strong><\/h1>\n<h3 data-start=\"247\" data-end=\"315\">Zwei Morde. Zwei Jahrhunderte. Zwei T\u00e4ter \u2013 oder doch nur einer?<\/h3>\n<p data-start=\"317\" data-end=\"582\">In Zons wird eine junge Frau brutal ermordet aufgefunden, und die Spuren lassen Kommissar <strong data-start=\"407\" data-end=\"426\">Oliver Bergmann<\/strong> an einen Fall denken, der bereits Jahrhunderte zur\u00fcckliegt. Die Handschrift ist identisch \u2013 pr\u00e4zise, kalt und mit einer erschreckenden Symbolik versehen.<\/p>\n<p data-start=\"584\" data-end=\"935\">Zur selben Zeit k\u00e4mpft im Jahr 1495 der junge Wachdienstleiter <strong data-start=\"647\" data-end=\"669\">Bastian M\u00fchlenberg<\/strong> mit einer Mordserie, die die Stadt in Angst versetzt. Auch hier scheint der T\u00e4ter mit unheimlicher Genauigkeit zuzuschlagen. Je mehr Hinweise auftauchen, desto deutlicher wird:<br data-start=\"846\" data-end=\"849\" \/><strong data-start=\"849\" data-end=\"935\">Die beiden F\u00e4lle scheinen einander zu spiegeln \u2013 \u00fcber die Grenzen der Zeit hinweg.<\/strong><\/p>\n<p data-start=\"937\" data-end=\"1184\">W\u00e4hrend Bergmann versucht, die Wahrheit hinter dem modernen Mord zu enth\u00fcllen, st\u00f6\u00dft M\u00fchlenberg auf dunkle Geheimnisse, die tief in die Machtstrukturen ihrer Zeit reichen. Die Parallelen sind un\u00fcbersehbar \u2013 doch die Antwort liegt im Verborgenen.<\/p>\n<p data-start=\"1186\" data-end=\"1288\">Was beide Ermittler erkennen:<br data-start=\"1215\" data-end=\"1218\" \/><strong data-start=\"1218\" data-end=\"1288\">Manche Schatten reichen so weit, dass sie Jahrhunderte \u00fcberdauern.<\/strong><\/p>\n<p data-start=\"1290\" data-end=\"1422\">Ein packender Zons-Thriller, der Historie und Gegenwart meisterhaft miteinander verwebt und mit jeder Minute mehr G\u00e4nsehaut erzeugt.<\/p>\n<hr data-start=\"1424\" data-end=\"1427\" \/>\n<h3 data-start=\"1429\" data-end=\"1464\">\ud83d\udd0a <strong data-start=\"1436\" data-end=\"1462\">Format: H\u00f6rspiel (MP3)<\/strong><\/h3>\n<p data-start=\"1466\" data-end=\"1615\">\u2b07\ufe0f Sofortiger Download f\u00fcr Handy<br data-start=\"1498\" data-end=\"1501\" \/>\u2b07\ufe0f Sofortiger Download f\u00fcr PC<br data-start=\"1530\" data-end=\"1533\" \/>\u2b07\ufe0f Sofortiger Download f\u00fcrs Tablet<br data-start=\"1567\" data-end=\"1570\" \/>\u2b07\ufe0f Kompatibel mit allen MP3-f\u00e4higen Ger\u00e4ten<\/p>\n<p data-start=\"1617\" data-end=\"1654\"><strong data-start=\"1617\" data-end=\"1654\">Einmal gekauft \u2013 f\u00fcr immer deins!<\/strong><\/p>","protected":false},"excerpt":{"rendered":"<p>\ud83c\udfa7 H\u00f6rspiel Krimi \u2013 Catherine Shepherd \u2013 Zons Thriller \u2013 Kalter Zwilling Zwei Morde. Zwei Jahrhunderte. Zwei T\u00e4ter \u2013 oder doch nur einer? In Zons wird eine junge Frau brutal ermordet aufgefunden, und die Spuren lassen Kommissar Oliver Bergmann an einen Fall denken, der bereits Jahrhunderte zur\u00fcckliegt. Die Handschrift ist identisch \u2013 pr\u00e4zise, kalt und [&hellip;]<\/p>\n","protected":false},"featured_media":1908,"comment_status":"open","ping_status":"closed","template":"","meta":[],"product_brand":[],"product_cat":[34],"product_tag":[],"class_list":{"0":"post-1907","1":"product","2":"type-product","3":"status-publish","4":"has-post-thumbnail","6":"product_cat-hoerspiel-krimi","8":"first","9":"instock","10":"sale","11":"virtual","12":"purchasable","13":"product-type-simple"},"jetpack_sharing_enabled":true,"_links":{"self":[{"href":"https:\/\/audiobook-24.com\/en\/wp-json\/wp\/v2\/product\/1907","targetHints":{"allow":["GET"]}}],"collection":[{"href":"https:\/\/audiobook-24.com\/en\/wp-json\/wp\/v2\/product"}],"about":[{"href":"https:\/\/audiobook-24.com\/en\/wp-json\/wp\/v2\/types\/product"}],"replies":[{"embeddable":true,"href":"https:\/\/audiobook-24.com\/en\/wp-json\/wp\/v2\/comments?post=1907"}],"wp:featuredmedia":[{"embeddable":true,"href":"https:\/\/audiobook-24.com\/en\/wp-json\/wp\/v2\/media\/1908"}],"wp:attachment":[{"href":"https:\/\/audiobook-24.com\/en\/wp-json\/wp\/v2\/media?parent=1907"}],"wp:term":[{"taxonomy":"product_brand","embeddable":true,"href":"https:\/\/audiobook-24.com\/en\/wp-json\/wp\/v2\/product_brand?post=1907"},{"taxonomy":"product_cat","embeddable":true,"href":"https:\/\/audiobook-24.com\/en\/wp-json\/wp\/v2\/product_cat?post=1907"},{"taxonomy":"product_tag","embeddable":true,"href":"https:\/\/audiobook-24.com\/en\/wp-json\/wp\/v2\/product_tag?post=1907"}],"curies":[{"name":"wp","href":"https:\/\/api.w.org\/{rel}","templated":true}]}}