{"id":1905,"date":"2025-12-01T04:25:22","date_gmt":"2025-12-01T04:25:22","guid":{"rendered":"https:\/\/audiobook-24.com\/?post_type=product&#038;p=1905"},"modified":"2025-12-01T04:25:22","modified_gmt":"2025-12-01T04:25:22","slug":"%f0%9f%8e%a7-hoerspiel-krimi-catherine-shepherd-mooresschwaerze","status":"publish","type":"product","link":"https:\/\/audiobook-24.com\/en\/product\/%f0%9f%8e%a7-hoerspiel-krimi-catherine-shepherd-mooresschwaerze\/","title":{"rendered":"\ud83c\udfa7 H\u00f6rspiel Krimi \u2013 Catherine Shepherd \u2013 Mooresschw\u00e4rze"},"content":{"rendered":"<h1 data-start=\"158\" data-end=\"221\">\ud83c\udfa7 <strong data-start=\"163\" data-end=\"219\">H\u00f6rspiel Krimi \u2013 Catherine Shepherd \u2013 Mooresschw\u00e4rze<\/strong><\/h1>\n<h3 data-start=\"222\" data-end=\"335\">Ein einsames Moor. Eine grausame Handschrift. Und eine Ermittlerin, die dem Schweigen der Toten zuh\u00f6ren muss.<\/h3>\n<p data-start=\"337\" data-end=\"631\">Als im nebelverhangenen Moor eine verst\u00fcmmelte Leiche gefunden wird, ahnt Kommissarin <strong data-start=\"423\" data-end=\"437\">Laura Kern<\/strong>, dass dieser Fall weit mehr ist als ein Ritualmord. Die Art der Inszenierung ist pr\u00e4zise, erschreckend symbolisch \u2013 und erinnert an eine Serie ungekl\u00e4rter F\u00e4lle, die sie seit Jahren verfolgt.<\/p>\n<p data-start=\"633\" data-end=\"940\">W\u00e4hrend Laura zwischen sumpfigen Pfaden, schweigsamen Dorfbewohnern und verborgenen Geheimnissen ermittelt, st\u00f6\u00dft sie auf Spuren, die tief in eine Vergangenheit f\u00fchren, die l\u00e4ngst begraben sein sollte. Doch der T\u00e4ter scheint genau zu wissen, wie man das Moor nutzt: als Versteck, als Waffe \u2013 und als Grab.<\/p>\n<p data-start=\"942\" data-end=\"1155\">Je weiter Laura vordringt, desto finsterer wird das Bild:<br data-start=\"999\" data-end=\"1002\" \/><strong data-start=\"1002\" data-end=\"1105\">Im Moor verliert man nicht nur die Orientierung \u2013 sondern auch die Gewissheit, wem man trauen kann.<\/strong><br data-start=\"1105\" data-end=\"1108\" \/>Und der M\u00f6rder beobachtet jeden ihrer Schritte.<\/p>\n<p data-start=\"1157\" data-end=\"1304\">Ein atmosph\u00e4risch dichter, nervenaufreibender Thriller mit d\u00fcsterem Setting, starken Figuren und einer Spannung, die bis zur letzten Minute anh\u00e4lt.<\/p>\n<hr data-start=\"1306\" data-end=\"1309\" \/>\n<h3 data-start=\"1311\" data-end=\"1346\">\ud83d\udd0a <strong data-start=\"1318\" data-end=\"1344\">Format: H\u00f6rspiel (MP3)<\/strong><\/h3>\n<p data-start=\"1348\" data-end=\"1497\">\u2b07\ufe0f Sofortiger Download f\u00fcr Handy<br data-start=\"1380\" data-end=\"1383\" \/>\u2b07\ufe0f Sofortiger Download f\u00fcr PC<br data-start=\"1412\" data-end=\"1415\" \/>\u2b07\ufe0f Sofortiger Download f\u00fcrs Tablet<br data-start=\"1449\" data-end=\"1452\" \/>\u2b07\ufe0f Kompatibel mit allen MP3-f\u00e4higen Ger\u00e4ten<\/p>\n<p data-start=\"1499\" data-end=\"1536\"><strong data-start=\"1499\" data-end=\"1536\">Einmal gekauft \u2013 f\u00fcr immer deins!<\/strong><\/p>","protected":false},"excerpt":{"rendered":"<p>\ud83c\udfa7 H\u00f6rspiel Krimi \u2013 Catherine Shepherd \u2013 Mooresschw\u00e4rze Ein einsames Moor. Eine grausame Handschrift. Und eine Ermittlerin, die dem Schweigen der Toten zuh\u00f6ren muss. Als im nebelverhangenen Moor eine verst\u00fcmmelte Leiche gefunden wird, ahnt Kommissarin Laura Kern, dass dieser Fall weit mehr ist als ein Ritualmord. Die Art der Inszenierung ist pr\u00e4zise, erschreckend symbolisch \u2013 [&hellip;]<\/p>\n","protected":false},"featured_media":1906,"comment_status":"open","ping_status":"closed","template":"","meta":[],"product_brand":[],"product_cat":[34],"product_tag":[],"class_list":{"0":"post-1905","1":"product","2":"type-product","3":"status-publish","4":"has-post-thumbnail","6":"product_cat-hoerspiel-krimi","8":"first","9":"instock","10":"sale","11":"virtual","12":"purchasable","13":"product-type-simple"},"jetpack_sharing_enabled":true,"_links":{"self":[{"href":"https:\/\/audiobook-24.com\/en\/wp-json\/wp\/v2\/product\/1905","targetHints":{"allow":["GET"]}}],"collection":[{"href":"https:\/\/audiobook-24.com\/en\/wp-json\/wp\/v2\/product"}],"about":[{"href":"https:\/\/audiobook-24.com\/en\/wp-json\/wp\/v2\/types\/product"}],"replies":[{"embeddable":true,"href":"https:\/\/audiobook-24.com\/en\/wp-json\/wp\/v2\/comments?post=1905"}],"wp:featuredmedia":[{"embeddable":true,"href":"https:\/\/audiobook-24.com\/en\/wp-json\/wp\/v2\/media\/1906"}],"wp:attachment":[{"href":"https:\/\/audiobook-24.com\/en\/wp-json\/wp\/v2\/media?parent=1905"}],"wp:term":[{"taxonomy":"product_brand","embeddable":true,"href":"https:\/\/audiobook-24.com\/en\/wp-json\/wp\/v2\/product_brand?post=1905"},{"taxonomy":"product_cat","embeddable":true,"href":"https:\/\/audiobook-24.com\/en\/wp-json\/wp\/v2\/product_cat?post=1905"},{"taxonomy":"product_tag","embeddable":true,"href":"https:\/\/audiobook-24.com\/en\/wp-json\/wp\/v2\/product_tag?post=1905"}],"curies":[{"name":"wp","href":"https:\/\/api.w.org\/{rel}","templated":true}]}}