{"id":1897,"date":"2025-11-30T23:17:08","date_gmt":"2025-11-30T23:17:08","guid":{"rendered":"https:\/\/audiobook-24.com\/?post_type=product&#038;p=1897"},"modified":"2025-11-30T23:17:09","modified_gmt":"2025-11-30T23:17:09","slug":"%f0%9f%8e%a7-hoerspiel-krimi-annie-de-vries-tote-fische-faengt-man-schneller","status":"publish","type":"product","link":"https:\/\/audiobook-24.com\/en\/product\/%f0%9f%8e%a7-hoerspiel-krimi-annie-de-vries-tote-fische-faengt-man-schneller\/","title":{"rendered":"\ud83c\udfa7 H\u00f6rspiel Krimi \u2013 Annie de Vries \u2013 Tote Fische f\u00e4ngt man schneller"},"content":{"rendered":"<h1 data-start=\"98\" data-end=\"174\">\ud83c\udfa7 <strong data-start=\"103\" data-end=\"172\">H\u00f6rspiel Krimi \u2013 Annie de Vries \u2013 Tote Fische f\u00e4ngt man schneller<\/strong><\/h1>\n<h3 data-start=\"175\" data-end=\"288\">Ein Mord im Hafen. Ein Dorf voller Ger\u00fcchte. Und eine Ermittlerin, die tiefer tauchen muss, als ihr lieb ist.<\/h3>\n<p data-start=\"290\" data-end=\"497\">Im kleinen K\u00fcstenort herrscht Aufregung, als fr\u00fch am Morgen eine Leiche zwischen den Fischerbooten entdeckt wird. Was zun\u00e4chst wie ein tragischer Unfall wirkt, entpuppt sich rasch als eiskaltes Verbrechen.<\/p>\n<p data-start=\"499\" data-end=\"776\">Die ermittelnde Kommissarin st\u00f6\u00dft auf eine eingeschworene Gemeinschaft, in der jeder jeden kennt \u2013 und jeder etwas zu verbergen hat. Rivalit\u00e4ten zwischen Fischern, alte Schulden, verschwundene Ladungen und ein Netzwerk aus L\u00fcgen machen den Fall komplizierter, als er scheint.<\/p>\n<p data-start=\"778\" data-end=\"931\">Je mehr sie herausfindet, desto klarer wird:<br data-start=\"822\" data-end=\"825\" \/><strong data-start=\"825\" data-end=\"929\">In diesem Ort treibt nicht nur Fisch im Wasser \u2013 sondern auch die Wahrheit. Und die stinkt gewaltig.<\/strong><\/p>\n<p data-start=\"933\" data-end=\"1031\">Ein norddeutscher K\u00fcstenkrimi voller Atmosph\u00e4re, Humor, schr\u00e4ger Figuren und spannender Wendungen.<\/p>\n<hr data-start=\"1033\" data-end=\"1036\" \/>\n<h3 data-start=\"1038\" data-end=\"1073\">\ud83d\udd0a <strong data-start=\"1045\" data-end=\"1071\">Format: H\u00f6rspiel (MP3)<\/strong><\/h3>\n<p data-start=\"1075\" data-end=\"1224\">\u2b07\ufe0f Sofortiger Download f\u00fcr Handy<br data-start=\"1107\" data-end=\"1110\" \/>\u2b07\ufe0f Sofortiger Download f\u00fcr PC<br data-start=\"1139\" data-end=\"1142\" \/>\u2b07\ufe0f Sofortiger Download f\u00fcrs Tablet<br data-start=\"1176\" data-end=\"1179\" \/>\u2b07\ufe0f Kompatibel mit allen MP3-f\u00e4higen Ger\u00e4ten<\/p>\n<p data-start=\"1226\" data-end=\"1263\"><strong data-start=\"1226\" data-end=\"1263\">Einmal gekauft \u2013 f\u00fcr immer deins!<\/strong><\/p>","protected":false},"excerpt":{"rendered":"<p>\ud83c\udfa7 H\u00f6rspiel Krimi \u2013 Annie de Vries \u2013 Tote Fische f\u00e4ngt man schneller Ein Mord im Hafen. Ein Dorf voller Ger\u00fcchte. Und eine Ermittlerin, die tiefer tauchen muss, als ihr lieb ist. Im kleinen K\u00fcstenort herrscht Aufregung, als fr\u00fch am Morgen eine Leiche zwischen den Fischerbooten entdeckt wird. Was zun\u00e4chst wie ein tragischer Unfall wirkt, [&hellip;]<\/p>\n","protected":false},"featured_media":1898,"comment_status":"open","ping_status":"closed","template":"","meta":[],"product_brand":[],"product_cat":[34],"product_tag":[],"class_list":{"0":"post-1897","1":"product","2":"type-product","3":"status-publish","4":"has-post-thumbnail","6":"product_cat-hoerspiel-krimi","8":"first","9":"instock","10":"sale","11":"virtual","12":"purchasable","13":"product-type-simple"},"jetpack_sharing_enabled":true,"_links":{"self":[{"href":"https:\/\/audiobook-24.com\/en\/wp-json\/wp\/v2\/product\/1897","targetHints":{"allow":["GET"]}}],"collection":[{"href":"https:\/\/audiobook-24.com\/en\/wp-json\/wp\/v2\/product"}],"about":[{"href":"https:\/\/audiobook-24.com\/en\/wp-json\/wp\/v2\/types\/product"}],"replies":[{"embeddable":true,"href":"https:\/\/audiobook-24.com\/en\/wp-json\/wp\/v2\/comments?post=1897"}],"wp:featuredmedia":[{"embeddable":true,"href":"https:\/\/audiobook-24.com\/en\/wp-json\/wp\/v2\/media\/1898"}],"wp:attachment":[{"href":"https:\/\/audiobook-24.com\/en\/wp-json\/wp\/v2\/media?parent=1897"}],"wp:term":[{"taxonomy":"product_brand","embeddable":true,"href":"https:\/\/audiobook-24.com\/en\/wp-json\/wp\/v2\/product_brand?post=1897"},{"taxonomy":"product_cat","embeddable":true,"href":"https:\/\/audiobook-24.com\/en\/wp-json\/wp\/v2\/product_cat?post=1897"},{"taxonomy":"product_tag","embeddable":true,"href":"https:\/\/audiobook-24.com\/en\/wp-json\/wp\/v2\/product_tag?post=1897"}],"curies":[{"name":"wp","href":"https:\/\/api.w.org\/{rel}","templated":true}]}}