{"id":1891,"date":"2025-11-30T23:08:13","date_gmt":"2025-11-30T23:08:13","guid":{"rendered":"https:\/\/audiobook-24.com\/?post_type=product&#038;p=1891"},"modified":"2025-11-30T23:08:14","modified_gmt":"2025-11-30T23:08:14","slug":"%f0%9f%8e%a7-hoerspiel-krimi-oliver-kern-hirschhornharakiri","status":"publish","type":"product","link":"https:\/\/audiobook-24.com\/en\/product\/%f0%9f%8e%a7-hoerspiel-krimi-oliver-kern-hirschhornharakiri\/","title":{"rendered":"\ud83c\udfa7 H\u00f6rspiel Krimi \u2013 Oliver Kern \u2013 Hirschhornharakiri"},"content":{"rendered":"<h1 data-start=\"106\" data-end=\"166\">\ud83c\udfa7 <strong data-start=\"111\" data-end=\"164\">H\u00f6rspiel Krimi \u2013 Oliver Kern \u2013 Hirschhornharakiri<\/strong><\/h1>\n<h3 data-start=\"167\" data-end=\"265\">Ein toter Hirsch. Ein lebender Skandal. Und ein Ermittler, der mehr \u00c4rger anzieht als Beweise.<\/h3>\n<p data-start=\"267\" data-end=\"699\">Als im Wald von Hirschhorn ein hingemetzelter Hirsch gefunden wird, wirkt der Fall zun\u00e4chst wie eine groteske Jagd-Entgleisung. Doch schnell wird klar: Hier steckt weit mehr dahinter.<br data-start=\"450\" data-end=\"453\" \/><strong data-start=\"453\" data-end=\"474\">Dorfpolizist Miki<\/strong> steht vor einem R\u00e4tsel, das ihn tiefer in die Abgr\u00fcnde des bayerischen Landlebens f\u00fchrt, als ihm lieb ist \u2013 zwischen grantigen J\u00e4gern, eigenwilligen Dorfbewohnern und Geheimnissen, die keiner gerne ans Licht lassen m\u00f6chte.<\/p>\n<p data-start=\"701\" data-end=\"996\">Je l\u00e4nger Miki ermittelt, desto absurder \u2013 und gef\u00e4hrlicher \u2013 wird die Lage. Denn der Hirsch war nur der Anfang. Und jemand scheint bereit zu sein, f\u00fcr seine Interessen alles zu tun.<br data-start=\"883\" data-end=\"886\" \/><strong data-start=\"886\" data-end=\"996\">Vom skurrilen Humor bis zur deftigen Spannung \u2013 ein bayerischer Krimi mit viel Herz, Hirn und Heimatflair.<\/strong><\/p>\n<hr data-start=\"998\" data-end=\"1001\" \/>\n<h3 data-start=\"1003\" data-end=\"1038\">\ud83d\udd0a <strong data-start=\"1010\" data-end=\"1036\">Format: H\u00f6rspiel (MP3)<\/strong><\/h3>\n<p data-start=\"1040\" data-end=\"1189\">\u2b07\ufe0f Sofortiger Download f\u00fcr Handy<br data-start=\"1072\" data-end=\"1075\" \/>\u2b07\ufe0f Sofortiger Download f\u00fcr PC<br data-start=\"1104\" data-end=\"1107\" \/>\u2b07\ufe0f Sofortiger Download f\u00fcrs Tablet<br data-start=\"1141\" data-end=\"1144\" \/>\u2b07\ufe0f Kompatibel mit allen MP3-f\u00e4higen Ger\u00e4ten<\/p>\n<p data-start=\"1191\" data-end=\"1228\"><strong data-start=\"1191\" data-end=\"1228\">Einmal gekauft \u2013 f\u00fcr immer deins!<\/strong><\/p>","protected":false},"excerpt":{"rendered":"<p>\ud83c\udfa7 H\u00f6rspiel Krimi \u2013 Oliver Kern \u2013 Hirschhornharakiri Ein toter Hirsch. Ein lebender Skandal. Und ein Ermittler, der mehr \u00c4rger anzieht als Beweise. Als im Wald von Hirschhorn ein hingemetzelter Hirsch gefunden wird, wirkt der Fall zun\u00e4chst wie eine groteske Jagd-Entgleisung. Doch schnell wird klar: Hier steckt weit mehr dahinter.Dorfpolizist Miki steht vor einem R\u00e4tsel, [&hellip;]<\/p>\n","protected":false},"featured_media":1892,"comment_status":"open","ping_status":"closed","template":"","meta":[],"product_brand":[],"product_cat":[34],"product_tag":[],"class_list":{"0":"post-1891","1":"product","2":"type-product","3":"status-publish","4":"has-post-thumbnail","6":"product_cat-hoerspiel-krimi","8":"first","9":"instock","10":"sale","11":"virtual","12":"purchasable","13":"product-type-simple"},"jetpack_sharing_enabled":true,"_links":{"self":[{"href":"https:\/\/audiobook-24.com\/en\/wp-json\/wp\/v2\/product\/1891","targetHints":{"allow":["GET"]}}],"collection":[{"href":"https:\/\/audiobook-24.com\/en\/wp-json\/wp\/v2\/product"}],"about":[{"href":"https:\/\/audiobook-24.com\/en\/wp-json\/wp\/v2\/types\/product"}],"replies":[{"embeddable":true,"href":"https:\/\/audiobook-24.com\/en\/wp-json\/wp\/v2\/comments?post=1891"}],"wp:featuredmedia":[{"embeddable":true,"href":"https:\/\/audiobook-24.com\/en\/wp-json\/wp\/v2\/media\/1892"}],"wp:attachment":[{"href":"https:\/\/audiobook-24.com\/en\/wp-json\/wp\/v2\/media?parent=1891"}],"wp:term":[{"taxonomy":"product_brand","embeddable":true,"href":"https:\/\/audiobook-24.com\/en\/wp-json\/wp\/v2\/product_brand?post=1891"},{"taxonomy":"product_cat","embeddable":true,"href":"https:\/\/audiobook-24.com\/en\/wp-json\/wp\/v2\/product_cat?post=1891"},{"taxonomy":"product_tag","embeddable":true,"href":"https:\/\/audiobook-24.com\/en\/wp-json\/wp\/v2\/product_tag?post=1891"}],"curies":[{"name":"wp","href":"https:\/\/api.w.org\/{rel}","templated":true}]}}