{"id":1889,"date":"2025-11-30T23:06:12","date_gmt":"2025-11-30T23:06:12","guid":{"rendered":"https:\/\/audiobook-24.com\/?post_type=product&#038;p=1889"},"modified":"2025-11-30T23:06:12","modified_gmt":"2025-11-30T23:06:12","slug":"%f0%9f%8e%a7-hoerspiel-krimi-thomas-bogenberger-hattinger-und-der-nebel","status":"publish","type":"product","link":"https:\/\/audiobook-24.com\/en\/product\/%f0%9f%8e%a7-hoerspiel-krimi-thomas-bogenberger-hattinger-und-der-nebel\/","title":{"rendered":"\ud83c\udfa7 H\u00f6rspiel Krimi \u2013 Thomas Bogenberger \u2013 Hattinger und der Nebel"},"content":{"rendered":"<h1 data-start=\"128\" data-end=\"200\">\ud83c\udfa7 <strong data-start=\"133\" data-end=\"198\">H\u00f6rspiel Krimi \u2013 Thomas Bogenberger \u2013 Hattinger und der Nebel<\/strong><\/h1>\n<h3 data-start=\"201\" data-end=\"323\">Ein undurchdringlicher Nebel. Eine verschwundene Spur. Und ein Kommissar, der mehr sieht, als andere wahrhaben wollen.<\/h3>\n<p data-start=\"325\" data-end=\"657\">Als dichter Nebel \u00fcber den Chiemgau f\u00e4llt, verschwindet ein Mann spurlos. F\u00fcr <strong data-start=\"403\" data-end=\"426\">Kommissar Hattinger<\/strong> beginnt ein Fall, der so tr\u00fcgerisch und unberechenbar ist wie die Landschaft selbst. Aussagen widersprechen sich, Spuren verlieren sich im Wei\u00df \u2013 und die Menschen im Dorf h\u00fcten Geheimnisse, die lieber im Dunkeln bleiben sollten.<\/p>\n<p data-start=\"659\" data-end=\"940\">Hattinger folgt seinen Instinkten, st\u00f6\u00dft auf alte Fehden, vergrabene Wahrheiten und eine Wahrheit, die tief in der Vergangenheit verwurzelt ist. Je mehr er aufdeckt, desto klarer wird:<br data-start=\"843\" data-end=\"846\" \/><strong data-start=\"846\" data-end=\"940\">Nebel verschleiert nicht nur die Sicht \u2013 er sch\u00fctzt jene, die nie ans Licht kommen wollen.<\/strong><\/p>\n<p data-start=\"942\" data-end=\"1039\">Ein atmosph\u00e4rischer Alpenkrimi voller Spannung, d\u00fcsterer Stimmungen und \u00fcberraschender Wendungen.<\/p>\n<hr data-start=\"1041\" data-end=\"1044\" \/>\n<h3 data-start=\"1046\" data-end=\"1081\">\ud83d\udd0a <strong data-start=\"1053\" data-end=\"1079\">Format: H\u00f6rspiel (MP3)<\/strong><\/h3>\n<p data-start=\"1083\" data-end=\"1232\">\u2b07\ufe0f Sofortiger Download f\u00fcr Handy<br data-start=\"1115\" data-end=\"1118\" \/>\u2b07\ufe0f Sofortiger Download f\u00fcr PC<br data-start=\"1147\" data-end=\"1150\" \/>\u2b07\ufe0f Sofortiger Download f\u00fcrs Tablet<br data-start=\"1184\" data-end=\"1187\" \/>\u2b07\ufe0f Kompatibel mit allen MP3-f\u00e4higen Ger\u00e4ten<\/p>\n<p data-start=\"1234\" data-end=\"1271\"><strong data-start=\"1234\" data-end=\"1271\">Einmal gekauft \u2013 f\u00fcr immer deins!<\/strong><\/p>","protected":false},"excerpt":{"rendered":"<p>\ud83c\udfa7 H\u00f6rspiel Krimi \u2013 Thomas Bogenberger \u2013 Hattinger und der Nebel Ein undurchdringlicher Nebel. Eine verschwundene Spur. Und ein Kommissar, der mehr sieht, als andere wahrhaben wollen. Als dichter Nebel \u00fcber den Chiemgau f\u00e4llt, verschwindet ein Mann spurlos. F\u00fcr Kommissar Hattinger beginnt ein Fall, der so tr\u00fcgerisch und unberechenbar ist wie die Landschaft selbst. Aussagen [&hellip;]<\/p>\n","protected":false},"featured_media":1890,"comment_status":"open","ping_status":"closed","template":"","meta":[],"product_brand":[],"product_cat":[34],"product_tag":[],"class_list":{"0":"post-1889","1":"product","2":"type-product","3":"status-publish","4":"has-post-thumbnail","6":"product_cat-hoerspiel-krimi","8":"first","9":"instock","10":"sale","11":"virtual","12":"purchasable","13":"product-type-simple"},"jetpack_sharing_enabled":true,"_links":{"self":[{"href":"https:\/\/audiobook-24.com\/en\/wp-json\/wp\/v2\/product\/1889","targetHints":{"allow":["GET"]}}],"collection":[{"href":"https:\/\/audiobook-24.com\/en\/wp-json\/wp\/v2\/product"}],"about":[{"href":"https:\/\/audiobook-24.com\/en\/wp-json\/wp\/v2\/types\/product"}],"replies":[{"embeddable":true,"href":"https:\/\/audiobook-24.com\/en\/wp-json\/wp\/v2\/comments?post=1889"}],"wp:featuredmedia":[{"embeddable":true,"href":"https:\/\/audiobook-24.com\/en\/wp-json\/wp\/v2\/media\/1890"}],"wp:attachment":[{"href":"https:\/\/audiobook-24.com\/en\/wp-json\/wp\/v2\/media?parent=1889"}],"wp:term":[{"taxonomy":"product_brand","embeddable":true,"href":"https:\/\/audiobook-24.com\/en\/wp-json\/wp\/v2\/product_brand?post=1889"},{"taxonomy":"product_cat","embeddable":true,"href":"https:\/\/audiobook-24.com\/en\/wp-json\/wp\/v2\/product_cat?post=1889"},{"taxonomy":"product_tag","embeddable":true,"href":"https:\/\/audiobook-24.com\/en\/wp-json\/wp\/v2\/product_tag?post=1889"}],"curies":[{"name":"wp","href":"https:\/\/api.w.org\/{rel}","templated":true}]}}