{"id":1887,"date":"2025-11-30T23:03:23","date_gmt":"2025-11-30T23:03:23","guid":{"rendered":"https:\/\/audiobook-24.com\/?post_type=product&#038;p=1887"},"modified":"2025-11-30T23:03:23","modified_gmt":"2025-11-30T23:03:23","slug":"%f0%9f%8e%a7-hoerspiel-krimi-jessica-mueller-leberks-und-hackebeil","status":"publish","type":"product","link":"https:\/\/audiobook-24.com\/en\/product\/%f0%9f%8e%a7-hoerspiel-krimi-jessica-mueller-leberks-und-hackebeil\/","title":{"rendered":"\ud83c\udfa7 H\u00f6rspiel Krimi \u2013 Jessica M\u00fcller \u2013 Leberks und Hackebeil"},"content":{"rendered":"<h1 data-start=\"279\" data-end=\"345\">\ud83c\udfa7 <strong data-start=\"284\" data-end=\"343\">H\u00f6rspiel Krimi \u2013 Jessica M\u00fcller \u2013 Leberks und Hackebeil<\/strong><\/h1>\n<h3 data-start=\"346\" data-end=\"450\">Zwei ungleiche Ermittler, ein skurriler Fall \u2013 und Humor, der genauso scharf ist wie das Verbrechen.<\/h3>\n<p data-start=\"452\" data-end=\"775\">Im verschneiten Alpenvorland werden die Ermittler <strong data-start=\"502\" data-end=\"513\">Leberks<\/strong> und <strong data-start=\"518\" data-end=\"531\">Hackebeil<\/strong> auf einen Fall angesetzt, der alles andere als gew\u00f6hnlich ist. Ein Fund, der eher nach schlechter Satire als nach echtem Verbrechen aussieht, entpuppt sich schnell als Startschuss zu einer skurrilen, aber gef\u00e4hrlich ernsten Ermittlungsserie.<\/p>\n<p data-start=\"777\" data-end=\"1128\">W\u00e4hrend Leberks mit Bauchgef\u00fchl und Beharrlichkeit arbeitet, verl\u00e4sst sich Hackebeil auf Pr\u00e4zision, Logik \u2013 und seine ganz eigene Art, Menschen aus der Reserve zu locken. Gemeinsam geraten sie in ein Chaos aus falschen F\u00e4hrten, schr\u00e4gen Dorfbewohnern, d\u00fcsteren Motiven und \u00fcberraschenden Wendungen, bei denen niemand so unschuldig ist, wie er wirkt.<\/p>\n<p data-start=\"1130\" data-end=\"1240\"><strong data-start=\"1130\" data-end=\"1240\">Ein witziger, temporeicher und dennoch spannender Krimi, der Humor und Nervenkitzel meisterhaft verbindet.<\/strong><\/p>\n<hr data-start=\"1242\" data-end=\"1245\" \/>\n<h3 data-start=\"1247\" data-end=\"1282\">\ud83d\udd0a <strong data-start=\"1254\" data-end=\"1280\">Format: H\u00f6rspiel (MP3)<\/strong><\/h3>\n<p data-start=\"1284\" data-end=\"1433\">\u2b07\ufe0f Sofortiger Download f\u00fcr Handy<br data-start=\"1316\" data-end=\"1319\" \/>\u2b07\ufe0f Sofortiger Download f\u00fcr PC<br data-start=\"1348\" data-end=\"1351\" \/>\u2b07\ufe0f Sofortiger Download f\u00fcrs Tablet<br data-start=\"1385\" data-end=\"1388\" \/>\u2b07\ufe0f Kompatibel mit allen MP3-f\u00e4higen Ger\u00e4ten<\/p>\n<p data-start=\"1435\" data-end=\"1472\"><strong data-start=\"1435\" data-end=\"1472\">Einmal gekauft \u2013 f\u00fcr immer deins!<\/strong><\/p>","protected":false},"excerpt":{"rendered":"<p>\ud83c\udfa7 H\u00f6rspiel Krimi \u2013 Jessica M\u00fcller \u2013 Leberks und Hackebeil Zwei ungleiche Ermittler, ein skurriler Fall \u2013 und Humor, der genauso scharf ist wie das Verbrechen. Im verschneiten Alpenvorland werden die Ermittler Leberks und Hackebeil auf einen Fall angesetzt, der alles andere als gew\u00f6hnlich ist. Ein Fund, der eher nach schlechter Satire als nach echtem [&hellip;]<\/p>\n","protected":false},"featured_media":1888,"comment_status":"open","ping_status":"closed","template":"","meta":[],"product_brand":[],"product_cat":[34],"product_tag":[],"class_list":{"0":"post-1887","1":"product","2":"type-product","3":"status-publish","4":"has-post-thumbnail","6":"product_cat-hoerspiel-krimi","8":"first","9":"instock","10":"sale","11":"virtual","12":"purchasable","13":"product-type-simple"},"jetpack_sharing_enabled":true,"_links":{"self":[{"href":"https:\/\/audiobook-24.com\/en\/wp-json\/wp\/v2\/product\/1887","targetHints":{"allow":["GET"]}}],"collection":[{"href":"https:\/\/audiobook-24.com\/en\/wp-json\/wp\/v2\/product"}],"about":[{"href":"https:\/\/audiobook-24.com\/en\/wp-json\/wp\/v2\/types\/product"}],"replies":[{"embeddable":true,"href":"https:\/\/audiobook-24.com\/en\/wp-json\/wp\/v2\/comments?post=1887"}],"wp:featuredmedia":[{"embeddable":true,"href":"https:\/\/audiobook-24.com\/en\/wp-json\/wp\/v2\/media\/1888"}],"wp:attachment":[{"href":"https:\/\/audiobook-24.com\/en\/wp-json\/wp\/v2\/media?parent=1887"}],"wp:term":[{"taxonomy":"product_brand","embeddable":true,"href":"https:\/\/audiobook-24.com\/en\/wp-json\/wp\/v2\/product_brand?post=1887"},{"taxonomy":"product_cat","embeddable":true,"href":"https:\/\/audiobook-24.com\/en\/wp-json\/wp\/v2\/product_cat?post=1887"},{"taxonomy":"product_tag","embeddable":true,"href":"https:\/\/audiobook-24.com\/en\/wp-json\/wp\/v2\/product_tag?post=1887"}],"curies":[{"name":"wp","href":"https:\/\/api.w.org\/{rel}","templated":true}]}}