{"id":1885,"date":"2025-11-30T22:36:07","date_gmt":"2025-11-30T22:36:07","guid":{"rendered":"https:\/\/audiobook-24.com\/?post_type=product&#038;p=1885"},"modified":"2025-11-30T22:36:07","modified_gmt":"2025-11-30T22:36:07","slug":"%f0%9f%93%9a-e-book-thriller-david-ambrose-stadt-der-luegen","status":"publish","type":"product","link":"https:\/\/audiobook-24.com\/en\/product\/%f0%9f%93%9a-e-book-thriller-david-ambrose-stadt-der-luegen\/","title":{"rendered":"\ud83d\udcda E-Book Thriller \u2013 David Ambrose \u2013 Stadt der L\u00fcgen"},"content":{"rendered":"<h1 data-start=\"120\" data-end=\"180\">\ud83d\udcda <strong data-start=\"125\" data-end=\"178\">E-Book Thriller \u2013 David Ambrose \u2013 Stadt der L\u00fcgen<\/strong><\/h1>\n<h3 data-start=\"181\" data-end=\"326\">Eine Stadt voller Geheimnisse. Eine Wahrheit, die keiner h\u00f6ren will. Und ein Mann, der zu sp\u00e4t merkt, dass er Teil eines Spiels geworden ist.<\/h3>\n<p data-start=\"328\" data-end=\"629\">Als ein Journalist \u00fcber eine Reihe mysteri\u00f6ser Vorf\u00e4lle in einer scheinbar friedlichen Stadt berichtet, ger\u00e4t er in ein Netz aus Manipulation, Macht und gef\u00e4hrlichen Halbwahrheiten. Jeder Hinweis, dem er folgt, \u00f6ffnet eine neue T\u00fcr \u2013 und hinter jeder T\u00fcr wartet eine andere Version der Wirklichkeit.<\/p>\n<p data-start=\"631\" data-end=\"892\">Was als harmlose Recherche beginnt, verwandelt sich in einen Albtraum aus \u00dcberwachung, T\u00e4uschung und gezielter Irref\u00fchrung. Freunde werden zu Fremden, Verb\u00fcndete zu Feinden, und bald muss er sich fragen:<br data-start=\"834\" data-end=\"837\" \/><strong data-start=\"837\" data-end=\"890\">Wem kann er \u00fcberhaupt noch glauben \u2013 selbst sich?<\/strong><\/p>\n<p data-start=\"894\" data-end=\"1067\">Je tiefer er eindringt, desto klarer wird:<br data-start=\"936\" data-end=\"939\" \/>Diese Stadt lebt nicht von Wahrheit, sondern von L\u00fcgen.<br data-start=\"994\" data-end=\"997\" \/>Und wer nach Antworten sucht, riskiert, spurlos darin zu verschwinden.<\/p>\n<p data-start=\"1069\" data-end=\"1224\"><strong data-start=\"1069\" data-end=\"1224\">Ein intensiver Psychothriller voller Paranoia, Doppelspiel und \u00fcberraschenden Wendungen, der Realit\u00e4t und Illusion meisterhaft ineinanderflie\u00dfen l\u00e4sst.<\/strong><\/p>\n<hr data-start=\"1226\" data-end=\"1229\" \/>\n<h3 data-start=\"1231\" data-end=\"1264\">\ud83d\udcd8 <strong data-start=\"1238\" data-end=\"1262\">Format: E-Book (PDF)<\/strong><\/h3>\n<p data-start=\"1266\" data-end=\"1400\">\u2b07\ufe0f Sofortiger Download f\u00fcr Handy<br data-start=\"1298\" data-end=\"1301\" \/>\u2b07\ufe0f Sofortiger Download f\u00fcr PC<br data-start=\"1330\" data-end=\"1333\" \/>\u2b07\ufe0f Sofortiger Download f\u00fcr Tablet<br data-start=\"1366\" data-end=\"1369\" \/>\u2b07\ufe0f F\u00fcr alle E-Reader geeignet<\/p>\n<p data-start=\"1402\" data-end=\"1439\"><strong data-start=\"1402\" data-end=\"1439\">Einmal gekauft \u2013 f\u00fcr immer deins!<\/strong><\/p>","protected":false},"excerpt":{"rendered":"<p>\ud83d\udcda E-Book Thriller \u2013 David Ambrose \u2013 Stadt der L\u00fcgen Eine Stadt voller Geheimnisse. Eine Wahrheit, die keiner h\u00f6ren will. Und ein Mann, der zu sp\u00e4t merkt, dass er Teil eines Spiels geworden ist. Als ein Journalist \u00fcber eine Reihe mysteri\u00f6ser Vorf\u00e4lle in einer scheinbar friedlichen Stadt berichtet, ger\u00e4t er in ein Netz aus Manipulation, [&hellip;]<\/p>\n","protected":false},"featured_media":1886,"comment_status":"open","ping_status":"closed","template":"","meta":[],"product_brand":[],"product_cat":[39],"product_tag":[],"class_list":{"0":"post-1885","1":"product","2":"type-product","3":"status-publish","4":"has-post-thumbnail","6":"product_cat-e-book-krimi","8":"first","9":"instock","10":"sale","11":"virtual","12":"purchasable","13":"product-type-simple"},"jetpack_sharing_enabled":true,"_links":{"self":[{"href":"https:\/\/audiobook-24.com\/en\/wp-json\/wp\/v2\/product\/1885","targetHints":{"allow":["GET"]}}],"collection":[{"href":"https:\/\/audiobook-24.com\/en\/wp-json\/wp\/v2\/product"}],"about":[{"href":"https:\/\/audiobook-24.com\/en\/wp-json\/wp\/v2\/types\/product"}],"replies":[{"embeddable":true,"href":"https:\/\/audiobook-24.com\/en\/wp-json\/wp\/v2\/comments?post=1885"}],"wp:featuredmedia":[{"embeddable":true,"href":"https:\/\/audiobook-24.com\/en\/wp-json\/wp\/v2\/media\/1886"}],"wp:attachment":[{"href":"https:\/\/audiobook-24.com\/en\/wp-json\/wp\/v2\/media?parent=1885"}],"wp:term":[{"taxonomy":"product_brand","embeddable":true,"href":"https:\/\/audiobook-24.com\/en\/wp-json\/wp\/v2\/product_brand?post=1885"},{"taxonomy":"product_cat","embeddable":true,"href":"https:\/\/audiobook-24.com\/en\/wp-json\/wp\/v2\/product_cat?post=1885"},{"taxonomy":"product_tag","embeddable":true,"href":"https:\/\/audiobook-24.com\/en\/wp-json\/wp\/v2\/product_tag?post=1885"}],"curies":[{"name":"wp","href":"https:\/\/api.w.org\/{rel}","templated":true}]}}