{"id":1883,"date":"2025-11-30T22:34:14","date_gmt":"2025-11-30T22:34:14","guid":{"rendered":"https:\/\/audiobook-24.com\/?post_type=product&#038;p=1883"},"modified":"2025-11-30T22:34:15","modified_gmt":"2025-11-30T22:34:15","slug":"%f0%9f%93%9a-e-book-thriller-hansjoerg-anderegg-nebenwirkungen","status":"publish","type":"product","link":"https:\/\/audiobook-24.com\/en\/product\/%f0%9f%93%9a-e-book-thriller-hansjoerg-anderegg-nebenwirkungen\/","title":{"rendered":"\ud83d\udcda E-Book Thriller \u2013 Hansj\u00f6rg Anderegg \u2013 Nebenwirkungen"},"content":{"rendered":"<h1 data-start=\"117\" data-end=\"180\">\ud83d\udcda <strong data-start=\"122\" data-end=\"178\">E-Book Thriller \u2013 Hansj\u00f6rg Anderegg \u2013 Nebenwirkungen<\/strong><\/h1>\n<h3 data-start=\"181\" data-end=\"294\">Ein harmloses Medikament. Eine verh\u00e4ngnisvolle Wahrheit. Und ein Arzt, der mehr wei\u00df, als er preisgeben darf.<\/h3>\n<p data-start=\"296\" data-end=\"587\">Als mehrere Patienten nach der Einnahme eines neuen Medikaments unerwartete, schwere Symptome entwickeln, beginnt f\u00fcr einen jungen Arzt ein Alptraum. Was zun\u00e4chst als seltene Komplikation abgetan wird, entpuppt sich schon bald als Muster \u2013 ein Muster, das jemand unbedingt vertuschen will.<\/p>\n<p data-start=\"589\" data-end=\"907\">Je mehr Fragen er stellt, desto gr\u00f6\u00dfer wird der Druck. Kollegen schweigen, Akten verschwinden, Verantwortliche weichen aus. Und dann geschieht ein Todesfall, der alles ver\u00e4ndert. Pl\u00f6tzlich steht er allein gegen ein System aus Macht, Geld und skrupellosen Interessen, das jeden zum Schweigen bringt, der zu viel wei\u00df.<\/p>\n<p data-start=\"909\" data-end=\"1070\">Doch er kann nicht aufh\u00f6ren \u2013 zu viele Leben stehen auf dem Spiel. Und jede neue Spur f\u00fchrt ihn tiefer in eine Wahrheit, die t\u00f6dlicher ist als jede Nebenwirkung.<\/p>\n<p data-start=\"1072\" data-end=\"1243\"><strong data-start=\"1072\" data-end=\"1243\">Ein packender, hochaktueller Medizin-Thriller \u00fcber Verantwortung, Gier und den Mut, f\u00fcr die Wahrheit zu k\u00e4mpfen \u2013 selbst wenn die Gefahr im eigenen Krankenhaus lauert.<\/strong><\/p>\n<hr data-start=\"1245\" data-end=\"1248\" \/>\n<h3 data-start=\"1250\" data-end=\"1283\">\ud83d\udcd8 <strong data-start=\"1257\" data-end=\"1281\">Format: E-Book (PDF)<\/strong><\/h3>\n<p data-start=\"1285\" data-end=\"1419\">\u2b07\ufe0f Sofortiger Download f\u00fcr Handy<br data-start=\"1317\" data-end=\"1320\" \/>\u2b07\ufe0f Sofortiger Download f\u00fcr PC<br data-start=\"1349\" data-end=\"1352\" \/>\u2b07\ufe0f Sofortiger Download f\u00fcr Tablet<br data-start=\"1385\" data-end=\"1388\" \/>\u2b07\ufe0f F\u00fcr alle E-Reader geeignet<\/p>\n<p data-start=\"1421\" data-end=\"1458\"><strong data-start=\"1421\" data-end=\"1458\">Einmal gekauft \u2013 f\u00fcr immer deins!<\/strong><\/p>","protected":false},"excerpt":{"rendered":"<p>\ud83d\udcda E-Book Thriller \u2013 Hansj\u00f6rg Anderegg \u2013 Nebenwirkungen Ein harmloses Medikament. Eine verh\u00e4ngnisvolle Wahrheit. Und ein Arzt, der mehr wei\u00df, als er preisgeben darf. Als mehrere Patienten nach der Einnahme eines neuen Medikaments unerwartete, schwere Symptome entwickeln, beginnt f\u00fcr einen jungen Arzt ein Alptraum. Was zun\u00e4chst als seltene Komplikation abgetan wird, entpuppt sich schon bald [&hellip;]<\/p>\n","protected":false},"featured_media":1884,"comment_status":"open","ping_status":"closed","template":"","meta":[],"product_brand":[],"product_cat":[39],"product_tag":[],"class_list":{"0":"post-1883","1":"product","2":"type-product","3":"status-publish","4":"has-post-thumbnail","6":"product_cat-e-book-krimi","8":"first","9":"instock","10":"sale","11":"virtual","12":"purchasable","13":"product-type-simple"},"jetpack_sharing_enabled":true,"_links":{"self":[{"href":"https:\/\/audiobook-24.com\/en\/wp-json\/wp\/v2\/product\/1883","targetHints":{"allow":["GET"]}}],"collection":[{"href":"https:\/\/audiobook-24.com\/en\/wp-json\/wp\/v2\/product"}],"about":[{"href":"https:\/\/audiobook-24.com\/en\/wp-json\/wp\/v2\/types\/product"}],"replies":[{"embeddable":true,"href":"https:\/\/audiobook-24.com\/en\/wp-json\/wp\/v2\/comments?post=1883"}],"wp:featuredmedia":[{"embeddable":true,"href":"https:\/\/audiobook-24.com\/en\/wp-json\/wp\/v2\/media\/1884"}],"wp:attachment":[{"href":"https:\/\/audiobook-24.com\/en\/wp-json\/wp\/v2\/media?parent=1883"}],"wp:term":[{"taxonomy":"product_brand","embeddable":true,"href":"https:\/\/audiobook-24.com\/en\/wp-json\/wp\/v2\/product_brand?post=1883"},{"taxonomy":"product_cat","embeddable":true,"href":"https:\/\/audiobook-24.com\/en\/wp-json\/wp\/v2\/product_cat?post=1883"},{"taxonomy":"product_tag","embeddable":true,"href":"https:\/\/audiobook-24.com\/en\/wp-json\/wp\/v2\/product_tag?post=1883"}],"curies":[{"name":"wp","href":"https:\/\/api.w.org\/{rel}","templated":true}]}}