{"id":1881,"date":"2025-11-30T22:31:38","date_gmt":"2025-11-30T22:31:38","guid":{"rendered":"https:\/\/audiobook-24.com\/?post_type=product&#038;p=1881"},"modified":"2025-11-30T22:31:38","modified_gmt":"2025-11-30T22:31:38","slug":"%f0%9f%93%9a-e-book-thriller-m-p-anderfeldt-nur-zehn-tage-1","status":"publish","type":"product","link":"https:\/\/audiobook-24.com\/en\/product\/%f0%9f%93%9a-e-book-thriller-m-p-anderfeldt-nur-zehn-tage-1\/","title":{"rendered":"\ud83d\udcda E-Book Thriller \u2013 M. P. Anderfeldt \u2013 Nur zehn Tage 1"},"content":{"rendered":"<h1 data-start=\"126\" data-end=\"189\">\ud83d\udcda <strong data-start=\"131\" data-end=\"187\">E-Book Thriller \u2013 M. P. Anderfeldt \u2013 Nur zehn Tage 1<\/strong><\/h1>\n<h3 data-start=\"190\" data-end=\"274\">Zehn Tage, eine Entscheidung \u2013 und ein Albtraum, der nicht mehr aufzuhalten ist.<\/h3>\n<p data-start=\"276\" data-end=\"640\">Als eine junge Frau spurlos verschwindet, beginnt f\u00fcr ihre Familie ein Wettlauf gegen die Zeit. Die Polizei stuft den Fall zun\u00e4chst als gew\u00f6hnliches Verschwinden ein \u2013 doch schon bald deutet alles darauf hin, dass jemand ein perfides Spiel spielt. Hinweise tauchen auf, die wie Botschaften wirken. R\u00e4tsel, die nur eine Bedeutung haben k\u00f6nnen: <strong data-start=\"619\" data-end=\"638\">Die Zeit l\u00e4uft.<\/strong><\/p>\n<p data-start=\"642\" data-end=\"951\">Parallel dazu erh\u00e4lt ein Ermittler ein anonymes Ultimatum \u2013 zehn Tage, um den wahren Hintergrund der Entf\u00fchrung aufzudecken. Doch je tiefer er gr\u00e4bt, desto klarer wird: Dieser Fall wurde minuti\u00f6s geplant. Und jeder Tag bringt neue Gefahren, Widerspr\u00fcche und Spuren, die in eine d\u00fcstere Vergangenheit f\u00fchren.<\/p>\n<p data-start=\"953\" data-end=\"1103\">Mit jedem vergehenden Tag steigt die Anspannung, denn der T\u00e4ter kontrolliert das Tempo \u2013 und er ist bereit, alles zu tun, um seinen Plan zu vollenden.<\/p>\n<p data-start=\"1105\" data-end=\"1251\"><strong data-start=\"1105\" data-end=\"1251\">Ein hochspannender Reihenauftakt voller Nervenkitzel, psychologischer Tiefe und einer Countdown-Atmosph\u00e4re, die bis zur letzten Seite fesselt.<\/strong><\/p>\n<hr data-start=\"1253\" data-end=\"1256\" \/>\n<h3 data-start=\"1258\" data-end=\"1291\">\ud83d\udcd8 <strong data-start=\"1265\" data-end=\"1289\">Format: E-Book (PDF)<\/strong><\/h3>\n<p data-start=\"1293\" data-end=\"1427\">\u2b07\ufe0f Sofortiger Download f\u00fcr Handy<br data-start=\"1325\" data-end=\"1328\" \/>\u2b07\ufe0f Sofortiger Download f\u00fcr PC<br data-start=\"1357\" data-end=\"1360\" \/>\u2b07\ufe0f Sofortiger Download f\u00fcr Tablet<br data-start=\"1393\" data-end=\"1396\" \/>\u2b07\ufe0f F\u00fcr alle E-Reader geeignet<\/p>\n<p data-start=\"1429\" data-end=\"1466\"><strong data-start=\"1429\" data-end=\"1466\">Einmal gekauft \u2013 f\u00fcr immer deins!<\/strong><\/p>","protected":false},"excerpt":{"rendered":"<p>\ud83d\udcda E-Book Thriller \u2013 M. P. Anderfeldt \u2013 Nur zehn Tage 1 Zehn Tage, eine Entscheidung \u2013 und ein Albtraum, der nicht mehr aufzuhalten ist. Als eine junge Frau spurlos verschwindet, beginnt f\u00fcr ihre Familie ein Wettlauf gegen die Zeit. Die Polizei stuft den Fall zun\u00e4chst als gew\u00f6hnliches Verschwinden ein \u2013 doch schon bald deutet [&hellip;]<\/p>\n","protected":false},"featured_media":1882,"comment_status":"open","ping_status":"closed","template":"","meta":[],"product_brand":[],"product_cat":[39],"product_tag":[],"class_list":{"0":"post-1881","1":"product","2":"type-product","3":"status-publish","4":"has-post-thumbnail","6":"product_cat-e-book-krimi","8":"first","9":"instock","10":"sale","11":"virtual","12":"purchasable","13":"product-type-simple"},"jetpack_sharing_enabled":true,"_links":{"self":[{"href":"https:\/\/audiobook-24.com\/en\/wp-json\/wp\/v2\/product\/1881","targetHints":{"allow":["GET"]}}],"collection":[{"href":"https:\/\/audiobook-24.com\/en\/wp-json\/wp\/v2\/product"}],"about":[{"href":"https:\/\/audiobook-24.com\/en\/wp-json\/wp\/v2\/types\/product"}],"replies":[{"embeddable":true,"href":"https:\/\/audiobook-24.com\/en\/wp-json\/wp\/v2\/comments?post=1881"}],"wp:featuredmedia":[{"embeddable":true,"href":"https:\/\/audiobook-24.com\/en\/wp-json\/wp\/v2\/media\/1882"}],"wp:attachment":[{"href":"https:\/\/audiobook-24.com\/en\/wp-json\/wp\/v2\/media?parent=1881"}],"wp:term":[{"taxonomy":"product_brand","embeddable":true,"href":"https:\/\/audiobook-24.com\/en\/wp-json\/wp\/v2\/product_brand?post=1881"},{"taxonomy":"product_cat","embeddable":true,"href":"https:\/\/audiobook-24.com\/en\/wp-json\/wp\/v2\/product_cat?post=1881"},{"taxonomy":"product_tag","embeddable":true,"href":"https:\/\/audiobook-24.com\/en\/wp-json\/wp\/v2\/product_tag?post=1881"}],"curies":[{"name":"wp","href":"https:\/\/api.w.org\/{rel}","templated":true}]}}