{"id":1875,"date":"2025-11-30T22:25:59","date_gmt":"2025-11-30T22:25:59","guid":{"rendered":"https:\/\/audiobook-24.com\/?post_type=product&#038;p=1875"},"modified":"2025-11-30T22:25:59","modified_gmt":"2025-11-30T22:25:59","slug":"%f0%9f%93%9a-e-book-roman-jeffrey-archer-berg-der-legenden","status":"publish","type":"product","link":"https:\/\/audiobook-24.com\/en\/product\/%f0%9f%93%9a-e-book-roman-jeffrey-archer-berg-der-legenden\/","title":{"rendered":"\ud83d\udcda E-Book Roman \u2013 Jeffrey Archer \u2013 Berg der Legenden"},"content":{"rendered":"<h1 data-start=\"120\" data-end=\"180\">\ud83d\udcda <strong data-start=\"125\" data-end=\"178\">E-Book Roman \u2013 Jeffrey Archer \u2013 Berg der Legenden<\/strong><\/h1>\n<h3 data-start=\"181\" data-end=\"303\">Ein unerreichbarer Gipfel. Ein Wettlauf gegen die Elemente. Und ein Mann, der mehr zu beweisen hat als allen lieb ist.<\/h3>\n<p data-start=\"305\" data-end=\"624\">Als ein mysteri\u00f6ser Berg, umrankt von Mythen und Trag\u00f6dien, erneut Aufmerksamkeit erregt, entschlie\u00dft sich ein ehrgeiziger Abenteurer, das Unm\u00f6gliche zu wagen. Der Aufstieg gilt als verflucht, sein Ruf ist von gescheiterten Expeditionen gepr\u00e4gt \u2013 und doch birgt er ein Geheimnis, das seit Jahrzehnten verborgen liegt.<\/p>\n<p data-start=\"626\" data-end=\"1009\">Getrieben von Ehre, Schuld und dem Verlangen nach Wahrheit begibt sich der Protagonist auf eine Reise, die ihn durch gnadenlose Naturgewalten, Rivalit\u00e4ten und eine Vergangenheit f\u00fchrt, die ihn mehr verfolgt als der frostige Wind am Gipfel. Jeder Meter bringt ihn n\u00e4her an die Grenze seiner Kr\u00e4fte \u2013 und an die Enth\u00fcllung einer Geschichte, die sein Leben f\u00fcr immer ver\u00e4ndern k\u00f6nnte.<\/p>\n<p data-start=\"1011\" data-end=\"1219\"><strong data-start=\"1011\" data-end=\"1034\">\u201eBerg der Legenden\u201c<\/strong> ist ein fesselnder Roman \u00fcber Mut, Obsession, Loyalit\u00e4t und die Frage, welchen Preis wir bereit sind zu zahlen, wenn die Wahrheit auf uns wartet \u2013 irgendwo zwischen Himmel und Abgrund.<\/p>\n<hr data-start=\"1221\" data-end=\"1224\" \/>\n<h3 data-start=\"1226\" data-end=\"1259\">\ud83d\udcd8 <strong data-start=\"1233\" data-end=\"1257\">Format: E-Book (PDF)<\/strong><\/h3>\n<p data-start=\"1261\" data-end=\"1395\">\u2b07\ufe0f Sofortiger Download f\u00fcr Handy<br data-start=\"1293\" data-end=\"1296\" \/>\u2b07\ufe0f Sofortiger Download f\u00fcr PC<br data-start=\"1325\" data-end=\"1328\" \/>\u2b07\ufe0f Sofortiger Download f\u00fcr Tablet<br data-start=\"1361\" data-end=\"1364\" \/>\u2b07\ufe0f F\u00fcr alle E-Reader geeignet<\/p>\n<p data-start=\"1397\" data-end=\"1434\"><strong data-start=\"1397\" data-end=\"1434\">Einmal gekauft \u2013 f\u00fcr immer deins!<\/strong><\/p>","protected":false},"excerpt":{"rendered":"<p>\ud83d\udcda E-Book Roman \u2013 Jeffrey Archer \u2013 Berg der Legenden Ein unerreichbarer Gipfel. Ein Wettlauf gegen die Elemente. Und ein Mann, der mehr zu beweisen hat als allen lieb ist. Als ein mysteri\u00f6ser Berg, umrankt von Mythen und Trag\u00f6dien, erneut Aufmerksamkeit erregt, entschlie\u00dft sich ein ehrgeiziger Abenteurer, das Unm\u00f6gliche zu wagen. Der Aufstieg gilt als [&hellip;]<\/p>\n","protected":false},"featured_media":1876,"comment_status":"open","ping_status":"closed","template":"","meta":[],"product_brand":[],"product_cat":[39],"product_tag":[],"class_list":{"0":"post-1875","1":"product","2":"type-product","3":"status-publish","4":"has-post-thumbnail","6":"product_cat-e-book-krimi","8":"first","9":"instock","10":"sale","11":"virtual","12":"purchasable","13":"product-type-simple"},"jetpack_sharing_enabled":true,"_links":{"self":[{"href":"https:\/\/audiobook-24.com\/en\/wp-json\/wp\/v2\/product\/1875","targetHints":{"allow":["GET"]}}],"collection":[{"href":"https:\/\/audiobook-24.com\/en\/wp-json\/wp\/v2\/product"}],"about":[{"href":"https:\/\/audiobook-24.com\/en\/wp-json\/wp\/v2\/types\/product"}],"replies":[{"embeddable":true,"href":"https:\/\/audiobook-24.com\/en\/wp-json\/wp\/v2\/comments?post=1875"}],"wp:featuredmedia":[{"embeddable":true,"href":"https:\/\/audiobook-24.com\/en\/wp-json\/wp\/v2\/media\/1876"}],"wp:attachment":[{"href":"https:\/\/audiobook-24.com\/en\/wp-json\/wp\/v2\/media?parent=1875"}],"wp:term":[{"taxonomy":"product_brand","embeddable":true,"href":"https:\/\/audiobook-24.com\/en\/wp-json\/wp\/v2\/product_brand?post=1875"},{"taxonomy":"product_cat","embeddable":true,"href":"https:\/\/audiobook-24.com\/en\/wp-json\/wp\/v2\/product_cat?post=1875"},{"taxonomy":"product_tag","embeddable":true,"href":"https:\/\/audiobook-24.com\/en\/wp-json\/wp\/v2\/product_tag?post=1875"}],"curies":[{"name":"wp","href":"https:\/\/api.w.org\/{rel}","templated":true}]}}