{"id":1871,"date":"2025-11-30T22:01:57","date_gmt":"2025-11-30T22:01:57","guid":{"rendered":"https:\/\/audiobook-24.com\/?post_type=product&#038;p=1871"},"modified":"2025-11-30T22:01:57","modified_gmt":"2025-11-30T22:01:57","slug":"%f0%9f%93%9a-e-book-thriller-mark-alpert-die-wuerfel-gottes","status":"publish","type":"product","link":"https:\/\/audiobook-24.com\/en\/product\/%f0%9f%93%9a-e-book-thriller-mark-alpert-die-wuerfel-gottes\/","title":{"rendered":"\ud83d\udcda E-Book Thriller \u2013 Mark Alpert \u2013 Die W\u00fcrfel Gottes"},"content":{"rendered":"<h1 data-start=\"119\" data-end=\"179\">\ud83d\udcda <strong data-start=\"124\" data-end=\"177\">E-Book Thriller \u2013 Mark Alpert \u2013 Die W\u00fcrfel Gottes<\/strong><\/h1>\n<h3 data-start=\"180\" data-end=\"292\">Eine Formel, die alles ver\u00e4ndert. Ein Geheimnis, das niemand besitzen darf. Und ein Wettlauf gegen die Zeit.<\/h3>\n<p data-start=\"294\" data-end=\"662\">Als der brillante Wissenschaftler <strong data-start=\"328\" data-end=\"343\">David Swift<\/strong> auf die verschl\u00fcsselten Aufzeichnungen eines verstorbenen Physikers st\u00f6\u00dft, ahnt er nicht, dass er damit eine Entdeckung freilegt, die die Grundfesten des Universums ersch\u00fcttern k\u00f6nnte. In den Formeln verbirgt sich eine Wahrheit von ungeheurer Tragweite \u2013 eine, die sowohl Glauben als auch Wissenschaft herausfordert.<\/p>\n<p data-start=\"664\" data-end=\"981\">Doch Swift ist nicht der Einzige, der darauf aufmerksam wird. M\u00e4chtige Organisationen, Geheimdienste und religi\u00f6se Fanatiker sind bereit, bis zum \u00c4u\u00dfersten zu gehen, um das Wissen an sich zu rei\u00dfen oder f\u00fcr immer zu vernichten. Bald befindet sich Swift auf der Flucht \u2013 gejagt von Feinden, die keine Grenzen kennen.<\/p>\n<p data-start=\"983\" data-end=\"1141\">Je n\u00e4her er der L\u00f6sung kommt, desto klarer wird:<br data-start=\"1031\" data-end=\"1034\" \/><strong data-start=\"1034\" data-end=\"1141\">Manche Wahrheiten sind zu gef\u00e4hrlich, um ausgesprochen zu werden. Und doch zu gro\u00df, um sie zu begraben.<\/strong><\/p>\n<p data-start=\"1143\" data-end=\"1297\"><strong data-start=\"1143\" data-end=\"1297\">Ein explosiver Wissenschaftsthriller voller Spannung, Erkenntnis, Verschw\u00f6rungen und der Frage: Welche Rolle spielt der Zufall im Plan des Universums?<\/strong><\/p>\n<hr data-start=\"1299\" data-end=\"1302\" \/>\n<h3 data-start=\"1304\" data-end=\"1337\">\ud83d\udcd8 <strong data-start=\"1311\" data-end=\"1335\">Format: E-Book (PDF)<\/strong><\/h3>\n<p data-start=\"1339\" data-end=\"1473\">\u2b07\ufe0f Sofortiger Download f\u00fcr Handy<br data-start=\"1371\" data-end=\"1374\" \/>\u2b07\ufe0f Sofortiger Download f\u00fcr PC<br data-start=\"1403\" data-end=\"1406\" \/>\u2b07\ufe0f Sofortiger Download f\u00fcr Tablet<br data-start=\"1439\" data-end=\"1442\" \/>\u2b07\ufe0f F\u00fcr alle E-Reader geeignet<\/p>\n<p data-start=\"1475\" data-end=\"1512\"><strong data-start=\"1475\" data-end=\"1512\">Einmal gekauft \u2013 f\u00fcr immer deins!<\/strong><\/p>","protected":false},"excerpt":{"rendered":"<p>\ud83d\udcda E-Book Thriller \u2013 Mark Alpert \u2013 Die W\u00fcrfel Gottes Eine Formel, die alles ver\u00e4ndert. Ein Geheimnis, das niemand besitzen darf. Und ein Wettlauf gegen die Zeit. Als der brillante Wissenschaftler David Swift auf die verschl\u00fcsselten Aufzeichnungen eines verstorbenen Physikers st\u00f6\u00dft, ahnt er nicht, dass er damit eine Entdeckung freilegt, die die Grundfesten des Universums [&hellip;]<\/p>\n","protected":false},"featured_media":1872,"comment_status":"open","ping_status":"closed","template":"","meta":[],"product_brand":[],"product_cat":[39],"product_tag":[],"class_list":{"0":"post-1871","1":"product","2":"type-product","3":"status-publish","4":"has-post-thumbnail","6":"product_cat-e-book-krimi","8":"first","9":"instock","10":"sale","11":"virtual","12":"purchasable","13":"product-type-simple"},"jetpack_sharing_enabled":true,"_links":{"self":[{"href":"https:\/\/audiobook-24.com\/en\/wp-json\/wp\/v2\/product\/1871","targetHints":{"allow":["GET"]}}],"collection":[{"href":"https:\/\/audiobook-24.com\/en\/wp-json\/wp\/v2\/product"}],"about":[{"href":"https:\/\/audiobook-24.com\/en\/wp-json\/wp\/v2\/types\/product"}],"replies":[{"embeddable":true,"href":"https:\/\/audiobook-24.com\/en\/wp-json\/wp\/v2\/comments?post=1871"}],"wp:featuredmedia":[{"embeddable":true,"href":"https:\/\/audiobook-24.com\/en\/wp-json\/wp\/v2\/media\/1872"}],"wp:attachment":[{"href":"https:\/\/audiobook-24.com\/en\/wp-json\/wp\/v2\/media?parent=1871"}],"wp:term":[{"taxonomy":"product_brand","embeddable":true,"href":"https:\/\/audiobook-24.com\/en\/wp-json\/wp\/v2\/product_brand?post=1871"},{"taxonomy":"product_cat","embeddable":true,"href":"https:\/\/audiobook-24.com\/en\/wp-json\/wp\/v2\/product_cat?post=1871"},{"taxonomy":"product_tag","embeddable":true,"href":"https:\/\/audiobook-24.com\/en\/wp-json\/wp\/v2\/product_tag?post=1871"}],"curies":[{"name":"wp","href":"https:\/\/api.w.org\/{rel}","templated":true}]}}