{"id":1869,"date":"2025-11-30T21:59:56","date_gmt":"2025-11-30T21:59:56","guid":{"rendered":"https:\/\/audiobook-24.com\/?post_type=product&#038;p=1869"},"modified":"2025-11-30T21:59:56","modified_gmt":"2025-11-30T21:59:56","slug":"%f0%9f%93%9a-e-book-krimi-peter-abrahams-verblendet","status":"publish","type":"product","link":"https:\/\/audiobook-24.com\/en\/product\/%f0%9f%93%9a-e-book-krimi-peter-abrahams-verblendet\/","title":{"rendered":"\ud83d\udcda E-Book Krimi \u2013 Peter Abrahams \u2013 Verblendet"},"content":{"rendered":"<h1 data-start=\"117\" data-end=\"170\">\ud83d\udcda <strong data-start=\"122\" data-end=\"168\">E-Book Krimi \u2013 Peter Abrahams \u2013 Verblendet<\/strong><\/h1>\n<h3 data-start=\"171\" data-end=\"280\">Eine falsche Erinnerung. Eine verh\u00e4ngnisvolle L\u00fcge. Und eine Frau, die der Wahrheit nicht entkommen kann.<\/h3>\n<p data-start=\"282\" data-end=\"568\">Als die junge Mutter <strong data-start=\"303\" data-end=\"310\">Liz<\/strong> Zeugin eines Unfalls wird, ist sie \u00fcberzeugt, den T\u00e4ter erkannt zu haben. Ihre Aussage scheint eindeutig \u2013 doch schon bald beginnen Zweifel an ihr zu nagen. Details verschwimmen, Erinnerungen wirken pl\u00f6tzlich br\u00fcchig, und ihr Umfeld reagiert misstrauisch.<\/p>\n<p data-start=\"570\" data-end=\"869\">W\u00e4hrend Liz versucht, ihre eigene Wahrnehmung zu verteidigen, verf\u00e4ngt sie sich in einem Netz aus Andeutungen, Halbwahrheiten und Menschen, die mehr wissen, als sie zugeben. Die Ereignisse \u00fcberschlagen sich, und pl\u00f6tzlich steht nicht mehr nur die Wahrheit auf dem Spiel \u2013 sondern ihr ganzes Leben.<\/p>\n<p data-start=\"871\" data-end=\"975\">Schon bald erkennt Liz:<br data-start=\"894\" data-end=\"897\" \/><strong data-start=\"897\" data-end=\"975\">Gef\u00e4hrlicher als ein T\u00e4ter ist eine Erinnerung, der man nicht trauen kann.<\/strong><\/p>\n<p data-start=\"977\" data-end=\"1116\"><strong data-start=\"977\" data-end=\"1116\">Ein psychologisch raffinierter Thriller \u00fcber Manipulation, Selbstzweifel und die Frage, wem wir glauben \u2013 und wem wir glauben <em data-start=\"1105\" data-end=\"1113\">wollen<\/em>.<\/strong><\/p>\n<hr data-start=\"1118\" data-end=\"1121\" \/>\n<h3 data-start=\"1123\" data-end=\"1156\">\ud83d\udcd8 <strong data-start=\"1130\" data-end=\"1154\">Format: E-Book (PDF)<\/strong><\/h3>\n<p data-start=\"1158\" data-end=\"1292\">\u2b07\ufe0f Sofortiger Download f\u00fcr Handy<br data-start=\"1190\" data-end=\"1193\" \/>\u2b07\ufe0f Sofortiger Download f\u00fcr PC<br data-start=\"1222\" data-end=\"1225\" \/>\u2b07\ufe0f Sofortiger Download f\u00fcr Tablet<br data-start=\"1258\" data-end=\"1261\" \/>\u2b07\ufe0f F\u00fcr alle E-Reader geeignet<\/p>\n<p data-start=\"1294\" data-end=\"1331\"><strong data-start=\"1294\" data-end=\"1331\">Einmal gekauft \u2013 f\u00fcr immer deins!<\/strong><\/p>","protected":false},"excerpt":{"rendered":"<p>\ud83d\udcda E-Book Krimi \u2013 Peter Abrahams \u2013 Verblendet Eine falsche Erinnerung. Eine verh\u00e4ngnisvolle L\u00fcge. Und eine Frau, die der Wahrheit nicht entkommen kann. Als die junge Mutter Liz Zeugin eines Unfalls wird, ist sie \u00fcberzeugt, den T\u00e4ter erkannt zu haben. Ihre Aussage scheint eindeutig \u2013 doch schon bald beginnen Zweifel an ihr zu nagen. Details [&hellip;]<\/p>\n","protected":false},"featured_media":1870,"comment_status":"open","ping_status":"closed","template":"","meta":[],"product_brand":[],"product_cat":[39],"product_tag":[],"class_list":{"0":"post-1869","1":"product","2":"type-product","3":"status-publish","4":"has-post-thumbnail","6":"product_cat-e-book-krimi","8":"first","9":"instock","10":"sale","11":"virtual","12":"purchasable","13":"product-type-simple"},"jetpack_sharing_enabled":true,"_links":{"self":[{"href":"https:\/\/audiobook-24.com\/en\/wp-json\/wp\/v2\/product\/1869","targetHints":{"allow":["GET"]}}],"collection":[{"href":"https:\/\/audiobook-24.com\/en\/wp-json\/wp\/v2\/product"}],"about":[{"href":"https:\/\/audiobook-24.com\/en\/wp-json\/wp\/v2\/types\/product"}],"replies":[{"embeddable":true,"href":"https:\/\/audiobook-24.com\/en\/wp-json\/wp\/v2\/comments?post=1869"}],"wp:featuredmedia":[{"embeddable":true,"href":"https:\/\/audiobook-24.com\/en\/wp-json\/wp\/v2\/media\/1870"}],"wp:attachment":[{"href":"https:\/\/audiobook-24.com\/en\/wp-json\/wp\/v2\/media?parent=1869"}],"wp:term":[{"taxonomy":"product_brand","embeddable":true,"href":"https:\/\/audiobook-24.com\/en\/wp-json\/wp\/v2\/product_brand?post=1869"},{"taxonomy":"product_cat","embeddable":true,"href":"https:\/\/audiobook-24.com\/en\/wp-json\/wp\/v2\/product_cat?post=1869"},{"taxonomy":"product_tag","embeddable":true,"href":"https:\/\/audiobook-24.com\/en\/wp-json\/wp\/v2\/product_tag?post=1869"}],"curies":[{"name":"wp","href":"https:\/\/api.w.org\/{rel}","templated":true}]}}