{"id":1867,"date":"2025-11-30T21:56:39","date_gmt":"2025-11-30T21:56:39","guid":{"rendered":"https:\/\/audiobook-24.com\/?post_type=product&#038;p=1867"},"modified":"2025-11-30T21:56:39","modified_gmt":"2025-11-30T21:56:39","slug":"%f0%9f%93%9a-e-book-krimi-will-adams-daniel-knox-01-das-gottesgrab","status":"publish","type":"product","link":"https:\/\/audiobook-24.com\/en\/product\/%f0%9f%93%9a-e-book-krimi-will-adams-daniel-knox-01-das-gottesgrab\/","title":{"rendered":"\ud83d\udcda E-Book Krimi \u2013 Will Adams \u2013 Daniel Knox 01 \u2013 Das Gottesgrab"},"content":{"rendered":"<h1 data-start=\"160\" data-end=\"230\">\ud83d\udcda <strong data-start=\"165\" data-end=\"228\">E-Book Krimi \u2013 Will Adams \u2013 Daniel Knox 01 \u2013 Das Gottesgrab<\/strong><\/h1>\n<h3 data-start=\"231\" data-end=\"343\">Ein uraltes Geheimnis. Ein gef\u00e4hrlicher Fund. Und ein Arch\u00e4ologe, der zwischen Wahrheit und Tod w\u00e4hlen muss.<\/h3>\n<p data-start=\"345\" data-end=\"680\">Der Taucher und Arch\u00e4ologe <strong data-start=\"372\" data-end=\"387\">Daniel Knox<\/strong> ger\u00e4t zuf\u00e4llig auf eine Spur, die \u00e4lter und explosiver ist als jedes Artefakt seiner bisherigen Karriere. Tief unter dem Sand verbirgt sich ein Fund, der nicht nur die Geschichte umschreiben k\u00f6nnte \u2013 sondern auch jene Menschen auf den Plan ruft, die bereit sind, f\u00fcr dieses Wissen zu t\u00f6ten.<\/p>\n<p data-start=\"682\" data-end=\"986\">W\u00e4hrend Knox versucht, die Bruchst\u00fccke eines uralten Mysteriums zusammenzusetzen, wird er zwischen rivalisierende Wissenschaftler, skrupellose M\u00e4chtige und einen Kult gezogen, der jede Entdeckung als Bedrohung sieht. Jede neue Spur f\u00fchrt ihn tiefer in ein Netz aus Verrat, Gier und m\u00f6rderischer Stille.<\/p>\n<p data-start=\"988\" data-end=\"1149\">Je n\u00e4her er dem Kern des Geheimnisses kommt, desto klarer wird:<br data-start=\"1051\" data-end=\"1054\" \/><strong data-start=\"1054\" data-end=\"1149\">Ein Grab, das nie gefunden werden durfte, wurde ge\u00f6ffnet \u2013 und nun ist niemand mehr sicher.<\/strong><\/p>\n<p data-start=\"1151\" data-end=\"1254\"><strong data-start=\"1151\" data-end=\"1254\">Ein mitrei\u00dfender Thriller voller Arch\u00e4ologie, Gefahr, r\u00e4tselhafter Hinweise und atemloser Spannung.<\/strong><\/p>\n<hr data-start=\"1256\" data-end=\"1259\" \/>\n<h3 data-start=\"1261\" data-end=\"1294\">\ud83d\udcd8 <strong data-start=\"1268\" data-end=\"1292\">Format: E-Book (PDF)<\/strong><\/h3>\n<p data-start=\"1296\" data-end=\"1430\">\u2b07\ufe0f Sofortiger Download f\u00fcr Handy<br data-start=\"1328\" data-end=\"1331\" \/>\u2b07\ufe0f Sofortiger Download f\u00fcr PC<br data-start=\"1360\" data-end=\"1363\" \/>\u2b07\ufe0f Sofortiger Download f\u00fcr Tablet<br data-start=\"1396\" data-end=\"1399\" \/>\u2b07\ufe0f F\u00fcr alle E-Reader geeignet<\/p>\n<p data-start=\"1432\" data-end=\"1469\"><strong data-start=\"1432\" data-end=\"1469\">Einmal gekauft \u2013 f\u00fcr immer deins!<\/strong><\/p>","protected":false},"excerpt":{"rendered":"<p>\ud83d\udcda E-Book Krimi \u2013 Will Adams \u2013 Daniel Knox 01 \u2013 Das Gottesgrab Ein uraltes Geheimnis. Ein gef\u00e4hrlicher Fund. Und ein Arch\u00e4ologe, der zwischen Wahrheit und Tod w\u00e4hlen muss. Der Taucher und Arch\u00e4ologe Daniel Knox ger\u00e4t zuf\u00e4llig auf eine Spur, die \u00e4lter und explosiver ist als jedes Artefakt seiner bisherigen Karriere. Tief unter dem Sand [&hellip;]<\/p>\n","protected":false},"featured_media":1868,"comment_status":"open","ping_status":"closed","template":"","meta":[],"product_brand":[],"product_cat":[39],"product_tag":[],"class_list":{"0":"post-1867","1":"product","2":"type-product","3":"status-publish","4":"has-post-thumbnail","6":"product_cat-e-book-krimi","8":"first","9":"instock","10":"sale","11":"virtual","12":"purchasable","13":"product-type-simple"},"jetpack_sharing_enabled":true,"_links":{"self":[{"href":"https:\/\/audiobook-24.com\/en\/wp-json\/wp\/v2\/product\/1867","targetHints":{"allow":["GET"]}}],"collection":[{"href":"https:\/\/audiobook-24.com\/en\/wp-json\/wp\/v2\/product"}],"about":[{"href":"https:\/\/audiobook-24.com\/en\/wp-json\/wp\/v2\/types\/product"}],"replies":[{"embeddable":true,"href":"https:\/\/audiobook-24.com\/en\/wp-json\/wp\/v2\/comments?post=1867"}],"wp:featuredmedia":[{"embeddable":true,"href":"https:\/\/audiobook-24.com\/en\/wp-json\/wp\/v2\/media\/1868"}],"wp:attachment":[{"href":"https:\/\/audiobook-24.com\/en\/wp-json\/wp\/v2\/media?parent=1867"}],"wp:term":[{"taxonomy":"product_brand","embeddable":true,"href":"https:\/\/audiobook-24.com\/en\/wp-json\/wp\/v2\/product_brand?post=1867"},{"taxonomy":"product_cat","embeddable":true,"href":"https:\/\/audiobook-24.com\/en\/wp-json\/wp\/v2\/product_cat?post=1867"},{"taxonomy":"product_tag","embeddable":true,"href":"https:\/\/audiobook-24.com\/en\/wp-json\/wp\/v2\/product_tag?post=1867"}],"curies":[{"name":"wp","href":"https:\/\/api.w.org\/{rel}","templated":true}]}}