{"id":1865,"date":"2025-11-30T21:54:20","date_gmt":"2025-11-30T21:54:20","guid":{"rendered":"https:\/\/audiobook-24.com\/?post_type=product&#038;p=1865"},"modified":"2025-11-30T21:54:20","modified_gmt":"2025-11-30T21:54:20","slug":"%f0%9f%93%9a-e-book-krimi-ilja-albrecht-kalter-zorn","status":"publish","type":"product","link":"https:\/\/audiobook-24.com\/en\/product\/%f0%9f%93%9a-e-book-krimi-ilja-albrecht-kalter-zorn\/","title":{"rendered":"\ud83d\udcda E-Book Krimi \u2013 Ilja Albrecht \u2013 Kalter Zorn"},"content":{"rendered":"<h1 data-start=\"126\" data-end=\"179\">\ud83d\udcda <strong data-start=\"131\" data-end=\"177\">E-Book Krimi \u2013 Ilja Albrecht \u2013 Kalter Zorn<\/strong><\/h1>\n<h3 data-start=\"180\" data-end=\"286\">Ein Mord im Verborgenen. Ein T\u00e4ter ohne Reue. Und ein Ermittler, der der K\u00e4lte ins Gesicht sehen muss.<\/h3>\n<p data-start=\"288\" data-end=\"609\">Als in einer abgeschiedenen Kleinstadt ein grausamer Mord geschieht, st\u00f6\u00dft das Ermittlerteam schnell auf eine Mauer aus Schweigen. Jeder wei\u00df etwas \u2013 doch niemand spricht. Die Spuren f\u00fchren zu alten Feindschaften, verdr\u00e4ngten Schuldgef\u00fchlen und einem T\u00e4ter, der seine Rache \u00fcber Jahre hinweg sorgf\u00e4ltig vorbereitet hat.<\/p>\n<p data-start=\"611\" data-end=\"902\">Mit jedem Schritt in die Vergangenheit erkennen die Ermittler, dass der Fall viel gr\u00f6\u00dfer ist, als er zun\u00e4chst scheint. Hinter freundlichen Fassaden lauern Hass, Gier und ein Zorn, der \u00fcber Jahrzehnte gewachsen ist. Und jemand hat beschlossen, dass nun die Zeit der Abrechnung gekommen ist.<\/p>\n<p data-start=\"904\" data-end=\"1018\">Schon bald wird klar:<br data-start=\"925\" data-end=\"928\" \/><strong data-start=\"928\" data-end=\"1018\">Wer die Wahrheit ans Licht bringt, weckt einen Zorn, der eisiger ist als jeder Winter.<\/strong><\/p>\n<p data-start=\"1020\" data-end=\"1139\"><strong data-start=\"1020\" data-end=\"1139\">Ein d\u00fcsterer, packender Krimi voller Wendungen, Intensit\u00e4t und einer Atmosph\u00e4re, die bis zur letzten Seite fesselt.<\/strong><\/p>\n<hr data-start=\"1141\" data-end=\"1144\" \/>\n<h3 data-start=\"1146\" data-end=\"1179\">\ud83d\udcd8 <strong data-start=\"1153\" data-end=\"1177\">Format: E-Book (PDF)<\/strong><\/h3>\n<p data-start=\"1181\" data-end=\"1315\">\u2b07\ufe0f Sofortiger Download f\u00fcr Handy<br data-start=\"1213\" data-end=\"1216\" \/>\u2b07\ufe0f Sofortiger Download f\u00fcr PC<br data-start=\"1245\" data-end=\"1248\" \/>\u2b07\ufe0f Sofortiger Download f\u00fcr Tablet<br data-start=\"1281\" data-end=\"1284\" \/>\u2b07\ufe0f F\u00fcr alle E-Reader geeignet<\/p>\n<p data-start=\"1317\" data-end=\"1354\"><strong data-start=\"1317\" data-end=\"1354\">Einmal gekauft \u2013 f\u00fcr immer deins!<\/strong><\/p>","protected":false},"excerpt":{"rendered":"<p>\ud83d\udcda E-Book Krimi \u2013 Ilja Albrecht \u2013 Kalter Zorn Ein Mord im Verborgenen. Ein T\u00e4ter ohne Reue. Und ein Ermittler, der der K\u00e4lte ins Gesicht sehen muss. Als in einer abgeschiedenen Kleinstadt ein grausamer Mord geschieht, st\u00f6\u00dft das Ermittlerteam schnell auf eine Mauer aus Schweigen. Jeder wei\u00df etwas \u2013 doch niemand spricht. Die Spuren f\u00fchren [&hellip;]<\/p>\n","protected":false},"featured_media":1866,"comment_status":"open","ping_status":"closed","template":"","meta":[],"product_brand":[],"product_cat":[39],"product_tag":[],"class_list":{"0":"post-1865","1":"product","2":"type-product","3":"status-publish","4":"has-post-thumbnail","6":"product_cat-e-book-krimi","8":"first","9":"instock","10":"sale","11":"virtual","12":"purchasable","13":"product-type-simple"},"jetpack_sharing_enabled":true,"_links":{"self":[{"href":"https:\/\/audiobook-24.com\/en\/wp-json\/wp\/v2\/product\/1865","targetHints":{"allow":["GET"]}}],"collection":[{"href":"https:\/\/audiobook-24.com\/en\/wp-json\/wp\/v2\/product"}],"about":[{"href":"https:\/\/audiobook-24.com\/en\/wp-json\/wp\/v2\/types\/product"}],"replies":[{"embeddable":true,"href":"https:\/\/audiobook-24.com\/en\/wp-json\/wp\/v2\/comments?post=1865"}],"wp:featuredmedia":[{"embeddable":true,"href":"https:\/\/audiobook-24.com\/en\/wp-json\/wp\/v2\/media\/1866"}],"wp:attachment":[{"href":"https:\/\/audiobook-24.com\/en\/wp-json\/wp\/v2\/media?parent=1865"}],"wp:term":[{"taxonomy":"product_brand","embeddable":true,"href":"https:\/\/audiobook-24.com\/en\/wp-json\/wp\/v2\/product_brand?post=1865"},{"taxonomy":"product_cat","embeddable":true,"href":"https:\/\/audiobook-24.com\/en\/wp-json\/wp\/v2\/product_cat?post=1865"},{"taxonomy":"product_tag","embeddable":true,"href":"https:\/\/audiobook-24.com\/en\/wp-json\/wp\/v2\/product_tag?post=1865"}],"curies":[{"name":"wp","href":"https:\/\/api.w.org\/{rel}","templated":true}]}}