{"id":1859,"date":"2025-11-30T15:03:24","date_gmt":"2025-11-30T15:03:24","guid":{"rendered":"https:\/\/audiobook-24.com\/?post_type=product&#038;p=1859"},"modified":"2025-11-30T15:03:24","modified_gmt":"2025-11-30T15:03:24","slug":"%f0%9f%93%9a-e-book-krimi-joakim-zander-klara-waldeen-02-der-bruder","status":"publish","type":"product","link":"https:\/\/audiobook-24.com\/en\/product\/%f0%9f%93%9a-e-book-krimi-joakim-zander-klara-waldeen-02-der-bruder\/","title":{"rendered":"\ud83d\udcda E-Book Krimi \u2013 Joakim Zander \u2013 Klara Wald\u00e9en 02 \u2013 Der Bruder"},"content":{"rendered":"<h1 data-start=\"118\" data-end=\"189\">\ud83d\udcda <strong data-start=\"123\" data-end=\"187\">E-Book Krimi \u2013 Joakim Zander \u2013 Klara Wald\u00e9en 02 \u2013 Der Bruder<\/strong><\/h1>\n<h3 data-start=\"190\" data-end=\"299\">Eine verschwundene Schwester. Ein radikalisierter Bruder. Und eine Wahrheit, die Europa ersch\u00fcttern kann.<\/h3>\n<p data-start=\"301\" data-end=\"647\">Als eine junge Frau spurlos verschwindet, wird die politische Analystin <strong data-start=\"373\" data-end=\"390\">Klara Wald\u00e9en<\/strong> erneut in einen Fall hineingezogen, der weit \u00fcber pers\u00f6nliche Trag\u00f6dien hinausgeht. Gleichzeitig ger\u00e4t ein junger Mann in den Fokus der Beh\u00f6rden, der sich einer gef\u00e4hrlichen Gruppierung angeschlossen haben soll \u2013 doch seine Motive bleiben undurchsichtig.<\/p>\n<p data-start=\"649\" data-end=\"1001\">W\u00e4hrend Klara versucht, die Verbindung zwischen den beiden Geschwistern zu verstehen, st\u00f6\u00dft sie auf ein Geflecht aus Geheimdiensten, verdeckten Operationen und politischen Machtspielen. Die Spur f\u00fchrt quer durch Europa \u2013 von stillen Vororten bis zu den Zentren der Entscheidungsgewalt \u2013 und immer weiter in eine Welt, in der Loyalit\u00e4t zur Waffe wird.<\/p>\n<p data-start=\"1003\" data-end=\"1152\">Mit jeder neuen Erkenntnis wird klarer:<br data-start=\"1042\" data-end=\"1045\" \/><strong data-start=\"1045\" data-end=\"1152\">Der Schl\u00fcssel zur Wahrheit liegt in der Vergangenheit \u2013 und im Bruder, der mehr wei\u00df, als er preisgibt.<\/strong><\/p>\n<p data-start=\"1154\" data-end=\"1299\"><strong data-start=\"1154\" data-end=\"1299\">Ein temporeicher Politthriller voller Spannung, Intrigen und moralischer Grauzonen, in denen Klara Wald\u00e9en mutiger handeln muss als je zuvor.<\/strong><\/p>\n<hr data-start=\"1301\" data-end=\"1304\" \/>\n<h3 data-start=\"1306\" data-end=\"1339\">\ud83d\udcd8 <strong data-start=\"1313\" data-end=\"1337\">Format: E-Book (PDF)<\/strong><\/h3>\n<p data-start=\"1341\" data-end=\"1475\">\u2b07\ufe0f Sofortiger Download f\u00fcr Handy<br data-start=\"1373\" data-end=\"1376\" \/>\u2b07\ufe0f Sofortiger Download f\u00fcr PC<br data-start=\"1405\" data-end=\"1408\" \/>\u2b07\ufe0f Sofortiger Download f\u00fcr Tablet<br data-start=\"1441\" data-end=\"1444\" \/>\u2b07\ufe0f F\u00fcr alle E-Reader geeignet<\/p>","protected":false},"excerpt":{"rendered":"<p>\ud83d\udcda E-Book Krimi \u2013 Joakim Zander \u2013 Klara Wald\u00e9en 02 \u2013 Der Bruder Eine verschwundene Schwester. Ein radikalisierter Bruder. Und eine Wahrheit, die Europa ersch\u00fcttern kann. Als eine junge Frau spurlos verschwindet, wird die politische Analystin Klara Wald\u00e9en erneut in einen Fall hineingezogen, der weit \u00fcber pers\u00f6nliche Trag\u00f6dien hinausgeht. Gleichzeitig ger\u00e4t ein junger Mann in [&hellip;]<\/p>\n","protected":false},"featured_media":1860,"comment_status":"open","ping_status":"closed","template":"","meta":[],"product_brand":[],"product_cat":[39],"product_tag":[],"class_list":{"0":"post-1859","1":"product","2":"type-product","3":"status-publish","4":"has-post-thumbnail","6":"product_cat-e-book-krimi","8":"first","9":"instock","10":"sale","11":"virtual","12":"purchasable","13":"product-type-simple"},"jetpack_sharing_enabled":true,"_links":{"self":[{"href":"https:\/\/audiobook-24.com\/en\/wp-json\/wp\/v2\/product\/1859","targetHints":{"allow":["GET"]}}],"collection":[{"href":"https:\/\/audiobook-24.com\/en\/wp-json\/wp\/v2\/product"}],"about":[{"href":"https:\/\/audiobook-24.com\/en\/wp-json\/wp\/v2\/types\/product"}],"replies":[{"embeddable":true,"href":"https:\/\/audiobook-24.com\/en\/wp-json\/wp\/v2\/comments?post=1859"}],"wp:featuredmedia":[{"embeddable":true,"href":"https:\/\/audiobook-24.com\/en\/wp-json\/wp\/v2\/media\/1860"}],"wp:attachment":[{"href":"https:\/\/audiobook-24.com\/en\/wp-json\/wp\/v2\/media?parent=1859"}],"wp:term":[{"taxonomy":"product_brand","embeddable":true,"href":"https:\/\/audiobook-24.com\/en\/wp-json\/wp\/v2\/product_brand?post=1859"},{"taxonomy":"product_cat","embeddable":true,"href":"https:\/\/audiobook-24.com\/en\/wp-json\/wp\/v2\/product_cat?post=1859"},{"taxonomy":"product_tag","embeddable":true,"href":"https:\/\/audiobook-24.com\/en\/wp-json\/wp\/v2\/product_tag?post=1859"}],"curies":[{"name":"wp","href":"https:\/\/api.w.org\/{rel}","templated":true}]}}