{"id":1857,"date":"2025-11-30T14:55:12","date_gmt":"2025-11-30T14:55:12","guid":{"rendered":"https:\/\/audiobook-24.com\/?post_type=product&#038;p=1857"},"modified":"2025-11-30T14:55:12","modified_gmt":"2025-11-30T14:55:12","slug":"%f0%9f%93%9a-e-book-krimi-koethi-zan-danach","status":"publish","type":"product","link":"https:\/\/audiobook-24.com\/en\/product\/%f0%9f%93%9a-e-book-krimi-koethi-zan-danach\/","title":{"rendered":"\ud83d\udcda E-Book Krimi \u2013 Koethi Zan \u2013 Danach"},"content":{"rendered":"<h1 data-start=\"115\" data-end=\"160\">\ud83d\udcda <strong data-start=\"120\" data-end=\"158\">E-Book Krimi \u2013 Koethi Zan \u2013 Danach<\/strong><\/h1>\n<h3 data-start=\"161\" data-end=\"227\">Ein Albtraum endet. Doch das wahre Grauen beginnt erst danach.<\/h3>\n<p data-start=\"229\" data-end=\"482\">Jahre nach ihrer Entf\u00fchrung versucht eine Frau, ein neues Leben aufzubauen. Doch die Vergangenheit l\u00e4sst sie nicht los. Die Erinnerungen an den T\u00e4ter sitzen tief, und jeder Schritt zur\u00fcck in die Normalit\u00e4t wird von Angst und inneren D\u00e4monen begleitet.<\/p>\n<p data-start=\"484\" data-end=\"890\">Als neue Hinweise auftauchen, die darauf hindeuten, dass ihr Peiniger noch lebt \u2013 oder Nachahmer inspiriert hat \u2013 bricht ihre m\u00fchsam aufgebaute Welt erneut zusammen. Sie beginnt zu ermitteln, getrieben von dem Bed\u00fcrfnis, endlich Antworten zu finden. Dabei st\u00f6\u00dft sie auf andere Opfer, verschlossene Akten und ersch\u00fctternde Wahrheiten, die ein viel gr\u00f6\u00dferes Netz aus Macht, Kontrolle und Gewalt offenbaren.<\/p>\n<p data-start=\"892\" data-end=\"1022\">Je n\u00e4her sie der Wahrheit kommt, desto klarer wird ihr:<br data-start=\"947\" data-end=\"950\" \/><strong data-start=\"950\" data-end=\"1022\">Der Albtraum ist nicht vorbei. Er hat nur eine neue Form angenommen.<\/strong><\/p>\n<p data-start=\"1024\" data-end=\"1160\"><strong data-start=\"1024\" data-end=\"1160\">Ein intensiver, psychologisch tiefgehender Thriller, der zeigt, dass \u00dcberleben erst der Anfang einer viel dunkleren Reise sein kann.<\/strong><\/p>\n<hr data-start=\"1162\" data-end=\"1165\" \/>\n<h3 data-start=\"1167\" data-end=\"1200\">\ud83d\udcd8 <strong data-start=\"1174\" data-end=\"1198\">Format: E-Book (PDF)<\/strong><\/h3>\n<p data-start=\"1202\" data-end=\"1336\">\u2b07\ufe0f Sofortiger Download f\u00fcr Handy<br data-start=\"1234\" data-end=\"1237\" \/>\u2b07\ufe0f Sofortiger Download f\u00fcr PC<br data-start=\"1266\" data-end=\"1269\" \/>\u2b07\ufe0f Sofortiger Download f\u00fcr Tablet<br data-start=\"1302\" data-end=\"1305\" \/>\u2b07\ufe0f F\u00fcr alle E-Reader geeignet<\/p>\n<p data-start=\"1338\" data-end=\"1375\"><strong data-start=\"1338\" data-end=\"1375\">Einmal gekauft \u2013 f\u00fcr immer deins!<\/strong><\/p>","protected":false},"excerpt":{"rendered":"<p>\ud83d\udcda E-Book Krimi \u2013 Koethi Zan \u2013 Danach Ein Albtraum endet. Doch das wahre Grauen beginnt erst danach. Jahre nach ihrer Entf\u00fchrung versucht eine Frau, ein neues Leben aufzubauen. Doch die Vergangenheit l\u00e4sst sie nicht los. Die Erinnerungen an den T\u00e4ter sitzen tief, und jeder Schritt zur\u00fcck in die Normalit\u00e4t wird von Angst und inneren [&hellip;]<\/p>\n","protected":false},"featured_media":1858,"comment_status":"open","ping_status":"closed","template":"","meta":[],"product_brand":[],"product_cat":[39],"product_tag":[],"class_list":{"0":"post-1857","1":"product","2":"type-product","3":"status-publish","4":"has-post-thumbnail","6":"product_cat-e-book-krimi","8":"first","9":"instock","10":"sale","11":"virtual","12":"purchasable","13":"product-type-simple"},"jetpack_sharing_enabled":true,"_links":{"self":[{"href":"https:\/\/audiobook-24.com\/en\/wp-json\/wp\/v2\/product\/1857","targetHints":{"allow":["GET"]}}],"collection":[{"href":"https:\/\/audiobook-24.com\/en\/wp-json\/wp\/v2\/product"}],"about":[{"href":"https:\/\/audiobook-24.com\/en\/wp-json\/wp\/v2\/types\/product"}],"replies":[{"embeddable":true,"href":"https:\/\/audiobook-24.com\/en\/wp-json\/wp\/v2\/comments?post=1857"}],"wp:featuredmedia":[{"embeddable":true,"href":"https:\/\/audiobook-24.com\/en\/wp-json\/wp\/v2\/media\/1858"}],"wp:attachment":[{"href":"https:\/\/audiobook-24.com\/en\/wp-json\/wp\/v2\/media?parent=1857"}],"wp:term":[{"taxonomy":"product_brand","embeddable":true,"href":"https:\/\/audiobook-24.com\/en\/wp-json\/wp\/v2\/product_brand?post=1857"},{"taxonomy":"product_cat","embeddable":true,"href":"https:\/\/audiobook-24.com\/en\/wp-json\/wp\/v2\/product_cat?post=1857"},{"taxonomy":"product_tag","embeddable":true,"href":"https:\/\/audiobook-24.com\/en\/wp-json\/wp\/v2\/product_tag?post=1857"}],"curies":[{"name":"wp","href":"https:\/\/api.w.org\/{rel}","templated":true}]}}