{"id":1852,"date":"2025-11-30T14:48:35","date_gmt":"2025-11-30T14:48:35","guid":{"rendered":"https:\/\/audiobook-24.com\/?post_type=product&#038;p=1852"},"modified":"2025-11-30T14:48:35","modified_gmt":"2025-11-30T14:48:35","slug":"zahler-s-craig-die-toten-der-north-ganson-street","status":"publish","type":"product","link":"https:\/\/audiobook-24.com\/en\/product\/zahler-s-craig-die-toten-der-north-ganson-street\/","title":{"rendered":"Zahler, S. Craig &#8211; Die Toten der North Ganson Street"},"content":{"rendered":"<h1 data-start=\"132\" data-end=\"190\">\ud83d\udcda <strong data-start=\"137\" data-end=\"188\">E-Book Krimi \u2013 Karen Young \u2013 Aus reiner Notwehr<\/strong><\/h1>\n<h3 data-start=\"191\" data-end=\"271\">Eine Nacht, ein Schuss \u2013 und eine Frau, die pl\u00f6tzlich zur Verd\u00e4chtigen wird.<\/h3>\n<p data-start=\"273\" data-end=\"639\">Als eine junge Frau in einer verzweifelten Situation zur Waffe greift, glaubt sie zun\u00e4chst, aus reiner Notwehr gehandelt zu haben. Doch nur wenige Stunden sp\u00e4ter steht ihr Leben Kopf: Die Polizei zweifelt an ihrer Darstellung, Beweise verschwinden oder tauchen dort auf, wo sie nicht sein sollten, und pl\u00f6tzlich scheint jeder Schritt gegen sie verwendet zu werden.<\/p>\n<p data-start=\"641\" data-end=\"959\">W\u00e4hrend sie versucht, ihre Unschuld zu beweisen, st\u00f6\u00dft sie auf Geheimnisse, die tief in die Vergangenheit reichen \u2013 und auf Menschen, die ein starkes Interesse daran haben, dass die Wahrheit niemals ans Licht kommt. Bald merkt sie: Nicht der Tod ist die gr\u00f6\u00dfte Gefahr, sondern jene, die im Schatten die F\u00e4den ziehen.<\/p>\n<p data-start=\"961\" data-end=\"1095\"><strong data-start=\"961\" data-end=\"1095\">Ein packender Psychothriller \u00fcber Misstrauen, Manipulation und den Versuch einer Frau, sich gegen ein Netz aus L\u00fcgen zu behaupten.<\/strong><\/p>\n<hr data-start=\"1097\" data-end=\"1100\" \/>\n<h3 data-start=\"1102\" data-end=\"1135\">\ud83d\udcd8 <strong data-start=\"1109\" data-end=\"1133\">Format: E-Book (PDF)<\/strong><\/h3>\n<p data-start=\"1137\" data-end=\"1271\">\u2b07\ufe0f Sofortiger Download f\u00fcr Handy<br data-start=\"1169\" data-end=\"1172\" \/>\u2b07\ufe0f Sofortiger Download f\u00fcr PC<br data-start=\"1201\" data-end=\"1204\" \/>\u2b07\ufe0f Sofortiger Download f\u00fcr Tablet<br data-start=\"1237\" data-end=\"1240\" \/>\u2b07\ufe0f F\u00fcr alle E-Reader geeignet<\/p>\n<p data-start=\"1273\" data-end=\"1310\"><strong data-start=\"1273\" data-end=\"1310\">Einmal gekauft \u2013 f\u00fcr immer deins!<\/strong><\/p>","protected":false},"excerpt":{"rendered":"<p>\ud83d\udcda E-Book Krimi \u2013 Karen Young \u2013 Aus reiner Notwehr Eine Nacht, ein Schuss \u2013 und eine Frau, die pl\u00f6tzlich zur Verd\u00e4chtigen wird. Als eine junge Frau in einer verzweifelten Situation zur Waffe greift, glaubt sie zun\u00e4chst, aus reiner Notwehr gehandelt zu haben. Doch nur wenige Stunden sp\u00e4ter steht ihr Leben Kopf: Die Polizei zweifelt [&hellip;]<\/p>\n","protected":false},"featured_media":1853,"comment_status":"open","ping_status":"closed","template":"","meta":[],"product_brand":[],"product_cat":[39],"product_tag":[],"class_list":{"0":"post-1852","1":"product","2":"type-product","3":"status-publish","4":"has-post-thumbnail","6":"product_cat-e-book-krimi","8":"first","9":"instock","10":"sale","11":"virtual","12":"purchasable","13":"product-type-simple"},"jetpack_sharing_enabled":true,"_links":{"self":[{"href":"https:\/\/audiobook-24.com\/en\/wp-json\/wp\/v2\/product\/1852","targetHints":{"allow":["GET"]}}],"collection":[{"href":"https:\/\/audiobook-24.com\/en\/wp-json\/wp\/v2\/product"}],"about":[{"href":"https:\/\/audiobook-24.com\/en\/wp-json\/wp\/v2\/types\/product"}],"replies":[{"embeddable":true,"href":"https:\/\/audiobook-24.com\/en\/wp-json\/wp\/v2\/comments?post=1852"}],"wp:featuredmedia":[{"embeddable":true,"href":"https:\/\/audiobook-24.com\/en\/wp-json\/wp\/v2\/media\/1853"}],"wp:attachment":[{"href":"https:\/\/audiobook-24.com\/en\/wp-json\/wp\/v2\/media?parent=1852"}],"wp:term":[{"taxonomy":"product_brand","embeddable":true,"href":"https:\/\/audiobook-24.com\/en\/wp-json\/wp\/v2\/product_brand?post=1852"},{"taxonomy":"product_cat","embeddable":true,"href":"https:\/\/audiobook-24.com\/en\/wp-json\/wp\/v2\/product_cat?post=1852"},{"taxonomy":"product_tag","embeddable":true,"href":"https:\/\/audiobook-24.com\/en\/wp-json\/wp\/v2\/product_tag?post=1852"}],"curies":[{"name":"wp","href":"https:\/\/api.w.org\/{rel}","templated":true}]}}