{"id":1842,"date":"2025-11-30T14:17:57","date_gmt":"2025-11-30T14:17:57","guid":{"rendered":"https:\/\/audiobook-24.com\/?post_type=product&#038;p=1842"},"modified":"2025-11-30T14:17:57","modified_gmt":"2025-11-30T14:17:57","slug":"%f0%9f%93%9a-e-book-krimi-douglas-wynne-der-teufel-von-echo-lake","status":"publish","type":"product","link":"https:\/\/audiobook-24.com\/en\/product\/%f0%9f%93%9a-e-book-krimi-douglas-wynne-der-teufel-von-echo-lake\/","title":{"rendered":"\ud83d\udcda E-Book Krimi \u2013 Douglas Wynne \u2013 Der Teufel von Echo Lake"},"content":{"rendered":"<h1 data-start=\"144\" data-end=\"210\">\ud83d\udcda <strong data-start=\"149\" data-end=\"208\">E-Book Krimi \u2013 Douglas Wynne \u2013 Der Teufel von Echo Lake<\/strong><\/h1>\n<h3 data-start=\"211\" data-end=\"292\">Ein abgelegener Ort, ein dunkes Geheimnis \u2013 und das B\u00f6se, das im Wald lauert.<\/h3>\n<p data-start=\"294\" data-end=\"577\">Am entlegenen Echo Lake herrscht eine unheimliche Stille, die mehr verbirgt, als sie preisgibt. Als ein junger Musikproduzent spurlos verschwindet, st\u00f6\u00dft ein Ermittler-Team auf Hinweise, die sie tief in eine Welt aus Aberglauben, verschlungenen Mythen und d\u00fcsteren Ritualen f\u00fchren.<\/p>\n<p data-start=\"579\" data-end=\"906\">Je weiter die Spur in die W\u00e4lder rund um den See hineinf\u00fchrt, desto deutlicher wird: Hier ist etwas erwacht, das l\u00e4ngst h\u00e4tte ruhen sollen. Der abgelegene Ort scheint von einer Pr\u00e4senz durchdrungen zu sein, die zwischen Wahn und Wirklichkeit nur schwer zu greifen ist. Und wer einmal hineinger\u00e4t, findet selten wieder heraus.<\/p>\n<p data-start=\"908\" data-end=\"1039\"><strong data-start=\"908\" data-end=\"1039\">Ein atmosph\u00e4rischer Mystery-Krimi mit Horror\u00adelementen, der Spannung, G\u00e4nsehaut und psychologische Tiefe meisterhaft verbindet.<\/strong><\/p>\n<hr data-start=\"1041\" data-end=\"1044\" \/>\n<h3 data-start=\"1046\" data-end=\"1084\">\ud83d\udcd8 <strong data-start=\"1053\" data-end=\"1082\">Format: E-Book (EPUB\/PDF)<\/strong><\/h3>\n<p data-start=\"1086\" data-end=\"1220\">\u2b07\ufe0f Sofortiger Download f\u00fcr Handy<br data-start=\"1118\" data-end=\"1121\" \/>\u2b07\ufe0f Sofortiger Download f\u00fcr PC<br data-start=\"1150\" data-end=\"1153\" \/>\u2b07\ufe0f Sofortiger Download f\u00fcr Tablet<br data-start=\"1186\" data-end=\"1189\" \/>\u2b07\ufe0f F\u00fcr alle E-Reader geeignet<\/p>\n<p data-start=\"1222\" data-end=\"1259\"><strong data-start=\"1222\" data-end=\"1259\">Einmal gekauft \u2013 f\u00fcr immer deins!<\/strong><\/p>","protected":false},"excerpt":{"rendered":"<p>\ud83d\udcda E-Book Krimi \u2013 Douglas Wynne \u2013 Der Teufel von Echo Lake Ein abgelegener Ort, ein dunkes Geheimnis \u2013 und das B\u00f6se, das im Wald lauert. Am entlegenen Echo Lake herrscht eine unheimliche Stille, die mehr verbirgt, als sie preisgibt. Als ein junger Musikproduzent spurlos verschwindet, st\u00f6\u00dft ein Ermittler-Team auf Hinweise, die sie tief in [&hellip;]<\/p>\n","protected":false},"featured_media":1843,"comment_status":"open","ping_status":"closed","template":"","meta":[],"product_brand":[],"product_cat":[39],"product_tag":[],"class_list":{"0":"post-1842","1":"product","2":"type-product","3":"status-publish","4":"has-post-thumbnail","6":"product_cat-e-book-krimi","8":"first","9":"instock","10":"sale","11":"virtual","12":"purchasable","13":"product-type-simple"},"jetpack_sharing_enabled":true,"_links":{"self":[{"href":"https:\/\/audiobook-24.com\/en\/wp-json\/wp\/v2\/product\/1842","targetHints":{"allow":["GET"]}}],"collection":[{"href":"https:\/\/audiobook-24.com\/en\/wp-json\/wp\/v2\/product"}],"about":[{"href":"https:\/\/audiobook-24.com\/en\/wp-json\/wp\/v2\/types\/product"}],"replies":[{"embeddable":true,"href":"https:\/\/audiobook-24.com\/en\/wp-json\/wp\/v2\/comments?post=1842"}],"wp:featuredmedia":[{"embeddable":true,"href":"https:\/\/audiobook-24.com\/en\/wp-json\/wp\/v2\/media\/1843"}],"wp:attachment":[{"href":"https:\/\/audiobook-24.com\/en\/wp-json\/wp\/v2\/media?parent=1842"}],"wp:term":[{"taxonomy":"product_brand","embeddable":true,"href":"https:\/\/audiobook-24.com\/en\/wp-json\/wp\/v2\/product_brand?post=1842"},{"taxonomy":"product_cat","embeddable":true,"href":"https:\/\/audiobook-24.com\/en\/wp-json\/wp\/v2\/product_cat?post=1842"},{"taxonomy":"product_tag","embeddable":true,"href":"https:\/\/audiobook-24.com\/en\/wp-json\/wp\/v2\/product_tag?post=1842"}],"curies":[{"name":"wp","href":"https:\/\/api.w.org\/{rel}","templated":true}]}}