{"id":1834,"date":"2025-11-30T05:30:02","date_gmt":"2025-11-30T05:30:02","guid":{"rendered":"https:\/\/audiobook-24.com\/?post_type=product&#038;p=1834"},"modified":"2025-11-30T05:30:02","modified_gmt":"2025-11-30T05:30:02","slug":"%f0%9f%8e%a7-erotik-hoerbuch-vicky-carlton-dirty-quickies-tochter-des-chefs","status":"publish","type":"product","link":"https:\/\/audiobook-24.com\/en\/product\/%f0%9f%8e%a7-erotik-hoerbuch-vicky-carlton-dirty-quickies-tochter-des-chefs\/","title":{"rendered":"\ud83c\udfa7 Erotik H\u00f6rbuch \u2013 Vicky Carlton \u2013 Dirty Quickies \u2013 Tochter des Chefs"},"content":{"rendered":"<h1 data-start=\"216\" data-end=\"294\">\ud83c\udfa7 <strong data-start=\"221\" data-end=\"292\">Erotik H\u00f6rbuch \u2013 Vicky Carlton \u2013 Dirty Quickies \u2013 Tochter des Chefs<\/strong><\/h1>\n<h3 data-start=\"295\" data-end=\"390\">Verbotene Blicke, starke Anziehung \u2013 eine erwachsene Fantasie voller Spannung und Knistern.<\/h3>\n<p data-start=\"392\" data-end=\"652\">In <strong data-start=\"395\" data-end=\"435\">\u201eDirty Quickies \u2013 Tochter des Chefs\u201c<\/strong> erz\u00e4hlt Vicky Carlton eine prickelnde Kurzgeschichte \u00fcber eine <strong data-start=\"499\" data-end=\"534\">erwachsene, selbstbewusste Frau<\/strong>, die als Tochter eines Firmenchefs l\u00e4ngst ihren eigenen Kopf hat \u2013 und die genau wei\u00df, wie sie ihre Reize einsetzt.<\/p>\n<p data-start=\"654\" data-end=\"996\">Ein Mitarbeiter ger\u00e4t zwischen professionelle Distanz und unwiderstehliche Versuchung, als die charismatische Frau ihm deutlich zeigt, dass sie mehr will als nur ein fl\u00fcchtiges Gespr\u00e4ch. Die Atmosph\u00e4re ist geladen, das Spiel aus Macht, Neugier und gegenseitiger Anziehung baut sich schnell auf und entfaltet eine humorvolle, freche Dynamik.<\/p>\n<p data-start=\"998\" data-end=\"1141\">Gelesen mit lebendigem Ausdruck wird die Geschichte zu einem kurzen, intensiven H\u00f6rerlebnis, das Spa\u00df, Fantasie und stilvolle Erotik verbindet.<\/p>\n<p data-start=\"1143\" data-end=\"1244\"><strong data-start=\"1143\" data-end=\"1244\">F\u00fcr alle, die erwachsene B\u00fcro-Fantasien, freche Dynamiken und kurze, prickelnde H\u00f6rmomente m\u00f6gen.<\/strong><\/p>\n<hr data-start=\"1246\" data-end=\"1249\" \/>\n<h3 data-start=\"1251\" data-end=\"1285\">\ud83d\udd0a <strong data-start=\"1258\" data-end=\"1283\">Format: H\u00f6rbuch (MP3)<\/strong><\/h3>\n<p data-start=\"1287\" data-end=\"1435\">\u2b07\ufe0f Sofortiger Download f\u00fcr Handy<br data-start=\"1319\" data-end=\"1322\" \/>\u2b07\ufe0f Sofortiger Download f\u00fcr PC<br data-start=\"1351\" data-end=\"1354\" \/>\u2b07\ufe0f Sofortiger Download f\u00fcr Tablet<br data-start=\"1387\" data-end=\"1390\" \/>\u2b07\ufe0f Kompatibel mit allen MP3-f\u00e4higen Ger\u00e4ten<\/p>\n<p data-start=\"1437\" data-end=\"1474\"><strong data-start=\"1437\" data-end=\"1474\">Einmal gekauft \u2013 f\u00fcr immer deins!<\/strong><\/p>","protected":false},"excerpt":{"rendered":"<p>\ud83c\udfa7 Erotik H\u00f6rbuch \u2013 Vicky Carlton \u2013 Dirty Quickies \u2013 Tochter des Chefs Verbotene Blicke, starke Anziehung \u2013 eine erwachsene Fantasie voller Spannung und Knistern. In \u201eDirty Quickies \u2013 Tochter des Chefs\u201c erz\u00e4hlt Vicky Carlton eine prickelnde Kurzgeschichte \u00fcber eine erwachsene, selbstbewusste Frau, die als Tochter eines Firmenchefs l\u00e4ngst ihren eigenen Kopf hat \u2013 und [&hellip;]<\/p>\n","protected":false},"featured_media":1835,"comment_status":"open","ping_status":"closed","template":"","meta":[],"product_brand":[],"product_cat":[30],"product_tag":[],"class_list":{"0":"post-1834","1":"product","2":"type-product","3":"status-publish","4":"has-post-thumbnail","6":"product_cat-erotik-hoerbuecher","8":"first","9":"instock","10":"sale","11":"virtual","12":"purchasable","13":"product-type-simple"},"jetpack_sharing_enabled":true,"_links":{"self":[{"href":"https:\/\/audiobook-24.com\/en\/wp-json\/wp\/v2\/product\/1834","targetHints":{"allow":["GET"]}}],"collection":[{"href":"https:\/\/audiobook-24.com\/en\/wp-json\/wp\/v2\/product"}],"about":[{"href":"https:\/\/audiobook-24.com\/en\/wp-json\/wp\/v2\/types\/product"}],"replies":[{"embeddable":true,"href":"https:\/\/audiobook-24.com\/en\/wp-json\/wp\/v2\/comments?post=1834"}],"wp:featuredmedia":[{"embeddable":true,"href":"https:\/\/audiobook-24.com\/en\/wp-json\/wp\/v2\/media\/1835"}],"wp:attachment":[{"href":"https:\/\/audiobook-24.com\/en\/wp-json\/wp\/v2\/media?parent=1834"}],"wp:term":[{"taxonomy":"product_brand","embeddable":true,"href":"https:\/\/audiobook-24.com\/en\/wp-json\/wp\/v2\/product_brand?post=1834"},{"taxonomy":"product_cat","embeddable":true,"href":"https:\/\/audiobook-24.com\/en\/wp-json\/wp\/v2\/product_cat?post=1834"},{"taxonomy":"product_tag","embeddable":true,"href":"https:\/\/audiobook-24.com\/en\/wp-json\/wp\/v2\/product_tag?post=1834"}],"curies":[{"name":"wp","href":"https:\/\/api.w.org\/{rel}","templated":true}]}}