{"id":1831,"date":"2025-11-30T05:26:26","date_gmt":"2025-11-30T05:26:26","guid":{"rendered":"https:\/\/audiobook-24.com\/?post_type=product&#038;p=1831"},"modified":"2025-11-30T05:26:26","modified_gmt":"2025-11-30T05:26:26","slug":"%f0%9f%8e%a7-erotik-hoerbuch-vicky-carlton-dirty-quickies-toyboy-der-chefinnen","status":"publish","type":"product","link":"https:\/\/audiobook-24.com\/en\/product\/%f0%9f%8e%a7-erotik-hoerbuch-vicky-carlton-dirty-quickies-toyboy-der-chefinnen\/","title":{"rendered":"\ud83c\udfa7 Erotik H\u00f6rbuch \u2013 Vicky Carlton \u2013 Dirty Quickies \u2013 Toyboy der Chefinnen"},"content":{"rendered":"<h1 data-start=\"136\" data-end=\"217\">\ud83c\udfa7 <strong data-start=\"141\" data-end=\"215\">Erotik H\u00f6rbuch \u2013 Vicky Carlton \u2013 Dirty Quickies \u2013 Toyboy der Chefinnen<\/strong><\/h1>\n<h3 data-start=\"218\" data-end=\"340\">Macht, Anziehung und ein verf\u00fchrerisches Spiel \u2013 zwei dominante Frauen und ein Mann, der ihnen nicht widerstehen kann.<\/h3>\n<p data-start=\"342\" data-end=\"633\">In <strong data-start=\"345\" data-end=\"388\">\u201eDirty Quickies \u2013 Toyboy der Chefinnen\u201c<\/strong> erz\u00e4hlt Vicky Carlton eine freche, moderne Fantasie \u00fcber <strong data-start=\"446\" data-end=\"490\">zwei selbstbewusste, erfolgreiche Frauen<\/strong>, die genau wissen, was sie wollen \u2013 und \u00fcber einen jungen, erwachsenen Mann, der sich nur allzu gern auf ihr verf\u00fchrerisches Spiel einl\u00e4sst.<\/p>\n<p data-start=\"635\" data-end=\"940\">Die Dynamik zwischen den drei Figuren ist gepr\u00e4gt von Humor, gegenseitiger Anziehung und einer elektrisierenden Spannung, die sich mit jedem Moment steigert. Carlton setzt auf schnelle Szenen, charmante Wortgefechte und erotisches Knistern, das nie ins Derbe abrutscht, aber Fantasie und Neugier anregt.<\/p>\n<p data-start=\"942\" data-end=\"1084\">Gelesen mit lebendiger Stimme entsteht ein kurzes, intensives H\u00f6rvergn\u00fcgen, das Macht, Lust und spielerische Rollenwechsel stilvoll verbindet.<\/p>\n<p data-start=\"1086\" data-end=\"1193\"><strong data-start=\"1086\" data-end=\"1193\">F\u00fcr alle, die prickelnde Dreiecksdynamiken, erwachsene Rollenfantasien und freche Kurz-Erotik sch\u00e4tzen.<\/strong><\/p>\n<hr data-start=\"1195\" data-end=\"1198\" \/>\n<h3 data-start=\"1200\" data-end=\"1234\">\ud83d\udd0a <strong data-start=\"1207\" data-end=\"1232\">Format: H\u00f6rbuch (MP3)<\/strong><\/h3>\n<p data-start=\"1236\" data-end=\"1384\">\u2b07\ufe0f Sofortiger Download f\u00fcr Handy<br data-start=\"1268\" data-end=\"1271\" \/>\u2b07\ufe0f Sofortiger Download f\u00fcr PC<br data-start=\"1300\" data-end=\"1303\" \/>\u2b07\ufe0f Sofortiger Download f\u00fcr Tablet<br data-start=\"1336\" data-end=\"1339\" \/>\u2b07\ufe0f Kompatibel mit allen MP3-f\u00e4higen Ger\u00e4ten<\/p>\n<p data-start=\"1386\" data-end=\"1423\"><strong data-start=\"1386\" data-end=\"1423\">Einmal gekauft \u2013 f\u00fcr immer deins!<\/strong><\/p>","protected":false},"excerpt":{"rendered":"<p>\ud83c\udfa7 Erotik H\u00f6rbuch \u2013 Vicky Carlton \u2013 Dirty Quickies \u2013 Toyboy der Chefinnen Macht, Anziehung und ein verf\u00fchrerisches Spiel \u2013 zwei dominante Frauen und ein Mann, der ihnen nicht widerstehen kann. In \u201eDirty Quickies \u2013 Toyboy der Chefinnen\u201c erz\u00e4hlt Vicky Carlton eine freche, moderne Fantasie \u00fcber zwei selbstbewusste, erfolgreiche Frauen, die genau wissen, was sie [&hellip;]<\/p>\n","protected":false},"featured_media":1832,"comment_status":"open","ping_status":"closed","template":"","meta":[],"product_brand":[],"product_cat":[30],"product_tag":[],"class_list":{"0":"post-1831","1":"product","2":"type-product","3":"status-publish","4":"has-post-thumbnail","6":"product_cat-erotik-hoerbuecher","8":"first","9":"instock","10":"sale","11":"virtual","12":"purchasable","13":"product-type-simple"},"jetpack_sharing_enabled":true,"_links":{"self":[{"href":"https:\/\/audiobook-24.com\/en\/wp-json\/wp\/v2\/product\/1831","targetHints":{"allow":["GET"]}}],"collection":[{"href":"https:\/\/audiobook-24.com\/en\/wp-json\/wp\/v2\/product"}],"about":[{"href":"https:\/\/audiobook-24.com\/en\/wp-json\/wp\/v2\/types\/product"}],"replies":[{"embeddable":true,"href":"https:\/\/audiobook-24.com\/en\/wp-json\/wp\/v2\/comments?post=1831"}],"wp:featuredmedia":[{"embeddable":true,"href":"https:\/\/audiobook-24.com\/en\/wp-json\/wp\/v2\/media\/1832"}],"wp:attachment":[{"href":"https:\/\/audiobook-24.com\/en\/wp-json\/wp\/v2\/media?parent=1831"}],"wp:term":[{"taxonomy":"product_brand","embeddable":true,"href":"https:\/\/audiobook-24.com\/en\/wp-json\/wp\/v2\/product_brand?post=1831"},{"taxonomy":"product_cat","embeddable":true,"href":"https:\/\/audiobook-24.com\/en\/wp-json\/wp\/v2\/product_cat?post=1831"},{"taxonomy":"product_tag","embeddable":true,"href":"https:\/\/audiobook-24.com\/en\/wp-json\/wp\/v2\/product_tag?post=1831"}],"curies":[{"name":"wp","href":"https:\/\/api.w.org\/{rel}","templated":true}]}}