{"id":1829,"date":"2025-11-30T05:24:31","date_gmt":"2025-11-30T05:24:31","guid":{"rendered":"https:\/\/audiobook-24.com\/?post_type=product&#038;p=1829"},"modified":"2025-11-30T05:24:32","modified_gmt":"2025-11-30T05:24:32","slug":"%f0%9f%8e%a7-erotik-hoerbuch-vicky-carlton-dirty-quickies-zwei-kleine-luder","status":"publish","type":"product","link":"https:\/\/audiobook-24.com\/en\/product\/%f0%9f%8e%a7-erotik-hoerbuch-vicky-carlton-dirty-quickies-zwei-kleine-luder\/","title":{"rendered":"\ud83c\udfa7 Erotik H\u00f6rbuch \u2013 Vicky Carlton \u2013 Dirty Quickies \u2013 Zwei kleine Luder"},"content":{"rendered":"<h1 data-start=\"284\" data-end=\"362\">\ud83c\udfa7 <strong data-start=\"289\" data-end=\"360\">Erotik H\u00f6rbuch \u2013 Vicky Carlton \u2013 Dirty Quickies \u2013 Zwei kleine Luder<\/strong><\/h1>\n<h3 data-start=\"363\" data-end=\"456\">Freche Fantasien, erwachsene Spielereien \u2013 zwei Frauen, die genau wissen, was sie wollen.<\/h3>\n<p data-start=\"458\" data-end=\"708\">In <strong data-start=\"461\" data-end=\"501\">\u201eDirty Quickies \u2013 Zwei kleine Luder\u201c<\/strong> erz\u00e4hlt Vicky Carlton eine kurze, freche und sinnliche Geschichte \u00fcber zwei <strong data-start=\"578\" data-end=\"614\">selbstbewusste erwachsene Frauen<\/strong>, die Spa\u00df daran haben, ihre W\u00fcnsche hemmungslos, aber mit Humor und Spielfreude auszuleben.<\/p>\n<p data-start=\"710\" data-end=\"944\">Die Begegnungen sind leicht, verspielt und voller prickelnder Spannung. Carlton setzt dabei auf schnelle Szenenwechsel, viel Charakter, \u00fcberraschende Momente und eine Atmosph\u00e4re, die gleichzeitig frech, charmant und anziehend wirkt.<\/p>\n<p data-start=\"946\" data-end=\"1110\">Professionell gesprochen wird die Geschichte zu einem lebendigen, erotischen H\u00f6rvergn\u00fcgen, das Fantasie und Spa\u00df verbindet, ohne den stilvollen Rahmen zu verlassen.<\/p>\n<p data-start=\"1112\" data-end=\"1210\"><strong data-start=\"1112\" data-end=\"1210\">F\u00fcr alle, die kurze, freche Erotik mit erwachsenen Figuren und verspielter Sinnlichkeit m\u00f6gen.<\/strong><\/p>\n<hr data-start=\"1212\" data-end=\"1215\" \/>\n<h3 data-start=\"1217\" data-end=\"1251\">\ud83d\udd0a <strong data-start=\"1224\" data-end=\"1249\">Format: H\u00f6rbuch (MP3)<\/strong><\/h3>\n<p data-start=\"1253\" data-end=\"1401\">\u2b07\ufe0f Sofortiger Download f\u00fcr Handy<br data-start=\"1285\" data-end=\"1288\" \/>\u2b07\ufe0f Sofortiger Download f\u00fcr PC<br data-start=\"1317\" data-end=\"1320\" \/>\u2b07\ufe0f Sofortiger Download f\u00fcr Tablet<br data-start=\"1353\" data-end=\"1356\" \/>\u2b07\ufe0f Kompatibel mit allen MP3-f\u00e4higen Ger\u00e4ten<\/p>\n<p data-start=\"1403\" data-end=\"1440\"><strong data-start=\"1403\" data-end=\"1440\">Einmal gekauft \u2013 f\u00fcr immer deins!<\/strong><\/p>","protected":false},"excerpt":{"rendered":"<p>\ud83c\udfa7 Erotik H\u00f6rbuch \u2013 Vicky Carlton \u2013 Dirty Quickies \u2013 Zwei kleine Luder Freche Fantasien, erwachsene Spielereien \u2013 zwei Frauen, die genau wissen, was sie wollen. In \u201eDirty Quickies \u2013 Zwei kleine Luder\u201c erz\u00e4hlt Vicky Carlton eine kurze, freche und sinnliche Geschichte \u00fcber zwei selbstbewusste erwachsene Frauen, die Spa\u00df daran haben, ihre W\u00fcnsche hemmungslos, aber [&hellip;]<\/p>\n","protected":false},"featured_media":1830,"comment_status":"open","ping_status":"closed","template":"","meta":[],"product_brand":[],"product_cat":[30],"product_tag":[],"class_list":{"0":"post-1829","1":"product","2":"type-product","3":"status-publish","4":"has-post-thumbnail","6":"product_cat-erotik-hoerbuecher","8":"first","9":"instock","10":"sale","11":"virtual","12":"purchasable","13":"product-type-simple"},"jetpack_sharing_enabled":true,"_links":{"self":[{"href":"https:\/\/audiobook-24.com\/en\/wp-json\/wp\/v2\/product\/1829","targetHints":{"allow":["GET"]}}],"collection":[{"href":"https:\/\/audiobook-24.com\/en\/wp-json\/wp\/v2\/product"}],"about":[{"href":"https:\/\/audiobook-24.com\/en\/wp-json\/wp\/v2\/types\/product"}],"replies":[{"embeddable":true,"href":"https:\/\/audiobook-24.com\/en\/wp-json\/wp\/v2\/comments?post=1829"}],"wp:featuredmedia":[{"embeddable":true,"href":"https:\/\/audiobook-24.com\/en\/wp-json\/wp\/v2\/media\/1830"}],"wp:attachment":[{"href":"https:\/\/audiobook-24.com\/en\/wp-json\/wp\/v2\/media?parent=1829"}],"wp:term":[{"taxonomy":"product_brand","embeddable":true,"href":"https:\/\/audiobook-24.com\/en\/wp-json\/wp\/v2\/product_brand?post=1829"},{"taxonomy":"product_cat","embeddable":true,"href":"https:\/\/audiobook-24.com\/en\/wp-json\/wp\/v2\/product_cat?post=1829"},{"taxonomy":"product_tag","embeddable":true,"href":"https:\/\/audiobook-24.com\/en\/wp-json\/wp\/v2\/product_tag?post=1829"}],"curies":[{"name":"wp","href":"https:\/\/api.w.org\/{rel}","templated":true}]}}