{"id":1827,"date":"2025-11-30T05:21:54","date_gmt":"2025-11-30T05:21:54","guid":{"rendered":"https:\/\/audiobook-24.com\/?post_type=product&#038;p=1827"},"modified":"2025-11-30T05:21:54","modified_gmt":"2025-11-30T05:21:54","slug":"%f0%9f%8e%a7-erotik-hoerbuch-vicky-carlton-erotik-box-06-suendige-dreier-ungekuerzt","status":"publish","type":"product","link":"https:\/\/audiobook-24.com\/en\/product\/%f0%9f%8e%a7-erotik-hoerbuch-vicky-carlton-erotik-box-06-suendige-dreier-ungekuerzt\/","title":{"rendered":"\ud83c\udfa7 Erotik H\u00f6rbuch \u2013 Vicky Carlton \u2013 Erotik-Box 06 \u2013 S\u00fcndige Dreier (ungek\u00fcrzt)"},"content":{"rendered":"<h1 data-start=\"126\" data-end=\"212\">\ud83c\udfa7 <strong data-start=\"131\" data-end=\"210\">Erotik H\u00f6rbuch \u2013 Vicky Carlton \u2013 Erotik-Box 06 \u2013 S\u00fcndige Dreier (ungek\u00fcrzt)<\/strong><\/h1>\n<h3 data-start=\"213\" data-end=\"306\">Drei Herzen, drei K\u00f6rper, eine Fantasie \u2013 sinnliche Geschichten voller Spannung und N\u00e4he.<\/h3>\n<p data-start=\"308\" data-end=\"618\">In <strong data-start=\"311\" data-end=\"347\">\u201eErotik-Box 06 \u2013 S\u00fcndige Dreier\u201c<\/strong> pr\u00e4sentiert Vicky Carlton eine Sammlung prickelnder Erz\u00e4hlungen, in denen Lust, Mut und Neugier im Mittelpunkt stehen. Jede Geschichte er\u00f6ffnet eine neue erotische Konstellation, in der Vertrauen, Harmonie und gemeinsames Verlangen zu intensiven Momenten verschmelzen.<\/p>\n<p data-start=\"620\" data-end=\"940\">Die Charaktere begegnen sich offen, respektvoll und voller Anziehung \u2013 mal \u00fcberraschend, mal geplant, aber immer mit einer emotionalen Tiefe, die Carltons Stil pr\u00e4gt. Professionell gesprochen entfalten die ungek\u00fcrzten Geschichten eine Atmosph\u00e4re, die sinnlich, lebendig und fantasievoll ist, ohne ins Derbe abzurutschen.<\/p>\n<p data-start=\"942\" data-end=\"1062\"><strong data-start=\"942\" data-end=\"1062\">Ein H\u00f6rbuch f\u00fcr alle, die erotische Dreier-Fantasien, erwachsene Dynamiken und stilvoll erz\u00e4hlte Leidenschaft m\u00f6gen.<\/strong><\/p>\n<hr data-start=\"1064\" data-end=\"1067\" \/>\n<h3 data-start=\"1069\" data-end=\"1103\">\ud83d\udd0a <strong data-start=\"1076\" data-end=\"1101\">Format: H\u00f6rbuch (MP3)<\/strong><\/h3>\n<p data-start=\"1105\" data-end=\"1253\">\u2b07\ufe0f Sofortiger Download f\u00fcr Handy<br data-start=\"1137\" data-end=\"1140\" \/>\u2b07\ufe0f Sofortiger Download f\u00fcr PC<br data-start=\"1169\" data-end=\"1172\" \/>\u2b07\ufe0f Sofortiger Download f\u00fcr Tablet<br data-start=\"1205\" data-end=\"1208\" \/>\u2b07\ufe0f Kompatibel mit allen MP3-f\u00e4higen Ger\u00e4ten<\/p>\n<p data-start=\"1255\" data-end=\"1292\"><strong data-start=\"1255\" data-end=\"1292\">Einmal gekauft \u2013 f\u00fcr immer deins!<\/strong><\/p>","protected":false},"excerpt":{"rendered":"<p>\ud83c\udfa7 Erotik H\u00f6rbuch \u2013 Vicky Carlton \u2013 Erotik-Box 06 \u2013 S\u00fcndige Dreier (ungek\u00fcrzt) Drei Herzen, drei K\u00f6rper, eine Fantasie \u2013 sinnliche Geschichten voller Spannung und N\u00e4he. In \u201eErotik-Box 06 \u2013 S\u00fcndige Dreier\u201c pr\u00e4sentiert Vicky Carlton eine Sammlung prickelnder Erz\u00e4hlungen, in denen Lust, Mut und Neugier im Mittelpunkt stehen. Jede Geschichte er\u00f6ffnet eine neue erotische Konstellation, [&hellip;]<\/p>\n","protected":false},"featured_media":1828,"comment_status":"open","ping_status":"closed","template":"","meta":[],"product_brand":[],"product_cat":[30],"product_tag":[],"class_list":{"0":"post-1827","1":"product","2":"type-product","3":"status-publish","4":"has-post-thumbnail","6":"product_cat-erotik-hoerbuecher","8":"first","9":"instock","10":"sale","11":"virtual","12":"purchasable","13":"product-type-simple"},"jetpack_sharing_enabled":true,"_links":{"self":[{"href":"https:\/\/audiobook-24.com\/en\/wp-json\/wp\/v2\/product\/1827","targetHints":{"allow":["GET"]}}],"collection":[{"href":"https:\/\/audiobook-24.com\/en\/wp-json\/wp\/v2\/product"}],"about":[{"href":"https:\/\/audiobook-24.com\/en\/wp-json\/wp\/v2\/types\/product"}],"replies":[{"embeddable":true,"href":"https:\/\/audiobook-24.com\/en\/wp-json\/wp\/v2\/comments?post=1827"}],"wp:featuredmedia":[{"embeddable":true,"href":"https:\/\/audiobook-24.com\/en\/wp-json\/wp\/v2\/media\/1828"}],"wp:attachment":[{"href":"https:\/\/audiobook-24.com\/en\/wp-json\/wp\/v2\/media?parent=1827"}],"wp:term":[{"taxonomy":"product_brand","embeddable":true,"href":"https:\/\/audiobook-24.com\/en\/wp-json\/wp\/v2\/product_brand?post=1827"},{"taxonomy":"product_cat","embeddable":true,"href":"https:\/\/audiobook-24.com\/en\/wp-json\/wp\/v2\/product_cat?post=1827"},{"taxonomy":"product_tag","embeddable":true,"href":"https:\/\/audiobook-24.com\/en\/wp-json\/wp\/v2\/product_tag?post=1827"}],"curies":[{"name":"wp","href":"https:\/\/api.w.org\/{rel}","templated":true}]}}