{"id":1825,"date":"2025-11-30T04:34:07","date_gmt":"2025-11-30T04:34:07","guid":{"rendered":"https:\/\/audiobook-24.com\/?post_type=product&#038;p=1825"},"modified":"2025-11-30T04:34:07","modified_gmt":"2025-11-30T04:34:07","slug":"%f0%9f%8e%a7-erotik-hoerbuch-sarah-skov-generation-autosex","status":"publish","type":"product","link":"https:\/\/audiobook-24.com\/en\/product\/%f0%9f%8e%a7-erotik-hoerbuch-sarah-skov-generation-autosex\/","title":{"rendered":"\ud83c\udfa7 Erotik H\u00f6rbuch \u2013 Sarah Skov \u2013 Generation Autosex"},"content":{"rendered":"<h1 data-start=\"166\" data-end=\"225\">\ud83c\udfa7 <strong data-start=\"171\" data-end=\"223\">Erotik H\u00f6rbuch \u2013 Sarah Skov \u2013 Generation Autosex<\/strong><\/h1>\n<h3 data-start=\"226\" data-end=\"336\">Selbstbestimmung, Lust und mutige Ehrlichkeit \u2013 eine moderne Erotikgeschichte \u00fcber Freiheit und Identit\u00e4t.<\/h3>\n<p data-start=\"338\" data-end=\"677\">In <strong data-start=\"341\" data-end=\"365\">\u201eGeneration Autosex\u201c<\/strong> widmet sich Sarah Skov einem Thema, das aktueller kaum sein k\u00f6nnte: dem selbstbewussten Umgang mit eigenen W\u00fcnschen, Fantasien und Grenzen. Im Mittelpunkt steht eine Frau, die gelernt hat, sich nicht l\u00e4nger an Erwartungen anderer anzupassen \u2013 sondern ihre Lust selbst zu definieren, zu gestalten und zu leben.<\/p>\n<p data-start=\"679\" data-end=\"984\">Die Geschichte verbindet pers\u00f6nlichen Mut, Humor und prickelnde Selbsterkenntnis. Dabei entsteht eine erotische Erz\u00e4hlung, die gleichzeitig emanzipiert, sinnlich und tief menschlich wirkt. Skovs Stil bleibt dabei stets modern, reflektiert und respektvoll \u2013 ideal f\u00fcr alle, die Erotik mit Haltung sch\u00e4tzen.<\/p>\n<p data-start=\"986\" data-end=\"1105\">Professionell gesprochen, entfaltet das H\u00f6rbuch eine anziehende Mischung aus Intimit\u00e4t, Spannung und emotionaler Tiefe.<\/p>\n<p data-start=\"1107\" data-end=\"1208\"><strong data-start=\"1107\" data-end=\"1208\">F\u00fcr alle, die kluge Erotik, selbstbestimmte Protagonistinnen und zeitgem\u00e4\u00dfes Storytelling lieben.<\/strong><\/p>\n<hr data-start=\"1210\" data-end=\"1213\" \/>\n<h3 data-start=\"1215\" data-end=\"1249\">\ud83d\udd0a <strong data-start=\"1222\" data-end=\"1247\">Format: H\u00f6rbuch (MP3)<\/strong><\/h3>\n<p data-start=\"1251\" data-end=\"1399\">\u2b07\ufe0f Sofortiger Download f\u00fcr Handy<br data-start=\"1283\" data-end=\"1286\" \/>\u2b07\ufe0f Sofortiger Download f\u00fcr PC<br data-start=\"1315\" data-end=\"1318\" \/>\u2b07\ufe0f Sofortiger Download f\u00fcr Tablet<br data-start=\"1351\" data-end=\"1354\" \/>\u2b07\ufe0f Kompatibel mit allen MP3-f\u00e4higen Ger\u00e4ten<\/p>\n<p data-start=\"1401\" data-end=\"1438\"><strong data-start=\"1401\" data-end=\"1438\">Einmal gekauft \u2013 f\u00fcr immer deins!<\/strong><\/p>","protected":false},"excerpt":{"rendered":"<p>\ud83c\udfa7 Erotik H\u00f6rbuch \u2013 Sarah Skov \u2013 Generation Autosex Selbstbestimmung, Lust und mutige Ehrlichkeit \u2013 eine moderne Erotikgeschichte \u00fcber Freiheit und Identit\u00e4t. In \u201eGeneration Autosex\u201c widmet sich Sarah Skov einem Thema, das aktueller kaum sein k\u00f6nnte: dem selbstbewussten Umgang mit eigenen W\u00fcnschen, Fantasien und Grenzen. Im Mittelpunkt steht eine Frau, die gelernt hat, sich nicht [&hellip;]<\/p>\n","protected":false},"featured_media":1826,"comment_status":"open","ping_status":"closed","template":"","meta":[],"product_brand":[],"product_cat":[30],"product_tag":[],"class_list":{"0":"post-1825","1":"product","2":"type-product","3":"status-publish","4":"has-post-thumbnail","6":"product_cat-erotik-hoerbuecher","8":"first","9":"instock","10":"sale","11":"virtual","12":"purchasable","13":"product-type-simple"},"jetpack_sharing_enabled":true,"_links":{"self":[{"href":"https:\/\/audiobook-24.com\/en\/wp-json\/wp\/v2\/product\/1825","targetHints":{"allow":["GET"]}}],"collection":[{"href":"https:\/\/audiobook-24.com\/en\/wp-json\/wp\/v2\/product"}],"about":[{"href":"https:\/\/audiobook-24.com\/en\/wp-json\/wp\/v2\/types\/product"}],"replies":[{"embeddable":true,"href":"https:\/\/audiobook-24.com\/en\/wp-json\/wp\/v2\/comments?post=1825"}],"wp:featuredmedia":[{"embeddable":true,"href":"https:\/\/audiobook-24.com\/en\/wp-json\/wp\/v2\/media\/1826"}],"wp:attachment":[{"href":"https:\/\/audiobook-24.com\/en\/wp-json\/wp\/v2\/media?parent=1825"}],"wp:term":[{"taxonomy":"product_brand","embeddable":true,"href":"https:\/\/audiobook-24.com\/en\/wp-json\/wp\/v2\/product_brand?post=1825"},{"taxonomy":"product_cat","embeddable":true,"href":"https:\/\/audiobook-24.com\/en\/wp-json\/wp\/v2\/product_cat?post=1825"},{"taxonomy":"product_tag","embeddable":true,"href":"https:\/\/audiobook-24.com\/en\/wp-json\/wp\/v2\/product_tag?post=1825"}],"curies":[{"name":"wp","href":"https:\/\/api.w.org\/{rel}","templated":true}]}}