{"id":1823,"date":"2025-11-30T04:31:54","date_gmt":"2025-11-30T04:31:54","guid":{"rendered":"https:\/\/audiobook-24.com\/?post_type=product&#038;p=1823"},"modified":"2025-11-30T04:31:54","modified_gmt":"2025-11-30T04:31:54","slug":"%f0%9f%8e%a7-erotik-hoerbuch-sarah-skov-der-feminist-erika-lust-erotik","status":"publish","type":"product","link":"https:\/\/audiobook-24.com\/en\/product\/%f0%9f%8e%a7-erotik-hoerbuch-sarah-skov-der-feminist-erika-lust-erotik\/","title":{"rendered":"\ud83c\udfa7 Erotik H\u00f6rbuch \u2013 Sarah Skov \u2013 Der Feminist \u2013 Erika-Lust-Erotik"},"content":{"rendered":"<h1 data-start=\"184\" data-end=\"257\">\ud83c\udfa7 <strong data-start=\"189\" data-end=\"255\">Erotik H\u00f6rbuch \u2013 Sarah Skov \u2013 Der Feminist \u2013 Erika-Lust-Erotik<\/strong><\/h1>\n<h3 data-start=\"258\" data-end=\"352\">Selbstbewusste Lust, moderne Rollenbilder \u2013 eine Geschichte voller Intensit\u00e4t und Balance.<\/h3>\n<p data-start=\"354\" data-end=\"722\">In <strong data-start=\"357\" data-end=\"375\">\u201eDer Feminist\u201c<\/strong> erz\u00e4hlt Sarah Skov eine erotische Fantasie, die Sinnlichkeit mit zeitgem\u00e4\u00dfen Themen verbindet: Respekt, Verlangen und das Spiel mit Gleichberechtigung. Im Zentrum steht ein Mann, der nicht nur begehrt, sondern auch versteht \u2013 und eine Frau, die wei\u00df, was sie will, und sich von seiner Haltung ebenso angezogen f\u00fchlt wie von seiner Leidenschaft.<\/p>\n<p data-start=\"724\" data-end=\"989\">Die Begegnung der beiden entwickelt sich zu einem Spiel aus Vertrauen, gegenseitiger Neugier und kraftvoller, aber fairer Erotik \u2013 ganz im Stil der <strong data-start=\"872\" data-end=\"898\">Erika-Lust-Philosophie<\/strong>, die auf selbstbestimmte Frauen, emotionale Spannung und hochwertig erz\u00e4hlte Lust setzt.<\/p>\n<p data-start=\"991\" data-end=\"1123\">Professionell gesprochen entfaltet das H\u00f6rbuch eine moderne, prickelnde Atmosph\u00e4re, die Fantasie und Gef\u00fchl gleicherma\u00dfen anspricht.<\/p>\n<p data-start=\"1125\" data-end=\"1244\"><strong data-start=\"1125\" data-end=\"1244\">F\u00fcr alle, die \u00e4sthetische Erotik, starke weibliche Figuren und respektvolle, gleichberechtigte Leidenschaft lieben.<\/strong><\/p>\n<hr data-start=\"1246\" data-end=\"1249\" \/>\n<h3 data-start=\"1251\" data-end=\"1285\">\ud83d\udd0a <strong data-start=\"1258\" data-end=\"1283\">Format: H\u00f6rbuch (MP3)<\/strong><\/h3>\n<p data-start=\"1287\" data-end=\"1435\">\u2b07\ufe0f Sofortiger Download f\u00fcr Handy<br data-start=\"1319\" data-end=\"1322\" \/>\u2b07\ufe0f Sofortiger Download f\u00fcr PC<br data-start=\"1351\" data-end=\"1354\" \/>\u2b07\ufe0f Sofortiger Download f\u00fcr Tablet<br data-start=\"1387\" data-end=\"1390\" \/>\u2b07\ufe0f Kompatibel mit allen MP3-f\u00e4higen Ger\u00e4ten<\/p>\n<p data-start=\"1437\" data-end=\"1474\"><strong data-start=\"1437\" data-end=\"1474\">Einmal gekauft \u2013 f\u00fcr immer deins!<\/strong><\/p>","protected":false},"excerpt":{"rendered":"<p>\ud83c\udfa7 Erotik H\u00f6rbuch \u2013 Sarah Skov \u2013 Der Feminist \u2013 Erika-Lust-Erotik Selbstbewusste Lust, moderne Rollenbilder \u2013 eine Geschichte voller Intensit\u00e4t und Balance. In \u201eDer Feminist\u201c erz\u00e4hlt Sarah Skov eine erotische Fantasie, die Sinnlichkeit mit zeitgem\u00e4\u00dfen Themen verbindet: Respekt, Verlangen und das Spiel mit Gleichberechtigung. Im Zentrum steht ein Mann, der nicht nur begehrt, sondern auch [&hellip;]<\/p>\n","protected":false},"featured_media":1824,"comment_status":"open","ping_status":"closed","template":"","meta":[],"product_brand":[],"product_cat":[30],"product_tag":[],"class_list":{"0":"post-1823","1":"product","2":"type-product","3":"status-publish","4":"has-post-thumbnail","6":"product_cat-erotik-hoerbuecher","8":"first","9":"instock","10":"sale","11":"virtual","12":"purchasable","13":"product-type-simple"},"jetpack_sharing_enabled":true,"_links":{"self":[{"href":"https:\/\/audiobook-24.com\/en\/wp-json\/wp\/v2\/product\/1823","targetHints":{"allow":["GET"]}}],"collection":[{"href":"https:\/\/audiobook-24.com\/en\/wp-json\/wp\/v2\/product"}],"about":[{"href":"https:\/\/audiobook-24.com\/en\/wp-json\/wp\/v2\/types\/product"}],"replies":[{"embeddable":true,"href":"https:\/\/audiobook-24.com\/en\/wp-json\/wp\/v2\/comments?post=1823"}],"wp:featuredmedia":[{"embeddable":true,"href":"https:\/\/audiobook-24.com\/en\/wp-json\/wp\/v2\/media\/1824"}],"wp:attachment":[{"href":"https:\/\/audiobook-24.com\/en\/wp-json\/wp\/v2\/media?parent=1823"}],"wp:term":[{"taxonomy":"product_brand","embeddable":true,"href":"https:\/\/audiobook-24.com\/en\/wp-json\/wp\/v2\/product_brand?post=1823"},{"taxonomy":"product_cat","embeddable":true,"href":"https:\/\/audiobook-24.com\/en\/wp-json\/wp\/v2\/product_cat?post=1823"},{"taxonomy":"product_tag","embeddable":true,"href":"https:\/\/audiobook-24.com\/en\/wp-json\/wp\/v2\/product_tag?post=1823"}],"curies":[{"name":"wp","href":"https:\/\/api.w.org\/{rel}","templated":true}]}}