{"id":1821,"date":"2025-11-30T04:29:23","date_gmt":"2025-11-30T04:29:23","guid":{"rendered":"https:\/\/audiobook-24.com\/?post_type=product&#038;p=1821"},"modified":"2025-11-30T04:29:23","modified_gmt":"2025-11-30T04:29:23","slug":"%f0%9f%8e%a7-erotik-hoerbuch-roxana-obermaier-alles-ist-nass","status":"publish","type":"product","link":"https:\/\/audiobook-24.com\/en\/product\/%f0%9f%8e%a7-erotik-hoerbuch-roxana-obermaier-alles-ist-nass\/","title":{"rendered":"\ud83c\udfa7 Erotik H\u00f6rbuch \u2013 Roxana Obermaier \u2013 Alles ist nass"},"content":{"rendered":"<h1 data-start=\"121\" data-end=\"182\">\ud83c\udfa7 <strong data-start=\"126\" data-end=\"180\">Erotik H\u00f6rbuch \u2013 Roxana Obermaier \u2013 Alles ist nass<\/strong><\/h1>\n<h3 data-start=\"183\" data-end=\"259\">Sommerhitze, prickelnde N\u00e4he \u2013 eine Fantasie voller sinnlicher Spannung.<\/h3>\n<p data-start=\"261\" data-end=\"529\">In <strong data-start=\"264\" data-end=\"284\">\u201eAlles ist nass\u201c<\/strong> entfaltet Roxana Obermaier eine erotische Geschichte, die von Atmosph\u00e4re und intensiver Anziehung lebt. Was als scheinbar harmloser Moment beginnt, entwickelt sich schnell zu einem Spiel aus Blicken, Gesten und unerwarteter k\u00f6rperlicher N\u00e4he.<\/p>\n<p data-start=\"531\" data-end=\"857\">Die Protagonistin ger\u00e4t in eine Situation, in der Hitze, Wasser und Verlangen ineinandergreifen \u2013 und jede kleine Bewegung die Spannung noch weiter steigert. Roxana Obermaier erz\u00e4hlt mit einem Hauch Humor, viel Gef\u00fchl und einer sinnlichen Leichtigkeit, die das H\u00f6rbuch zu einem lebendigen und verf\u00fchrerischen Erlebnis macht.<\/p>\n<p data-start=\"859\" data-end=\"989\">Professionell gesprochen, entsteht ein Sound, der die Fantasie anregt, ohne zu \u00fcbertreiben \u2013 intensiv, atmosph\u00e4risch und stilvoll.<\/p>\n<p data-start=\"991\" data-end=\"1105\"><strong data-start=\"991\" data-end=\"1105\">Ein H\u00f6rbuch f\u00fcr alle, die sommerliche Erotik, spielerische Situationen und fantasievolle Erz\u00e4hlkunst sch\u00e4tzen.<\/strong><\/p>\n<hr data-start=\"1107\" data-end=\"1110\" \/>\n<h3 data-start=\"1112\" data-end=\"1146\">\ud83d\udd0a <strong data-start=\"1119\" data-end=\"1144\">Format: H\u00f6rbuch (MP3)<\/strong><\/h3>\n<p data-start=\"1148\" data-end=\"1296\">\u2b07\ufe0f Sofortiger Download f\u00fcr Handy<br data-start=\"1180\" data-end=\"1183\" \/>\u2b07\ufe0f Sofortiger Download f\u00fcr PC<br data-start=\"1212\" data-end=\"1215\" \/>\u2b07\ufe0f Sofortiger Download f\u00fcr Tablet<br data-start=\"1248\" data-end=\"1251\" \/>\u2b07\ufe0f Kompatibel mit allen MP3-f\u00e4higen Ger\u00e4ten<\/p>\n<p data-start=\"1298\" data-end=\"1335\"><strong data-start=\"1298\" data-end=\"1335\">Einmal gekauft \u2013 f\u00fcr immer deins!<\/strong><\/p>","protected":false},"excerpt":{"rendered":"<p>\ud83c\udfa7 Erotik H\u00f6rbuch \u2013 Roxana Obermaier \u2013 Alles ist nass Sommerhitze, prickelnde N\u00e4he \u2013 eine Fantasie voller sinnlicher Spannung. In \u201eAlles ist nass\u201c entfaltet Roxana Obermaier eine erotische Geschichte, die von Atmosph\u00e4re und intensiver Anziehung lebt. Was als scheinbar harmloser Moment beginnt, entwickelt sich schnell zu einem Spiel aus Blicken, Gesten und unerwarteter k\u00f6rperlicher N\u00e4he. [&hellip;]<\/p>\n","protected":false},"featured_media":1822,"comment_status":"open","ping_status":"closed","template":"","meta":[],"product_brand":[],"product_cat":[30],"product_tag":[],"class_list":{"0":"post-1821","1":"product","2":"type-product","3":"status-publish","4":"has-post-thumbnail","6":"product_cat-erotik-hoerbuecher","8":"first","9":"instock","10":"sale","11":"virtual","12":"purchasable","13":"product-type-simple"},"jetpack_sharing_enabled":true,"_links":{"self":[{"href":"https:\/\/audiobook-24.com\/en\/wp-json\/wp\/v2\/product\/1821","targetHints":{"allow":["GET"]}}],"collection":[{"href":"https:\/\/audiobook-24.com\/en\/wp-json\/wp\/v2\/product"}],"about":[{"href":"https:\/\/audiobook-24.com\/en\/wp-json\/wp\/v2\/types\/product"}],"replies":[{"embeddable":true,"href":"https:\/\/audiobook-24.com\/en\/wp-json\/wp\/v2\/comments?post=1821"}],"wp:featuredmedia":[{"embeddable":true,"href":"https:\/\/audiobook-24.com\/en\/wp-json\/wp\/v2\/media\/1822"}],"wp:attachment":[{"href":"https:\/\/audiobook-24.com\/en\/wp-json\/wp\/v2\/media?parent=1821"}],"wp:term":[{"taxonomy":"product_brand","embeddable":true,"href":"https:\/\/audiobook-24.com\/en\/wp-json\/wp\/v2\/product_brand?post=1821"},{"taxonomy":"product_cat","embeddable":true,"href":"https:\/\/audiobook-24.com\/en\/wp-json\/wp\/v2\/product_cat?post=1821"},{"taxonomy":"product_tag","embeddable":true,"href":"https:\/\/audiobook-24.com\/en\/wp-json\/wp\/v2\/product_tag?post=1821"}],"curies":[{"name":"wp","href":"https:\/\/api.w.org\/{rel}","templated":true}]}}