{"id":1819,"date":"2025-11-30T04:26:25","date_gmt":"2025-11-30T04:26:25","guid":{"rendered":"https:\/\/audiobook-24.com\/?post_type=product&#038;p=1819"},"modified":"2025-11-30T04:26:25","modified_gmt":"2025-11-30T04:26:25","slug":"%f0%9f%8e%a7-erotik-hoerbuch-roslyn-sinclair-wie-frau-eine-anwaeltin-verfuehrt","status":"publish","type":"product","link":"https:\/\/audiobook-24.com\/en\/product\/%f0%9f%8e%a7-erotik-hoerbuch-roslyn-sinclair-wie-frau-eine-anwaeltin-verfuehrt\/","title":{"rendered":"\ud83c\udfa7 Erotik H\u00f6rbuch \u2013 Roslyn Sinclair \u2013 Wie Frau eine Anw\u00e4ltin verf\u00fchrt"},"content":{"rendered":"<h1 data-start=\"121\" data-end=\"198\">\ud83c\udfa7 <strong data-start=\"126\" data-end=\"196\">Erotik H\u00f6rbuch \u2013 Roslyn Sinclair \u2013 Wie Frau eine Anw\u00e4ltin verf\u00fchrt<\/strong><\/h1>\n<h3 data-start=\"199\" data-end=\"312\">Leidenschaft, Machtspiele und verborgene Gef\u00fchle \u2013 eine sinnliche Geschichte mit klarem Kopf und hei\u00dfem Herz.<\/h3>\n<p data-start=\"314\" data-end=\"744\">In <strong data-start=\"317\" data-end=\"354\">\u201eWie Frau eine Anw\u00e4ltin verf\u00fchrt\u201c<\/strong> erz\u00e4hlt Roslyn Sinclair eine erotische Fantasie voller Spannung, N\u00e4he und prickelnder Anziehung. Im Zentrum steht eine selbstbewusste Frau, die genau wei\u00df, was \u2013 und wen \u2013 sie will. Die Begegnung mit einer brillanten, kontrollierten Anw\u00e4ltin entfacht ein Spiel aus Worten, Blicken und unterschwelligen Signalen, das sich langsam, aber unaufhaltsam zu einem sinnlichen H\u00f6hepunkt steigert.<\/p>\n<p data-start=\"746\" data-end=\"1026\">Die Geschichte lebt von emotionaler Intensit\u00e4t, starken Charakteren und dem reizvollen Kontrast zwischen Professionalit\u00e4t und verf\u00fchrerischer Versuchung. Gelesen von einer ausdrucksstarken Stimme, entfaltet das H\u00f6rbuch eine Atmosph\u00e4re, die Herz und Fantasie gleicherma\u00dfen fesselt.<\/p>\n<p data-start=\"1028\" data-end=\"1134\"><strong data-start=\"1028\" data-end=\"1134\">Ein H\u00f6rbuch f\u00fcr alle, die lesbische Erotik, kluge Figuren und langsam entfachte Leidenschaft genie\u00dfen.<\/strong><\/p>\n<hr data-start=\"1136\" data-end=\"1139\" \/>\n<h3 data-start=\"1141\" data-end=\"1175\">\ud83d\udd0a <strong data-start=\"1148\" data-end=\"1173\">Format: H\u00f6rbuch (MP3)<\/strong><\/h3>\n<p data-start=\"1177\" data-end=\"1325\">\u2b07\ufe0f Sofortiger Download f\u00fcr Handy<br data-start=\"1209\" data-end=\"1212\" \/>\u2b07\ufe0f Sofortiger Download f\u00fcr PC<br data-start=\"1241\" data-end=\"1244\" \/>\u2b07\ufe0f Sofortiger Download f\u00fcr Tablet<br data-start=\"1277\" data-end=\"1280\" \/>\u2b07\ufe0f Kompatibel mit allen MP3-f\u00e4higen Ger\u00e4ten<\/p>\n<p data-start=\"1327\" data-end=\"1364\"><strong data-start=\"1327\" data-end=\"1364\">Einmal gekauft \u2013 f\u00fcr immer deins!<\/strong><\/p>","protected":false},"excerpt":{"rendered":"<p>\ud83c\udfa7 Erotik H\u00f6rbuch \u2013 Roslyn Sinclair \u2013 Wie Frau eine Anw\u00e4ltin verf\u00fchrt Leidenschaft, Machtspiele und verborgene Gef\u00fchle \u2013 eine sinnliche Geschichte mit klarem Kopf und hei\u00dfem Herz. In \u201eWie Frau eine Anw\u00e4ltin verf\u00fchrt\u201c erz\u00e4hlt Roslyn Sinclair eine erotische Fantasie voller Spannung, N\u00e4he und prickelnder Anziehung. Im Zentrum steht eine selbstbewusste Frau, die genau wei\u00df, was [&hellip;]<\/p>\n","protected":false},"featured_media":1820,"comment_status":"open","ping_status":"closed","template":"","meta":[],"product_brand":[],"product_cat":[30],"product_tag":[],"class_list":{"0":"post-1819","1":"product","2":"type-product","3":"status-publish","4":"has-post-thumbnail","6":"product_cat-erotik-hoerbuecher","8":"first","9":"instock","10":"sale","11":"virtual","12":"purchasable","13":"product-type-simple"},"jetpack_sharing_enabled":true,"_links":{"self":[{"href":"https:\/\/audiobook-24.com\/en\/wp-json\/wp\/v2\/product\/1819","targetHints":{"allow":["GET"]}}],"collection":[{"href":"https:\/\/audiobook-24.com\/en\/wp-json\/wp\/v2\/product"}],"about":[{"href":"https:\/\/audiobook-24.com\/en\/wp-json\/wp\/v2\/types\/product"}],"replies":[{"embeddable":true,"href":"https:\/\/audiobook-24.com\/en\/wp-json\/wp\/v2\/comments?post=1819"}],"wp:featuredmedia":[{"embeddable":true,"href":"https:\/\/audiobook-24.com\/en\/wp-json\/wp\/v2\/media\/1820"}],"wp:attachment":[{"href":"https:\/\/audiobook-24.com\/en\/wp-json\/wp\/v2\/media?parent=1819"}],"wp:term":[{"taxonomy":"product_brand","embeddable":true,"href":"https:\/\/audiobook-24.com\/en\/wp-json\/wp\/v2\/product_brand?post=1819"},{"taxonomy":"product_cat","embeddable":true,"href":"https:\/\/audiobook-24.com\/en\/wp-json\/wp\/v2\/product_cat?post=1819"},{"taxonomy":"product_tag","embeddable":true,"href":"https:\/\/audiobook-24.com\/en\/wp-json\/wp\/v2\/product_tag?post=1819"}],"curies":[{"name":"wp","href":"https:\/\/api.w.org\/{rel}","templated":true}]}}